{"id":10005,"date":"2022-04-06T21:22:05","date_gmt":"2022-04-06T21:22:05","guid":{"rendered":"https:\/\/laregalenocciole.com\/igp-piemont-haselnuss\/"},"modified":"2022-10-21T15:01:35","modified_gmt":"2022-10-21T15:01:35","slug":"piemontesische-haselnuss-g-g-a","status":"publish","type":"page","link":"https:\/\/laregalenocciole.com\/de\/piemontesische-haselnuss-g-g-a\/","title":{"rendered":"Piemontesische Haselnuss g.g.A."},"content":{"rendered":"<div class=\"wpb-content-wrapper\"><p>[vc_row content_placement=&#8220;middle&#8220; woodmart_bg_position=&#8220;right-center&#8220; css=&#8220;.vc_custom_1651480812222{margin-top: -40px !important;margin-bottom: 80px !important;background-image: url(https:\/\/laregalenocciole.com\/inlavorazione\/wp-content\/uploads\/2022\/04\/NOCCIOLA_IGP_02.jpg?id=7819) !important;background-position: center !important;background-repeat: no-repeat !important;background-size: contain !important;}&#8220; woodmart_css_id=&#8220;626f98e9104b8&#8243; responsive_spacing=&#8220;eyJwYXJhbV90eXBlIjoid29vZG1hcnRfcmVzcG9uc2l2ZV9zcGFjaW5nIiwic2VsZWN0b3JfaWQiOiI2MjZmOThlOTEwNGI4Iiwic2hvcnRjb2RlIjoidmNfcm93IiwiZGF0YSI6eyJ0YWJsZXQiOnt9LCJtb2JpbGUiOnsibWFyZ2luLWJvdHRvbSI6IjYwcHgifX19&#8243; mobile_bg_img_hidden=&#8220;yes&#8220; tablet_bg_img_hidden=&#8220;yes&#8220; woodmart_parallax=&#8220;0&#8243; woodmart_gradient_switch=&#8220;no&#8220; row_reverse_mobile=&#8220;0&#8243; row_reverse_tablet=&#8220;0&#8243; woodmart_disable_overflow=&#8220;0&#8243; woodmart_box_shadow=&#8220;no&#8220; wd_z_index=&#8220;no&#8220;][vc_column width=&#8220;1\/2&#8243; css=&#8220;.vc_custom_1628760745202{padding-top: 0px !important;}&#8220; offset=&#8220;vc_col-lg-6 vc_col-xs-12&#8243; woodmart_css_id=&#8220;6114eaa4c56e2&#8243; responsive_spacing=&#8220;eyJwYXJhbV90eXBlIjoid29vZG1hcnRfcmVzcG9uc2l2ZV9zcGFjaW5nIiwic2VsZWN0b3JfaWQiOiI2MTE0ZWFhNGM1NmUyIiwic2hvcnRjb2RlIjoidmNfY29sdW1uIiwiZGF0YSI6eyJ0YWJsZXQiOnt9LCJtb2JpbGUiOnsibWFyZ2luLWJvdHRvbSI6IjQwIn19fQ==&#8220; parallax_scroll=&#8220;no&#8220; mobile_bg_img_hidden=&#8220;no&#8220; tablet_bg_img_hidden=&#8220;no&#8220; woodmart_parallax=&#8220;0&#8243; woodmart_sticky_column=&#8220;false&#8220; mobile_reset_margin=&#8220;no&#8220; tablet_reset_margin=&#8220;no&#8220;]\t\t<div id=\"wd-62c56458bbe8d\" class=\"wd-image wd-wpb wd-rs-62c56458bbe8d text-left vc_custom_1657103458478\">\n\t\t\t\n\t\t\t<img loading=\"lazy\" decoding=\"async\" width=\"899\" height=\"1113\" src=\"https:\/\/laregalenocciole.com\/wp-content\/uploads\/2022\/07\/NOCCIOLA_IGP_02.jpg\" class=\"attachment-full size-full\" alt=\"\" srcset=\"https:\/\/laregalenocciole.com\/wp-content\/uploads\/2022\/07\/NOCCIOLA_IGP_02.jpg 899w, https:\/\/laregalenocciole.com\/wp-content\/uploads\/2022\/07\/NOCCIOLA_IGP_02-430x532.jpg 430w, https:\/\/laregalenocciole.com\/wp-content\/uploads\/2022\/07\/NOCCIOLA_IGP_02-150x186.jpg 150w, https:\/\/laregalenocciole.com\/wp-content\/uploads\/2022\/07\/NOCCIOLA_IGP_02-700x867.jpg 700w, https:\/\/laregalenocciole.com\/wp-content\/uploads\/2022\/07\/NOCCIOLA_IGP_02-242x300.jpg 242w, https:\/\/laregalenocciole.com\/wp-content\/uploads\/2022\/07\/NOCCIOLA_IGP_02-646x800.jpg 646w, https:\/\/laregalenocciole.com\/wp-content\/uploads\/2022\/07\/NOCCIOLA_IGP_02-768x951.jpg 768w, https:\/\/laregalenocciole.com\/wp-content\/uploads\/2022\/07\/NOCCIOLA_IGP_02-860x1065.jpg 860w\" sizes=\"auto, (max-width: 899px) 100vw, 899px\" \/>\n\t\t\t\t\t<\/div>\n\t\t[\/vc_column][vc_column width=&#8220;1\/2&#8243; woodmart_bg_position=&#8220;right-center&#8220; css=&#8220;.vc_custom_1628761398709{margin-bottom: 140px !important;padding-top: 0px !important;padding-right: 15px !important;padding-left: 15px !important;background-position: 0 0 !important;background-repeat: no-repeat !important;}&#8220; offset=&#8220;vc_col-lg-4 vc_col-md-6 vc_col-xs-12&#8243; woodmart_css_id=&#8220;6114ed2d334db&#8220; responsive_spacing=&#8220;eyJwYXJhbV90eXBlIjoid29vZG1hcnRfcmVzcG9uc2l2ZV9zcGFjaW5nIiwic2VsZWN0b3JfaWQiOiI2MTE0ZWQyZDMzNGRiIiwic2hvcnRjb2RlIjoidmNfY29sdW1uIiwiZGF0YSI6eyJ0YWJsZXQiOnsibWFyZ2luLWJvdHRvbSI6IjAifSwibW9iaWxlIjp7fX19&#8243; parallax_scroll=&#8220;no&#8220; mobile_bg_img_hidden=&#8220;no&#8220; tablet_bg_img_hidden=&#8220;no&#8220; woodmart_parallax=&#8220;0&#8243; woodmart_sticky_column=&#8220;false&#8220; mobile_reset_margin=&#8220;no&#8220; tablet_reset_margin=&#8220;no&#8220;]\n\t\t<div id=\"wd-6352b37025e89\" class=\"title-wrapper wd-wpb wd-set-mb reset-last-child  wd-rs-6352b37025e89 wd-title-color-default wd-title-style-default text-left vc_custom_1666364282504 wd-underline-colored\">\n\t\t\t\n\t\t\t<div class=\"liner-continer\">\n\t\t\t\t<h4 class=\"woodmart-title-container title  wd-font-weight- wd-fontsize-l\" >Piemontesische Haselnuss g.g.A.<\/h4>\n\t\t\t\t\t\t\t<\/div>\n\t\t\t\n\t\t\t\n\t\t\t\n\t\t<\/div>\n\t\t\n\t\t\t\t<div id=\"wd-6352b3860a6e2\" class=\"wd-text-block wd-wpb reset-last-child wd-rs-6352b3860a6e2 text-left wd-font-weight-600 color-primary wd-fontsize-custom font-primary vc_custom_1666364301301\">\n\t\t\t<p>Die weltber\u00fchmte Sorte der Haselnuss<\/p>\n\t\t<\/div>\n\t\t\t\t<div id=\"wd-626bedcf230f3\" class=\"wd-text-block wd-wpb reset-last-child wd-rs-626bedcf230f3 text-left wd-fontsize-custom vc_custom_1651240422544\">\n\t\t\t<p>Die <strong>Tonda Gentile Trilobata-Haselnuss<\/strong> (oder IGP-Haselnuss aus dem Piemont) ist aufgrund ihrer einzigartigen Eigenschaften, ihres perfekt ausgewogenen Geschmacks und ihrer kugelf\u00f6rmigen Form mit zartem und duftendem Fruchtfleisch als die beste der Welt anerkannt.<\/p>\n\t\t<\/div>\n\t\t[vc_row_inner][vc_column_inner width=&#8220;1\/2&#8243; css=&#8220;.vc_custom_1533221600357{margin-bottom: 30px !important;padding-top: 0px !important;}&#8220; offset=&#8220;vc_col-lg-6 vc_col-md-6 vc_col-xs-6&#8243;][\/vc_column_inner][vc_column_inner width=&#8220;1\/2&#8243; css=&#8220;.vc_custom_1533221608694{margin-bottom: 30px !important;padding-top: 0px !important;}&#8220; offset=&#8220;vc_col-lg-6 vc_col-md-6 vc_col-xs-6&#8243;][\/vc_column_inner][\/vc_row_inner]<div id=\"wd-6352af99cde74\" class=\" wd-rs-6352af99cde74  wd-button-wrapper text-left\"><a href=\"https:\/\/laregalenocciole.com\/de\/shop\/\" title=\"Alle Produkte\" style=\"--btn-color:#fff;--btn-color-hover:#fff;\" class=\"btn btn-style-default btn-shape-semi-round btn-size-small\">ENTDECKEN SIE UNSERE PRODUKTE<\/a><\/div>[\/vc_column][\/vc_row][vc_row content_placement=&#8220;top&#8220;][vc_column width=&#8220;1\/2&#8243;]\t\t<div id=\"wd-626bf4e5118f8\" class=\"wd-text-block wd-wpb reset-last-child wd-rs-626bf4e5118f8 text-left \">\n\t\t\t<h3>PGI-Zertifizierung<\/h3>\n<p>Die IGP Piemont-Haselnuss unterliegt einer Produktionsverordnung, in der die Merkmale des Erzeugnisses, von der Sorte bis zum Anbaugebiet, die Anbausysteme, die Vermarktung und die Etikettierung festgelegt sind.<br \/>\n1993 wurde die Tonda Gentile delle Langhe durch ein Ministerialdekret vom 2. Dezember 1993 im Rahmen der erweiterten Definition der <strong>piemontesischen Haselnuss<\/strong> als IGP (gesch\u00fctzte geografische Angabe) zertifiziert.<\/p>\n<blockquote>\n<h3>Elixier des langen Lebens!<\/h3>\n<p>Das ist nicht nur gut, sondern auch gut f\u00fcr Ihre Gesundheit.\n<\/p><\/blockquote>\n<p>Erstens enth\u00e4lt die Haselnuss eine betr\u00e4chtliche Anzahl essenzieller Aminos\u00e4uren sowie Vitamin E (ein starkes Antioxidans) und \u00d6ls\u00e4ure (die gleiche Substanz, die auch in nativem Oliven\u00f6l extra enthalten ist). Es hat den Anschein, dass eine Ern\u00e4hrung mit einem hohen Anteil an \u00d6ls\u00e4ure den Spiegel des ber\u00fchmten &#8222;schlechten&#8220; Cholesterins niedrig h\u00e4lt und gleichzeitig den Spiegel des &#8222;guten&#8220; Cholesterins erh\u00f6ht.<br \/>\nJ\u00fcngste Studien haben gezeigt, dass der regelm\u00e4\u00dfige Verzehr von IGP-Haseln\u00fcssen aus dem Piemont (30 bis 40 Gramm pro Tag) dazu beitr\u00e4gt, gesund und fit zu bleiben.<\/p>\n\t\t<\/div>\n\t\t\t\t<div id=\"wd-626bf625504e0\" class=\"wd-text-block wd-wpb reset-last-child wd-rs-626bf625504e0 text-left wd-width-enabled wd-fontsize-custom vc_custom_1651242551275\" style=\"--wd-max-width: 90%;\">\n\t\t\t<h3>Im Altertum<\/h3>\n<p>Seit der Antike ist der Kern ein Symbol f\u00fcr Wohlbefinden und Gl\u00fcck.<br \/>\nIm alten Rom war es \u00fcblich, Haselnusspflanzen als Gl\u00fccksbringer zu verschenken. Das Gleiche gilt f\u00fcr Frankreich, wo die Pflanze als Fruchtbarkeitssymbol an Frischverm\u00e4hlte verschenkt wurde. Das Symbol des Gottes \u00c4skulap &#8211; und der heutigen Apotheker &#8211; ist n\u00e4mlich ein Haselzweig, um den sich zwei Schlangen winden.<\/p>\n\t\t<\/div>\n\t\t[\/vc_column][vc_column width=&#8220;1\/2&#8243; css=&#8220;.vc_custom_1490694541710{padding-top: 0px !important;}&#8220;][vc_row_inner content_placement=&#8220;top&#8220;][vc_column_inner css=&#8220;.vc_custom_1490695008312{margin-bottom: 20px !important;}&#8220;]\t\t\t<div class=\"info-box-wrapper\">\n\t\t\t\t<div id=\"wd-62584f5520f32\" class=\" wd-rs-62584f5520f32 wd-info-box wd-wpb text-center box-icon-align-top box-style- color-scheme- wd-bg-none vc_custom_1649954663542\">\n\t\t\t\t\t\t\t\t\t\t\t<div class=\"box-icon-wrapper  box-with-icon box-icon-simple\">\n\t\t\t\t\t\t\t<div class=\"info-box-icon\">\n\n\t\t\t\t\t\t\t\n\t\t\t\t\t\t\t\t\t\t\t\t\t\t\t\t\t<img loading=\"lazy\" decoding=\"async\" width=\"300\" height=\"300\" src=\"https:\/\/laregalenocciole.com\/wp-content\/uploads\/2022\/04\/CERTIFICATI_IGP_01.png\" class=\"attachment-200X200 size-200X200\" alt=\"\" srcset=\"https:\/\/laregalenocciole.com\/wp-content\/uploads\/2022\/04\/CERTIFICATI_IGP_01.png 300w, https:\/\/laregalenocciole.com\/wp-content\/uploads\/2022\/04\/CERTIFICATI_IGP_01-150x150.png 150w\" sizes=\"auto, (max-width: 300px) 100vw, 300px\" \/>\t\t\t\t\t\t\t\t\t\t\t\t\t\t\t\n\t\t\t\t\t\t\t<\/div>\n\t\t\t\t\t\t<\/div>\n\t\t\t\t\t\t\t\t\t\t<div class=\"info-box-content\">\n\t\t\t\t\t\t<h4 class=\"info-box-title title box-title-style-default wd-fontsize-s\">IGP Piemont Haselnuss aus den Langhe<\/h4>\t\t\t\t\t\t<div class=\"info-box-inner reset-last-child\"><\/p>\n<p style=\"text-align: center;\">Die Mitteilung des Ministeriums f\u00fcr Landwirtschaft, Ern\u00e4hrung und Forstwirtschaft vom 19.09.2019 wurde von der Europ\u00e4ischen Union endg\u00fcltig genehmigt.<\/p>\n<p>\n<\/div>\n\n\t\t\t\t\t\t\t\t\t\t\t<\/div>\n\n\t\t\t\t\t\n\t\t\t\t\t\t\t\t\t<\/div>\n\t\t\t<\/div>\n\t\t[\/vc_column_inner][\/vc_row_inner][\/vc_column][\/vc_row][vc_row full_width=&#8220;stretch_row_content_no_spaces&#8220; equal_height=&#8220;yes&#8220; responsive_tabs_advanced=&#8220;mobile&#8220; css=&#8220;.vc_custom_1636033944162{margin-bottom: 70px !important;padding-right: 5% !important;}&#8220; wd_z_index=&#8220;no&#8220; woodmart_css_id=&#8220;6183e58e6510d&#8220; responsive_spacing=&#8220;eyJwYXJhbV90eXBlIjoid29vZG1hcnRfcmVzcG9uc2l2ZV9zcGFjaW5nIiwic2VsZWN0b3JfaWQiOiI2MTgzZTU4ZTY1MTBkIiwic2hvcnRjb2RlIjoidmNfcm93IiwiZGF0YSI6eyJ0YWJsZXQiOnsibWFyZ2luLWJvdHRvbSI6IjUwcHgifSwibW9iaWxlIjp7Im1hcmdpbi1ib3R0b20iOiIzMHB4IiwicGFkZGluZy1yaWdodCI6IjBweCJ9fX0=&#8220; mobile_bg_img_hidden=&#8220;no&#8220; tablet_bg_img_hidden=&#8220;no&#8220; woodmart_parallax=&#8220;0&#8243; woodmart_gradient_switch=&#8220;no&#8220; row_reverse_mobile=&#8220;1&#8243; row_reverse_tablet=&#8220;1&#8243; woodmart_disable_overflow=&#8220;0&#8243; woodmart_box_shadow=&#8220;no&#8220;][vc_column woodmart_sticky_column_offset=&#8220;150&#8243; woodmart_sticky_column=&#8220;true&#8220; css=&#8220;.vc_custom_1629815662255{padding-top: 60px !important;padding-right: 5% !important;padding-left: 7% !important;}&#8220; offset=&#8220;vc_col-lg-offset-1 vc_col-lg-5 vc_col-md-offset-1 vc_col-md-8 vc_col-xs-12&#8243; wd_z_index=&#8220;no&#8220; woodmart_css_id=&#8220;6125036495fca&#8220; responsive_spacing=&#8220;eyJwYXJhbV90eXBlIjoid29vZG1hcnRfcmVzcG9uc2l2ZV9zcGFjaW5nIiwic2VsZWN0b3JfaWQiOiI2MTI1MDM2NDk1ZmNhIiwic2hvcnRjb2RlIjoidmNfY29sdW1uIiwiZGF0YSI6eyJ0YWJsZXQiOnt9LCJtb2JpbGUiOnsicGFkZGluZy10b3AiOiIwIiwicGFkZGluZy1yaWdodCI6IjE1IiwicGFkZGluZy1ib3R0b20iOiI2MCIsInBhZGRpbmctbGVmdCI6IjE1In19fQ==&#8220; parallax_scroll=&#8220;no&#8220; mobile_bg_img_hidden=&#8220;no&#8220; tablet_bg_img_hidden=&#8220;no&#8220; woodmart_parallax=&#8220;0&#8243; mobile_reset_margin=&#8220;no&#8220; tablet_reset_margin=&#8220;no&#8220;]\n\t\t<div id=\"wd-626bfe3d0da1e\" class=\"title-wrapper wd-wpb wd-set-mb reset-last-child  wd-rs-626bfe3d0da1e wd-title-color-default wd-title-style-default text-left vc_custom_1651244625853 wd-underline-colored\">\n\t\t\t\t\t\t\t\n\t\t\t\t<div class=\"title-subtitle  subtitle-color-default font-default subtitle-style-default wd-font-weight- wd-fontsize-m\">Symbol f\u00fcr Weisheit und Kommunikation<\/div>\n\t\t\t\n\t\t\t<div class=\"liner-continer\">\n\t\t\t\t<h4 class=\"woodmart-title-container title  wd-font-weight-600 wd-fontsize-xxxl\" >Ein magischer Baum.<\/h4>\n\t\t\t\t\t\t\t<\/div>\n\t\t\t\n\t\t\t\n\t\t\t\n\t\t<\/div>\n\t\t\n\t\t\t\t<div id=\"wd-626bf2a23d28d\" class=\"wd-text-block wd-wpb reset-last-child wd-rs-626bf2a23d28d text-left color-title wd-fontsize-custom \">\n\t\t\t<p>Die Hasel gilt seit jeher als Zauberbaum.<\/p>\n\t\t<\/div>\n\t\t\t\t<div id=\"wd-626bf6bd83cab\" class=\"wd-text-block wd-wpb reset-last-child wd-rs-626bf6bd83cab text-left wd-width-enabled wd-fontsize-custom vc_custom_1651242718800\" style=\"--wd-max-width: 90%;\">\n\t\t\t<p>Der Haselnussbaum gilt seit jeher als magischer Baum. So nutzten die piemontesischen W\u00fcnschelruteng\u00e4nger Haselzweige, um Quellen zu finden und anschlie\u00dfend Brunnen in den Bauernh\u00f6fen zu bauen, und auch die masche (piemontesische Hexen) verwendeten Haselzweige, um ihr baculum, ihren Zauberstab, herzustellen.<br \/>\nDie Hasel galt als Symbol f\u00fcr Heilung, Weisheit und Kommunikation. Der G\u00f6tterbote Hermes trug einen Haselnussstab, den Caduceus. Sp\u00e4ter wurde dieser Stab in den H\u00e4nden des \u00c4skulap, mit zwei Schlangen umwickelt und ist noch heute das Symbol der Medizin. Auch f\u00fcr die Kelten stellt diese Pflanze den Baum des Wissens dar, der die sensorischen Aktivit\u00e4ten steigert und zu einer solchen Klarheit und Geistesgegenwart f\u00fchrt, dass Zauberspr\u00fcche funktionieren: Ihr Holz wurde n\u00e4mlich zur Herstellung von Zauberst\u00e4ben, aber auch von Ruteng\u00e4ngern verwendet. Dieser Baum war auch ein Symbol der Fruchtbarkeit und des \u00dcberflusses, und seine Bl\u00e4tter wurden an Tiere verf\u00fcttert, um deren Fruchtbarkeit zu steigern.<\/p>\n\t\t<\/div>\n\t\t<div id=\"wd-6352aff905287\" class=\" wd-rs-6352aff905287  wd-button-wrapper text-left\"><a href=\"https:\/\/laregalenocciole.com\/de\/shop\/\" title=\"Alle Produkte\" style=\"--btn-color:#fff;--btn-color-hover:#fff;\" class=\"btn btn-style-default btn-shape-semi-round btn-size-default\">ENTDECKEN SIE UNSERE PRODUKTE<\/a><\/div>[\/vc_column][vc_column offset=&#8220;vc_col-lg-6 vc_col-md-12 vc_col-xs-12&#8243; css=&#8220;.vc_custom_1629815080795{padding-top: 0px !important;}&#8220; wd_z_index=&#8220;no&#8220; woodmart_css_id=&#8220;612501271adc4&#8243; responsive_spacing=&#8220;eyJwYXJhbV90eXBlIjoid29vZG1hcnRfcmVzcG9uc2l2ZV9zcGFjaW5nIiwic2VsZWN0b3JfaWQiOiI2MTI1MDEyNzFhZGM0Iiwic2hvcnRjb2RlIjoidmNfY29sdW1uIiwiZGF0YSI6eyJ0YWJsZXQiOnt9LCJtb2JpbGUiOnt9fX0=&#8220; parallax_scroll=&#8220;no&#8220; mobile_bg_img_hidden=&#8220;no&#8220; tablet_bg_img_hidden=&#8220;no&#8220; woodmart_parallax=&#8220;0&#8243; woodmart_sticky_column=&#8220;false&#8220; mobile_reset_margin=&#8220;no&#8220; tablet_reset_margin=&#8220;no&#8220;][vc_row_inner][vc_column_inner css=&#8220;.vc_custom_1629815390751{padding-right: 15px !important;padding-left: 15px !important;}&#8220; wd_z_index=&#8220;no&#8220; woodmart_css_id=&#8220;6125025ae3b46&#8243; responsive_spacing=&#8220;eyJwYXJhbV90eXBlIjoid29vZG1hcnRfcmVzcG9uc2l2ZV9zcGFjaW5nIiwic2VsZWN0b3JfaWQiOiI2MTI1MDI1YWUzYjQ2Iiwic2hvcnRjb2RlIjoidmNfY29sdW1uX2lubmVyIiwiZGF0YSI6eyJ0YWJsZXQiOnt9LCJtb2JpbGUiOnt9fX0=&#8220;][vc_single_image image=&#8220;8230&#8243; img_size=&#8220;708 x 525&#8243; alignment=&#8220;center&#8220; parallax_scroll=&#8220;no&#8220; woodmart_inline=&#8220;no&#8220;][\/vc_column_inner][\/vc_row_inner][\/vc_column][\/vc_row]<\/p>\n<\/div>","protected":false},"excerpt":{"rendered":"<p>[vc_row content_placement=&#8220;middle&#8220; woodmart_bg_position=&#8220;right-center&#8220; css=&#8220;.vc_custom_1651480812222{margin-top: -40px !important;margin-bottom: 80px !important;background-image: url(https:\/\/laregalenocciole.com\/inlavorazione\/wp-content\/uploads\/2022\/04\/NOCCIOLA_IGP_02.jpg?id=7819) !important;background-position: center !important;background-repeat: no-repeat !important;background-size: contain !important;}&#8220; woodmart_css_id=&#8220;626f98e9104b8&#8243; responsive_spacing=&#8220;eyJwYXJhbV90eXBlIjoid29vZG1hcnRfcmVzcG9uc2l2ZV9zcGFjaW5nIiwic2VsZWN0b3JfaWQiOiI2MjZmOThlOTEwNGI4Iiwic2hvcnRjb2RlIjoidmNfcm93IiwiZGF0YSI6eyJ0YWJsZXQiOnt9LCJtb2JpbGUiOnsibWFyZ2luLWJvdHRvbSI6IjYwcHgifX19&#8243; mobile_bg_img_hidden=&#8220;yes&#8220; tablet_bg_img_hidden=&#8220;yes&#8220;<\/p>\n","protected":false},"author":1,"featured_media":0,"parent":0,"menu_order":-6,"comment_status":"closed","ping_status":"closed","template":"","meta":{"footnotes":""},"class_list":["post-10005","page","type-page","status-publish","hentry"],"_links":{"self":[{"href":"https:\/\/laregalenocciole.com\/de\/wp-json\/wp\/v2\/pages\/10005","targetHints":{"allow":["GET"]}}],"collection":[{"href":"https:\/\/laregalenocciole.com\/de\/wp-json\/wp\/v2\/pages"}],"about":[{"href":"https:\/\/laregalenocciole.com\/de\/wp-json\/wp\/v2\/types\/page"}],"author":[{"embeddable":true,"href":"https:\/\/laregalenocciole.com\/de\/wp-json\/wp\/v2\/users\/1"}],"replies":[{"embeddable":true,"href":"https:\/\/laregalenocciole.com\/de\/wp-json\/wp\/v2\/comments?post=10005"}],"version-history":[{"count":6,"href":"https:\/\/laregalenocciole.com\/de\/wp-json\/wp\/v2\/pages\/10005\/revisions"}],"predecessor-version":[{"id":11143,"href":"https:\/\/laregalenocciole.com\/de\/wp-json\/wp\/v2\/pages\/10005\/revisions\/11143"}],"wp:attachment":[{"href":"https:\/\/laregalenocciole.com\/de\/wp-json\/wp\/v2\/media?parent=10005"}],"curies":[{"name":"wp","href":"https:\/\/api.w.org\/{rel}","templated":true}]}}