{"id":10022,"date":"2022-07-07T21:23:35","date_gmt":"2022-07-07T21:23:35","guid":{"rendered":"https:\/\/laregalenocciole.com\/zahlungsarten\/"},"modified":"2022-10-19T21:55:51","modified_gmt":"2022-10-19T21:55:51","slug":"zahlungsmethoden","status":"publish","type":"page","link":"https:\/\/laregalenocciole.com\/de\/zahlungsmethoden\/","title":{"rendered":"Zahlungsmethoden"},"content":{"rendered":"<div class=\"wpb-content-wrapper\"><p>[vc_row css=&#8220;.vc_custom_1629811873442{margin-bottom: 80px !important;}&#8220; wd_z_index=&#8220;no&#8220; woodmart_css_id=&#8220;6124f49c368cf&#8220; responsive_spacing=&#8220;eyJwYXJhbV90eXBlIjoid29vZG1hcnRfcmVzcG9uc2l2ZV9zcGFjaW5nIiwic2VsZWN0b3JfaWQiOiI2MTI0ZjQ5YzM2OGNmIiwic2hvcnRjb2RlIjoidmNfcm93IiwiZGF0YSI6eyJ0YWJsZXQiOnt9LCJtb2JpbGUiOnsibWFyZ2luLWJvdHRvbSI6IjYwIn19fQ==&#8220; mobile_bg_img_hidden=&#8220;no&#8220; tablet_bg_img_hidden=&#8220;no&#8220; woodmart_parallax=&#8220;0&#8243; woodmart_gradient_switch=&#8220;no&#8220; row_reverse_mobile=&#8220;0&#8243; row_reverse_tablet=&#8220;0&#8243; woodmart_disable_overflow=&#8220;0&#8243;][vc_column offset=&#8220;vc_col-lg-offset-2 vc_col-lg-8 vc_col-md-offset-2 vc_col-md-8 vc_col-sm-offset-0&#8243; css=&#8220;.vc_custom_1499599304156{padding-top: 0px !important;}&#8220;]\t\t<div id=\"wd-62c74e6f708f8\" class=\"wd-text-block wd-wpb reset-last-child wd-rs-62c74e6f708f8 hidden-md hidden-sm hidden-xs text-center color-primary wd-fontsize-custom vc_custom_1657228916567\">\n\t\t\t<p><strong>PREIS, ZAHLUNGSMODALIT\u00c4TEN UND RABATTCODES<\/strong><\/p>\n\t\t<\/div>\n\t\t\t\t<div id=\"wd-62c7e49a61b51\" class=\"wd-text-block wd-wpb reset-last-child wd-rs-62c7e49a61b51 text-center wd-font-weight-300 wd-fontsize-l \">\n\t\t\t<p>Alle Preise f\u00fcr Produkte oder Dienstleistungen auf der Website enthalten die Mehrwertsteuer und andere eventuell anfallende Steuern. In allen F\u00e4llen werden die Preise in Euro (\u20ac) angegeben.<\/p>\n\t\t<\/div>\n\t\t[vc_row_inner][vc_column_inner css=&#8220;.vc_custom_1494857398526{padding-top: 0px !important;}&#8220;]\t\t<div id=\"wd-62c7e491d5812\" class=\"wd-text-block wd-wpb reset-last-child wd-rs-62c7e491d5812 text-left wd-fontsize-custom vc_custom_1657267350715\">\n\t\t\t<p>Die f\u00fcr jedes Produkt oder jede Dienstleistung angegebenen Preise enthalten nicht die Kosten f\u00fcr Versand, Bearbeitung, Verpackung, Versicherung oder andere zus\u00e4tzliche Dienstleistungen f\u00fcr das gekaufte Produkt oder die Dienstleistung, sofern nicht anders angegeben. Eventuell anfallende zus\u00e4tzliche Kosten werden dem Nutzer vor dem Abschluss des Kaufs mitgeteilt.<\/p>\n<p>F\u00fcr jedes Produkt oder jede Dienstleistung gelten die auf der Website ver\u00f6ffentlichten Preise, die im letzten Schritt des Kaufvorgangs automatisch angewendet werden. Der Nutzer akzeptiert, dass der wirtschaftliche Wert einiger der angebotenen Produkte oder Dienstleistungen in Echtzeit schwanken kann. Dies wird in jedem Fall vor der Formalisierung des Verkaufs mitgeteilt.<\/p>\n<p>Der Nutzer erkl\u00e4rt sich damit einverstanden, zum Zeitpunkt der Bestellung zu bezahlen, und kann mit jeder der auf der Website angegebenen Zahlungsarten bezahlen.<br \/>\nNach erfolgter Zahlung erh\u00e4lt der Nutzer eine E-Mail zur Best\u00e4tigung der Bestellung, die eine Zusammenfassung der gekauften Artikel, die gew\u00fcnschte Versandart und die Lieferadresse enth\u00e4lt.<\/p>\n<p>AZIENDA AGRICOLA ANDREEV ILIJA kann seinen Nutzern in regelm\u00e4\u00dfigen Abst\u00e4nden Rabattcodes anbieten. Diese Rabatte k\u00f6nnen nur gem\u00e4\u00df den von AZIENDA AGRICOLA ANDREEV ILIJA f\u00fcr jeden Code angegebenen Anweisungen angewendet werden, und in jedem Fall darf der Nutzer nur einen einzigen Code pro Bestellung verwenden.<\/p>\n<p>Die Verwendung von Rabattcodes ist mit bestimmten Werbeaktionen und Sammlungen nicht vereinbar.<\/p>\n\t\t<\/div>\n\t\t[\/vc_column_inner][\/vc_row_inner][vc_separator color=&#8220;custom&#8220; accent_color=&#8220;rgba(10,10,10,0.12)&#8220; css=&#8220;.vc_custom_1499600318751{margin-bottom: 30px !important;padding-top: 10px !important;}&#8220;][vc_row_inner content_placement=&#8220;middle&#8220; css=&#8220;.vc_custom_1499600064550{padding-top: 0px !important;}&#8220;][vc_column_inner width=&#8220;1\/2&#8243; css=&#8220;.vc_custom_1499599961071{margin-bottom: 20px !important;padding-top: 0px !important;}&#8220;]\t\t<div id=\"wd-63507254f0ec3\" class=\"wd-text-block wd-wpb reset-last-child wd-rs-63507254f0ec3 text-left vc_custom_1666216547510\">\n\t\t\t<p><small><a href=\"https:\/\/laregalenocciole.com\/de\/\"><br \/>\n<strong>LA REGALE<\/strong><br \/>\n<\/a> <i class=\"fa fa-copyright\"><\/i> 2022 POWERED BY <a href=\"https:\/\/iconagraphic.com\/\"><br \/>\n<strong>IconaGraphic<\/strong><br \/>\n<\/a>. HOCHWERTIGE L\u00d6SUNGEN F\u00dcR DEN ELEKTRONISCHEN HANDEL.<\/small><\/p>\n\t\t<\/div>\n\t\t[\/vc_column_inner][vc_column_inner width=&#8220;1\/2&#8243; css=&#8220;.vc_custom_1499599970647{margin-bottom: 20px !important;padding-top: 0px !important;}&#8220;]\t\t\t<div\n\t\t\t\t\t\tclass=\" wd-rs-62c747ca858b4 wd-social-icons  wd-style-bordered wd-size-small social-follow wd-shape-circle text-right\">\n\t\t\t\t\n\t\t\t\t\n\t\t\t\t\t\t\t\t\t<a rel=\"noopener noreferrer nofollow\" href=\"https:\/\/it-it.facebook.com\/laregalenocciole\" target=\"_blank\" class=\" wd-social-icon social-facebook\" aria-label=\"Facebook social link\">\n\t\t\t\t\t\t<span class=\"wd-icon\"><\/span>\n\t\t\t\t\t\t\t\t\t\t\t<\/a>\n\t\t\t\t\n\t\t\t\t\n\t\t\t\t\n\t\t\t\t\n\t\t\t\t\n\t\t\t\t\n\t\t\t\t\t\t\t\t\t<a rel=\"noopener noreferrer nofollow\" href=\"https:\/\/youtu.be\/G_fmRRgQMdQ\" target=\"_blank\" class=\" wd-social-icon social-youtube\" aria-label=\"YouTube social link\">\n\t\t\t\t\t\t<span class=\"wd-icon\"><\/span>\n\t\t\t\t\t\t\t\t\t\t\t<\/a>\n\t\t\t\t\n\t\t\t\t\n\t\t\t\t\n\t\t\t\t\n\t\t\t\t\n\t\t\t\t\n\t\t\t\t\n\t\t\t\t\n\t\t\t\t\n\t\t\t\t\n\t\t\t\t\n\t\t\t\t\n\t\t\t\t\n\t\t\t\t\n\t\t\t\t\n\t\t\t\t\n\t\t\t\t\n\t\t\t\t\n\t\t\t\t\n\t\t\t\t\n\t\t\t<\/div>\n\n\t\t[\/vc_column_inner][\/vc_row_inner][\/vc_column][\/vc_row]<\/p>\n<\/div>","protected":false},"excerpt":{"rendered":"<p>[vc_row css=&#8220;.vc_custom_1629811873442{margin-bottom: 80px !important;}&#8220; wd_z_index=&#8220;no&#8220; woodmart_css_id=&#8220;6124f49c368cf&#8220; responsive_spacing=&#8220;eyJwYXJhbV90eXBlIjoid29vZG1hcnRfcmVzcG9uc2l2ZV9zcGFjaW5nIiwic2VsZWN0b3JfaWQiOiI2MTI0ZjQ5YzM2OGNmIiwic2hvcnRjb2RlIjoidmNfcm93IiwiZGF0YSI6eyJ0YWJsZXQiOnt9LCJtb2JpbGUiOnsibWFyZ2luLWJvdHRvbSI6IjYwIn19fQ==&#8220; mobile_bg_img_hidden=&#8220;no&#8220; tablet_bg_img_hidden=&#8220;no&#8220; woodmart_parallax=&#8220;0&#8243; woodmart_gradient_switch=&#8220;no&#8220; row_reverse_mobile=&#8220;0&#8243; row_reverse_tablet=&#8220;0&#8243; woodmart_disable_overflow=&#8220;0&#8243;][vc_column offset=&#8220;vc_col-lg-offset-2 vc_col-lg-8 vc_col-md-offset-2 vc_col-md-8 vc_col-sm-offset-0&#8243; css=&#8220;.vc_custom_1499599304156{padding-top:<\/p>\n","protected":false},"author":1,"featured_media":0,"parent":0,"menu_order":-18,"comment_status":"closed","ping_status":"closed","template":"","meta":{"footnotes":""},"class_list":["post-10022","page","type-page","status-publish","hentry"],"_links":{"self":[{"href":"https:\/\/laregalenocciole.com\/de\/wp-json\/wp\/v2\/pages\/10022","targetHints":{"allow":["GET"]}}],"collection":[{"href":"https:\/\/laregalenocciole.com\/de\/wp-json\/wp\/v2\/pages"}],"about":[{"href":"https:\/\/laregalenocciole.com\/de\/wp-json\/wp\/v2\/types\/page"}],"author":[{"embeddable":true,"href":"https:\/\/laregalenocciole.com\/de\/wp-json\/wp\/v2\/users\/1"}],"replies":[{"embeddable":true,"href":"https:\/\/laregalenocciole.com\/de\/wp-json\/wp\/v2\/comments?post=10022"}],"version-history":[{"count":14,"href":"https:\/\/laregalenocciole.com\/de\/wp-json\/wp\/v2\/pages\/10022\/revisions"}],"predecessor-version":[{"id":11105,"href":"https:\/\/laregalenocciole.com\/de\/wp-json\/wp\/v2\/pages\/10022\/revisions\/11105"}],"wp:attachment":[{"href":"https:\/\/laregalenocciole.com\/de\/wp-json\/wp\/v2\/media?parent=10022"}],"curies":[{"name":"wp","href":"https:\/\/api.w.org\/{rel}","templated":true}]}}