{"id":10032,"date":"2022-07-07T21:27:09","date_gmt":"2022-07-07T21:27:09","guid":{"rendered":"https:\/\/laregalenocciole.com\/versand-und-lieferung\/"},"modified":"2022-10-19T21:54:51","modified_gmt":"2022-10-19T21:54:51","slug":"versand-und-lieferung","status":"publish","type":"page","link":"https:\/\/laregalenocciole.com\/de\/versand-und-lieferung\/","title":{"rendered":"Versand und Lieferung"},"content":{"rendered":"<div class=\"wpb-content-wrapper\"><p>[vc_row css=&#8220;.vc_custom_1629811873442{margin-bottom: 80px !important;}&#8220; wd_z_index=&#8220;no&#8220; woodmart_css_id=&#8220;6124f49c368cf&#8220; responsive_spacing=&#8220;eyJwYXJhbV90eXBlIjoid29vZG1hcnRfcmVzcG9uc2l2ZV9zcGFjaW5nIiwic2VsZWN0b3JfaWQiOiI2MTI0ZjQ5YzM2OGNmIiwic2hvcnRjb2RlIjoidmNfcm93IiwiZGF0YSI6eyJ0YWJsZXQiOnt9LCJtb2JpbGUiOnsibWFyZ2luLWJvdHRvbSI6IjYwIn19fQ==&#8220; mobile_bg_img_hidden=&#8220;no&#8220; tablet_bg_img_hidden=&#8220;no&#8220; woodmart_parallax=&#8220;0&#8243; woodmart_gradient_switch=&#8220;no&#8220; row_reverse_mobile=&#8220;0&#8243; row_reverse_tablet=&#8220;0&#8243; woodmart_disable_overflow=&#8220;0&#8243;][vc_column offset=&#8220;vc_col-lg-offset-2 vc_col-lg-8 vc_col-md-offset-2 vc_col-md-8 vc_col-sm-offset-0&#8243; css=&#8220;.vc_custom_1499599304156{padding-top: 0px !important;}&#8220;]\t\t<div id=\"wd-62c74f2b32579\" class=\"wd-text-block wd-wpb reset-last-child wd-rs-62c74f2b32579 hidden-md hidden-sm hidden-xs text-center color-primary wd-fontsize-custom vc_custom_1657229105589\">\n\t\t\t<p><strong>ZEIT UND ORT DER LIEFERUNG<\/strong><\/p>\n\t\t<\/div>\n\t\t\t\t<div id=\"wd-62c7e6c106ddf\" class=\"wd-text-block wd-wpb reset-last-child wd-rs-62c7e6c106ddf text-center wd-font-weight-300 wd-fontsize-l \">\n\t\t\t<p>Die <strong>Azienda Agricola ANDREEV ILIJA<\/strong> liefert die Bestellungen an die vom Benutzer im Kaufformular angegebene Adresse.<\/p>\n\t\t<\/div>\n\t\t[vc_row_inner][vc_column_inner css=&#8220;.vc_custom_1494857398526{padding-top: 0px !important;}&#8220;]\t\t<div id=\"wd-62c7e6c930f92\" class=\"wd-text-block wd-wpb reset-last-child wd-rs-62c7e6c930f92 text-left wd-fontsize-custom vc_custom_1657267934589\">\n\t\t\t<p><strong>Azienda Agricola ANDREEV ILIJA<\/strong> \u00fcbernimmt keine Haftung, wenn Bestellungen aufgrund falscher, ungenauer oder unvollst\u00e4ndiger Angaben des Nutzers oder aus anderen, dem Nutzer zuzurechnenden Gr\u00fcnden nicht geliefert werden.<\/p>\n<p>Azienda <strong>Agricola ANDREEV ILIJA<\/strong> wird alle erforderlichen Ma\u00dfnahmen ergreifen, damit die Lieferung innerhalb der vereinbarten Frist erfolgen kann. Azienda <strong>Agricola ANDREEV ILIJA<\/strong> betrachtet die Best\u00e4tigung der Zahlung, durch eines der aktivierten Systeme, als notwendige Bedingung, um die Lieferbedingungen einhalten zu k\u00f6nnen. Die dem Nutzer angegebenen Zeiten sind jedoch eine Sch\u00e4tzung und k\u00f6nnen aus logistischen Gr\u00fcnden oder wegen h\u00f6herer Gewalt variieren.<\/p>\n<p>Die Lieferung gilt ab dem Zeitpunkt als erfolgt, an dem <strong>Azienda Agricola ANDREEV ILIJA<\/strong> oder das von ihr beauftragte Transportunternehmen das Produkt dem Nutzer zur Verf\u00fcgung stellt.<\/p>\n\t\t<\/div>\n\t\t[\/vc_column_inner][\/vc_row_inner][vc_separator color=&#8220;custom&#8220; accent_color=&#8220;rgba(10,10,10,0.12)&#8220; css=&#8220;.vc_custom_1499600318751{margin-bottom: 30px !important;padding-top: 10px !important;}&#8220;][vc_row_inner content_placement=&#8220;middle&#8220; css=&#8220;.vc_custom_1499600064550{padding-top: 0px !important;}&#8220;][vc_column_inner width=&#8220;1\/2&#8243; css=&#8220;.vc_custom_1499599961071{margin-bottom: 20px !important;padding-top: 0px !important;}&#8220;]\t\t<div id=\"wd-6350721432a00\" class=\"wd-text-block wd-wpb reset-last-child wd-rs-6350721432a00 text-left vc_custom_1666216484094\">\n\t\t\t<p><small><a href=\"https:\/\/laregalenocciole.com\/de\/\"><br \/>\n<strong>LA REGALE<\/strong><br \/>\n<\/a> <i class=\"fa fa-copyright\"><\/i> 2022 POWERED BY <a href=\"https:\/\/iconagraphic.com\/\"><br \/>\n<strong>IconaGraphic<\/strong><br \/>\n<\/a>. HOCHWERTIGE L\u00d6SUNGEN F\u00dcR DEN ELEKTRONISCHEN HANDEL.<\/small><\/p>\n\t\t<\/div>\n\t\t[\/vc_column_inner][vc_column_inner width=&#8220;1\/2&#8243; css=&#8220;.vc_custom_1499599970647{margin-bottom: 20px !important;padding-top: 0px !important;}&#8220;]\t\t\t<div\n\t\t\t\t\t\tclass=\" wd-rs-62c747ca858b4 wd-social-icons  wd-style-bordered wd-size-small social-follow wd-shape-circle text-right\">\n\t\t\t\t\n\t\t\t\t\n\t\t\t\t\t\t\t\t\t<a rel=\"noopener noreferrer nofollow\" href=\"https:\/\/it-it.facebook.com\/laregalenocciole\" target=\"_blank\" class=\" wd-social-icon social-facebook\" aria-label=\"Facebook social link\">\n\t\t\t\t\t\t<span class=\"wd-icon\"><\/span>\n\t\t\t\t\t\t\t\t\t\t\t<\/a>\n\t\t\t\t\n\t\t\t\t\n\t\t\t\t\n\t\t\t\t\n\t\t\t\t\n\t\t\t\t\n\t\t\t\t\t\t\t\t\t<a rel=\"noopener noreferrer nofollow\" href=\"https:\/\/youtu.be\/G_fmRRgQMdQ\" target=\"_blank\" class=\" wd-social-icon social-youtube\" aria-label=\"YouTube social link\">\n\t\t\t\t\t\t<span class=\"wd-icon\"><\/span>\n\t\t\t\t\t\t\t\t\t\t\t<\/a>\n\t\t\t\t\n\t\t\t\t\n\t\t\t\t\n\t\t\t\t\n\t\t\t\t\n\t\t\t\t\n\t\t\t\t\n\t\t\t\t\n\t\t\t\t\n\t\t\t\t\n\t\t\t\t\n\t\t\t\t\n\t\t\t\t\n\t\t\t\t\n\t\t\t\t\n\t\t\t\t\n\t\t\t\t\n\t\t\t\t\n\t\t\t\t\n\t\t\t\t\n\t\t\t<\/div>\n\n\t\t[\/vc_column_inner][\/vc_row_inner][\/vc_column][\/vc_row]<\/p>\n<\/div>","protected":false},"excerpt":{"rendered":"<p>[vc_row css=&#8220;.vc_custom_1629811873442{margin-bottom: 80px !important;}&#8220; wd_z_index=&#8220;no&#8220; woodmart_css_id=&#8220;6124f49c368cf&#8220; responsive_spacing=&#8220;eyJwYXJhbV90eXBlIjoid29vZG1hcnRfcmVzcG9uc2l2ZV9zcGFjaW5nIiwic2VsZWN0b3JfaWQiOiI2MTI0ZjQ5YzM2OGNmIiwic2hvcnRjb2RlIjoidmNfcm93IiwiZGF0YSI6eyJ0YWJsZXQiOnt9LCJtb2JpbGUiOnsibWFyZ2luLWJvdHRvbSI6IjYwIn19fQ==&#8220; mobile_bg_img_hidden=&#8220;no&#8220; tablet_bg_img_hidden=&#8220;no&#8220; woodmart_parallax=&#8220;0&#8243; woodmart_gradient_switch=&#8220;no&#8220; row_reverse_mobile=&#8220;0&#8243; row_reverse_tablet=&#8220;0&#8243; woodmart_disable_overflow=&#8220;0&#8243;][vc_column offset=&#8220;vc_col-lg-offset-2 vc_col-lg-8 vc_col-md-offset-2 vc_col-md-8 vc_col-sm-offset-0&#8243; css=&#8220;.vc_custom_1499599304156{padding-top:<\/p>\n","protected":false},"author":1,"featured_media":0,"parent":0,"menu_order":-19,"comment_status":"closed","ping_status":"closed","template":"","meta":{"footnotes":""},"class_list":["post-10032","page","type-page","status-publish","hentry"],"_links":{"self":[{"href":"https:\/\/laregalenocciole.com\/de\/wp-json\/wp\/v2\/pages\/10032","targetHints":{"allow":["GET"]}}],"collection":[{"href":"https:\/\/laregalenocciole.com\/de\/wp-json\/wp\/v2\/pages"}],"about":[{"href":"https:\/\/laregalenocciole.com\/de\/wp-json\/wp\/v2\/types\/page"}],"author":[{"embeddable":true,"href":"https:\/\/laregalenocciole.com\/de\/wp-json\/wp\/v2\/users\/1"}],"replies":[{"embeddable":true,"href":"https:\/\/laregalenocciole.com\/de\/wp-json\/wp\/v2\/comments?post=10032"}],"version-history":[{"count":5,"href":"https:\/\/laregalenocciole.com\/de\/wp-json\/wp\/v2\/pages\/10032\/revisions"}],"predecessor-version":[{"id":11104,"href":"https:\/\/laregalenocciole.com\/de\/wp-json\/wp\/v2\/pages\/10032\/revisions\/11104"}],"wp:attachment":[{"href":"https:\/\/laregalenocciole.com\/de\/wp-json\/wp\/v2\/media?parent=10032"}],"curies":[{"name":"wp","href":"https:\/\/api.w.org\/{rel}","templated":true}]}}