{"id":10046,"date":"2022-07-07T21:31:00","date_gmt":"2022-07-07T21:31:00","guid":{"rendered":"https:\/\/laregalenocciole.com\/umtausch-und-rueckgabe\/"},"modified":"2022-10-19T21:53:03","modified_gmt":"2022-10-19T21:53:03","slug":"aenderungen-und-rueckgaben","status":"publish","type":"page","link":"https:\/\/laregalenocciole.com\/de\/aenderungen-und-rueckgaben\/","title":{"rendered":"\u00c4nderungen und R\u00fcckgaben"},"content":{"rendered":"<div class=\"wpb-content-wrapper\"><p>[vc_row css=&#8220;.vc_custom_1629811873442{margin-bottom: 80px !important;}&#8220; wd_z_index=&#8220;no&#8220; woodmart_css_id=&#8220;6124f49c368cf&#8220; responsive_spacing=&#8220;eyJwYXJhbV90eXBlIjoid29vZG1hcnRfcmVzcG9uc2l2ZV9zcGFjaW5nIiwic2VsZWN0b3JfaWQiOiI2MTI0ZjQ5YzM2OGNmIiwic2hvcnRjb2RlIjoidmNfcm93IiwiZGF0YSI6eyJ0YWJsZXQiOnt9LCJtb2JpbGUiOnsibWFyZ2luLWJvdHRvbSI6IjYwIn19fQ==&#8220; mobile_bg_img_hidden=&#8220;no&#8220; tablet_bg_img_hidden=&#8220;no&#8220; woodmart_parallax=&#8220;0&#8243; woodmart_gradient_switch=&#8220;no&#8220; row_reverse_mobile=&#8220;0&#8243; row_reverse_tablet=&#8220;0&#8243; woodmart_disable_overflow=&#8220;0&#8243;][vc_column offset=&#8220;vc_col-lg-offset-2 vc_col-lg-8 vc_col-md-offset-2 vc_col-md-8 vc_col-sm-offset-0&#8243; css=&#8220;.vc_custom_1499599304156{padding-top: 0px !important;}&#8220;]\t\t<div id=\"wd-62c75052071b6\" class=\"wd-text-block wd-wpb reset-last-child wd-rs-62c75052071b6 hidden-md hidden-sm hidden-xs text-center color-primary wd-fontsize-custom vc_custom_1657229399139\">\n\t\t\t<p><strong>UMTAUSCH UND R\u00dcCKGABE<\/strong><\/p>\n\t\t<\/div>\n\t\t\t\t<div id=\"wd-62c7e70e76ff9\" class=\"wd-text-block wd-wpb reset-last-child wd-rs-62c7e70e76ff9 text-center wd-font-weight-300 wd-fontsize-l \">\n\t\t\t<p><em>*Die R\u00fcckgabe- und Erstattungsbestimmungen gelten nur f\u00fcr Produkte, die \u00fcber unsere offizielle Website gekauft wurden. https:\/\/laregalenocciole.com<br \/>\n<\/em><\/p>\n\t\t<\/div>\n\t\t[vc_row_inner][vc_column_inner css=&#8220;.vc_custom_1494857398526{padding-top: 0px !important;}&#8220;]\t\t<div id=\"wd-62c7e72b51501\" class=\"wd-text-block wd-wpb reset-last-child wd-rs-62c7e72b51501 text-left wd-fontsize-custom vc_custom_1657268055200\">\n\t\t\t<p><u>1.1 FEHLERHAFTES PRODUKT<\/u><\/p>\n<p>Im Falle eines fehlerhaften Produkts m\u00fcssen Sie uns innerhalb von 14 Tagen nach Erhalt Ihrer Bestellung per E-Mail kontaktieren und uns ein Foto schicken, auf dem der Fehler deutlich zu erkennen ist, damit wir \u00fcberpr\u00fcfen k\u00f6nnen, ob das Produkt tats\u00e4chlich fehlerhaft ist.<\/p>\n<p>Falls das defekte Produkt zum Lager geschickt werden muss, \u00fcbernimmt <strong>Azienda Agricola ANDREEV ILIJA<\/strong> die Versandkosten. Wenn das Produkt nachweislich defekt ist, wird dem betreffenden Nutzer eine R\u00fcckerstattung oder ein Umtausch gew\u00e4hrt.<\/p>\n<p><u>1.2 FALSCHE BESTELLUNG<\/u><\/p>\n<p>Wenn Sie eine Bestellung erhalten, die nicht dem entspricht, was Sie gekauft haben, m\u00fcssen Sie sich innerhalb von 14 Tagen nach Erhalt der Bestellung mit <strong>Azienda Agricola ANDREEV ILIJA<\/strong> in Verbindung setzen und uns ein Foto schicken, auf dem alles zu sehen ist, was Sie erhalten haben, mit der entsprechenden Referenz auf dem Paket, der Zahlung und dem Versandbeleg. Wir werden Ihnen eine L\u00f6sung anbieten, sobald wir den Inhalt \u00fcberpr\u00fcft haben.<\/p>\n<p>Falls das Produkt ins Lager geschickt werden muss, \u00fcbernimmt <strong>Azienda Agricola ANDREEV ILIJA<\/strong> die Versandkosten. Wenn sich herausstellt, dass die Bestellung fehlerhaft war, erh\u00e4lt der betreffende Nutzer eine Erstattung oder einen Umtausch.<\/p>\n<p>Das Produkt darf nicht benutzt worden sein und muss in der Originalverpackung mit dem Etui und den dazugeh\u00f6rigen Etiketten eingesandt werden.<\/p>\n<p><u>1.3 AUFTRAGS\u00c4NDERUNGEN ODER R\u00dcCKSENDUNGEN<\/u><\/p>\n<p>F\u00fcr den Umtausch oder die R\u00fcckgabe muss das Produkt an die Gesch\u00e4ftsstelle der <strong>Azienda Agricola ANDREEV ILIJA<\/strong> geschickt werden. Die Frist f\u00fcr einen Umtausch oder eine R\u00fcckgabe betr\u00e4gt 14 Tage nach Erhalt der Bestellung. Das Produkt darf nicht benutzt worden sein und muss in der Originalverpackung mit dem Etui und den dazugeh\u00f6rigen Etiketten eingesandt werden. Die Kosten der R\u00fccksendung gehen zu Lasten des Kunden.<\/p>\n<p>Kontaktieren Sie uns per E-Mail, um weitere Anweisungen zur R\u00fcckgabe zu erhalten.<\/p>\n<p><u>1,4 ERSTATTUNGSZEITEN<\/u><\/p>\n<p>Sobald das Paket an unser B\u00fcro oder Lager zur\u00fcckgeschickt wurde, wird es bearbeitet, bevor eine Erstattung genehmigt wird. Das Produkt muss innerhalb von 14 Tagen nach Eingang der Bestellung eingesandt werden, darf nicht benutzt worden sein und muss in der Originalverpackung mit dem Etui und den dazugeh\u00f6rigen Etiketten geliefert werden.<\/p>\n<p>Im Falle einer Genehmigung wird der volle Preis der Ware innerhalb von 7 Werktagen erstattet und Sie werden per E-Mail \u00fcber die Transaktion informiert. Sobald eine Erstattung erfolgt ist, k\u00f6nnen Sie diese innerhalb von 5-10 Arbeitstagen erhalten.<\/p>\n\t\t<\/div>\n\t\t[\/vc_column_inner][\/vc_row_inner][vc_separator color=&#8220;custom&#8220; accent_color=&#8220;rgba(10,10,10,0.12)&#8220; css=&#8220;.vc_custom_1499600318751{margin-bottom: 30px !important;padding-top: 10px !important;}&#8220;][vc_row_inner content_placement=&#8220;middle&#8220; css=&#8220;.vc_custom_1499600064550{padding-top: 0px !important;}&#8220;][vc_column_inner width=&#8220;1\/2&#8243; css=&#8220;.vc_custom_1499599961071{margin-bottom: 20px !important;padding-top: 0px !important;}&#8220;]\t\t<div id=\"wd-6350716d90b76\" class=\"wd-text-block wd-wpb reset-last-child wd-rs-6350716d90b76 text-left vc_custom_1666216377364\">\n\t\t\t<p><small><a href=\"https:\/\/laregalenocciole.com\/de\/\"><br \/>\n<strong>LA REGALE<\/strong><br \/>\n<\/a> <i class=\"fa fa-copyright\"><\/i> 2022 POWERED BY <a href=\"https:\/\/iconagraphic.com\/\"><br \/>\n<strong>IconaGraphic<\/strong><br \/>\n<\/a>. HOCHWERTIGE L\u00d6SUNGEN F\u00dcR DEN ELEKTRONISCHEN HANDEL.<\/small><\/p>\n\t\t<\/div>\n\t\t[\/vc_column_inner][vc_column_inner width=&#8220;1\/2&#8243; css=&#8220;.vc_custom_1499599970647{margin-bottom: 20px !important;padding-top: 0px !important;}&#8220;]\t\t\t<div\n\t\t\t\t\t\tclass=\" wd-rs-62c747ca858b4 wd-social-icons  wd-style-bordered wd-size-small social-follow wd-shape-circle text-right\">\n\t\t\t\t\n\t\t\t\t\n\t\t\t\t\t\t\t\t\t<a rel=\"noopener noreferrer nofollow\" href=\"https:\/\/it-it.facebook.com\/laregalenocciole\" target=\"_blank\" class=\" wd-social-icon social-facebook\" aria-label=\"Facebook social link\">\n\t\t\t\t\t\t<span class=\"wd-icon\"><\/span>\n\t\t\t\t\t\t\t\t\t\t\t<\/a>\n\t\t\t\t\n\t\t\t\t\n\t\t\t\t\n\t\t\t\t\n\t\t\t\t\n\t\t\t\t\n\t\t\t\t\t\t\t\t\t<a rel=\"noopener noreferrer nofollow\" href=\"https:\/\/youtu.be\/G_fmRRgQMdQ\" target=\"_blank\" class=\" wd-social-icon social-youtube\" aria-label=\"YouTube social link\">\n\t\t\t\t\t\t<span class=\"wd-icon\"><\/span>\n\t\t\t\t\t\t\t\t\t\t\t<\/a>\n\t\t\t\t\n\t\t\t\t\n\t\t\t\t\n\t\t\t\t\n\t\t\t\t\n\t\t\t\t\n\t\t\t\t\n\t\t\t\t\n\t\t\t\t\n\t\t\t\t\n\t\t\t\t\n\t\t\t\t\n\t\t\t\t\n\t\t\t\t\n\t\t\t\t\n\t\t\t\t\n\t\t\t\t\n\t\t\t\t\n\t\t\t\t\n\t\t\t\t\n\t\t\t<\/div>\n\n\t\t[\/vc_column_inner][\/vc_row_inner][\/vc_column][\/vc_row]<\/p>\n<\/div>","protected":false},"excerpt":{"rendered":"<p>[vc_row css=&#8220;.vc_custom_1629811873442{margin-bottom: 80px !important;}&#8220; wd_z_index=&#8220;no&#8220; woodmart_css_id=&#8220;6124f49c368cf&#8220; responsive_spacing=&#8220;eyJwYXJhbV90eXBlIjoid29vZG1hcnRfcmVzcG9uc2l2ZV9zcGFjaW5nIiwic2VsZWN0b3JfaWQiOiI2MTI0ZjQ5YzM2OGNmIiwic2hvcnRjb2RlIjoidmNfcm93IiwiZGF0YSI6eyJ0YWJsZXQiOnt9LCJtb2JpbGUiOnsibWFyZ2luLWJvdHRvbSI6IjYwIn19fQ==&#8220; mobile_bg_img_hidden=&#8220;no&#8220; tablet_bg_img_hidden=&#8220;no&#8220; woodmart_parallax=&#8220;0&#8243; woodmart_gradient_switch=&#8220;no&#8220; row_reverse_mobile=&#8220;0&#8243; row_reverse_tablet=&#8220;0&#8243; woodmart_disable_overflow=&#8220;0&#8243;][vc_column offset=&#8220;vc_col-lg-offset-2 vc_col-lg-8 vc_col-md-offset-2 vc_col-md-8 vc_col-sm-offset-0&#8243; css=&#8220;.vc_custom_1499599304156{padding-top:<\/p>\n","protected":false},"author":1,"featured_media":0,"parent":0,"menu_order":-20,"comment_status":"closed","ping_status":"closed","template":"","meta":{"footnotes":""},"class_list":["post-10046","page","type-page","status-publish","hentry"],"_links":{"self":[{"href":"https:\/\/laregalenocciole.com\/de\/wp-json\/wp\/v2\/pages\/10046","targetHints":{"allow":["GET"]}}],"collection":[{"href":"https:\/\/laregalenocciole.com\/de\/wp-json\/wp\/v2\/pages"}],"about":[{"href":"https:\/\/laregalenocciole.com\/de\/wp-json\/wp\/v2\/types\/page"}],"author":[{"embeddable":true,"href":"https:\/\/laregalenocciole.com\/de\/wp-json\/wp\/v2\/users\/1"}],"replies":[{"embeddable":true,"href":"https:\/\/laregalenocciole.com\/de\/wp-json\/wp\/v2\/comments?post=10046"}],"version-history":[{"count":4,"href":"https:\/\/laregalenocciole.com\/de\/wp-json\/wp\/v2\/pages\/10046\/revisions"}],"predecessor-version":[{"id":11102,"href":"https:\/\/laregalenocciole.com\/de\/wp-json\/wp\/v2\/pages\/10046\/revisions\/11102"}],"wp:attachment":[{"href":"https:\/\/laregalenocciole.com\/de\/wp-json\/wp\/v2\/media?parent=10046"}],"curies":[{"name":"wp","href":"https:\/\/api.w.org\/{rel}","templated":true}]}}