{"id":10057,"date":"2022-02-06T17:51:30","date_gmt":"2022-02-06T17:51:30","guid":{"rendered":"https:\/\/laregalenocciole.com\/zertifizierungen\/"},"modified":"2022-10-17T22:02:13","modified_gmt":"2022-10-17T22:02:13","slug":"zertifizierungen","status":"publish","type":"page","link":"https:\/\/laregalenocciole.com\/de\/zertifizierungen\/","title":{"rendered":"Zertifizierungen"},"content":{"rendered":"<div class=\"wpb-content-wrapper\"><p>[vc_row full_width=&#8220;stretch_row&#8220; equal_height=&#8220;yes&#8220; content_placement=&#8220;middle&#8220; woodmart_bg_position=&#8220;center-bottom&#8220; row_reverse_mobile=&#8220;1&#8243; row_reverse_tablet=&#8220;1&#8243; css=&#8220;.vc_custom_1649865473568{margin-top: -50px !important;background-image: url(https:\/\/laregalenocciole.com\/inlavorazione\/wp-content\/uploads\/2022\/02\/wine-sommelier-bg.jpg?id=) !important;background-position: 0 0 !important;background-repeat: no-repeat !important;}&#8220; woodmart_css_id=&#8220;6256f2f6a8265&#8243; responsive_spacing=&#8220;eyJwYXJhbV90eXBlIjoid29vZG1hcnRfcmVzcG9uc2l2ZV9zcGFjaW5nIiwic2VsZWN0b3JfaWQiOiI2MjU2ZjJmNmE4MjY1Iiwic2hvcnRjb2RlIjoidmNfcm93IiwiZGF0YSI6eyJ0YWJsZXQiOnt9LCJtb2JpbGUiOnt9fX0=&#8220; mobile_bg_img_hidden=&#8220;yes&#8220; tablet_bg_img_hidden=&#8220;yes&#8220; woodmart_parallax=&#8220;0&#8243; woodmart_gradient_switch=&#8220;no&#8220; woodmart_disable_overflow=&#8220;0&#8243; woodmart_box_shadow=&#8220;no&#8220; wd_z_index=&#8220;no&#8220;][vc_column css=&#8220;.vc_custom_1533223412131{padding-top: 0px !important;}&#8220; offset=&#8220;vc_col-lg-6 vc_col-md-6 vc_col-xs-12&#8243;]\t\t<div id=\"wd-62c8317557efb\" data-parallax='{\"y\":\"-80\",\"smoothness\":\"30\"}' class=\"wd-image wd-wpb wd-rs-62c8317557efb text-left vc_custom_1657287033754\">\n\t\t\t\n\t\t\t<img loading=\"lazy\" decoding=\"async\" width=\"520\" height=\"578\" src=\"https:\/\/laregalenocciole.com\/wp-content\/uploads\/2022\/07\/Nocciole_in_Mano_2-520x578.jpg\" class=\"attachment-520x578 size-520x578\" alt=\"\" \/>\n\t\t\t\t\t<\/div>\n\t\t[\/vc_column][vc_column css=&#8220;.vc_custom_1628761542222{margin-bottom: 40px !important;padding-top: 0px !important;}&#8220; offset=&#8220;vc_col-lg-6 vc_col-md-6 vc_col-xs-12&#8243; woodmart_css_id=&#8220;6114edbf46e16&#8243; responsive_spacing=&#8220;eyJwYXJhbV90eXBlIjoid29vZG1hcnRfcmVzcG9uc2l2ZV9zcGFjaW5nIiwic2VsZWN0b3JfaWQiOiI2MTE0ZWRiZjQ2ZTE2Iiwic2hvcnRjb2RlIjoidmNfY29sdW1uIiwiZGF0YSI6eyJ0YWJsZXQiOnt9LCJtb2JpbGUiOnt9fX0=&#8220; parallax_scroll=&#8220;no&#8220; mobile_bg_img_hidden=&#8220;no&#8220; tablet_bg_img_hidden=&#8220;no&#8220; woodmart_parallax=&#8220;0&#8243; woodmart_sticky_column=&#8220;false&#8220; mobile_reset_margin=&#8220;no&#8220; tablet_reset_margin=&#8220;no&#8220;]\n\t\t<div id=\"wd-627e2d8b95e0f\" class=\"title-wrapper wd-wpb wd-set-mb reset-last-child  wd-rs-627e2d8b95e0f wd-title-color-default wd-title-style-default text-left vc_custom_1652436395508 wd-underline-colored\">\n\t\t\t\n\t\t\t<div class=\"liner-continer\">\n\t\t\t\t<h4 class=\"woodmart-title-container title  wd-font-weight-400 wd-fontsize-l\" >\u00d6kologischer Landbau<\/h4>\n\t\t\t\t\t\t\t<\/div>\n\t\t\t\n\t\t\t\n\t\t\t\n\t\t<\/div>\n\t\t\n\t\t\t\t<div id=\"wd-62ac9c04a8f7f\" class=\"wd-text-block wd-wpb reset-last-child wd-rs-62ac9c04a8f7f text-left color-title wd-fontsize-custom font-primary vc_custom_1655479312976\">\n\t\t\t<p><em>BIOAGRICERT-Zertifizierung<br \/>\n<\/em><\/p>\n\t\t<\/div>\n\t\t\t\t<div id=\"wd-62aca1dd0caf1\" class=\"wd-text-block wd-wpb reset-last-child wd-rs-62aca1dd0caf1 text-left wd-fontsize-custom \">\n\t\t\t<p>Der<strong>\u00f6kologische<\/strong> Landbau ist eine Form der Landwirtschaft, die das gesamte landwirtschaftliche \u00d6kosystem ber\u00fccksichtigt, die nat\u00fcrliche Fruchtbarkeit des Bodens nutzt, indem sie ihn mit begrenzten Eingriffen beg\u00fcnstigt, die biologische Vielfalt der Umwelt, in der sie betrieben wird, f\u00f6rdert und die Verwendung synthetischer Produkte und genetisch ver\u00e4nderter Organismen (GVO) einschr\u00e4nkt oder ausschlie\u00dft.<\/p>\n<p>Ein zertifiziertes Produkt bedeutet, dass es strenge Bedingungen in Bezug auf Produktion, Transport und Lagerung erf\u00fcllt hat.<\/p>\n\t\t<\/div>\n\t\t[\/vc_column][\/vc_row][vc_row full_width=&#8220;stretch_row&#8220; woodmart_disable_overflow=&#8220;1&#8243; css=&#8220;.vc_custom_1652447310189{margin-bottom: 40px !important;padding-top: 35px !important;padding-bottom: 15px !important;background-image: url(https:\/\/laregalenocciole.com\/inlavorazione\/wp-content\/uploads\/2022\/05\/Banner_Certifica_Background_02.png?id=8074) !important;background-position: center !important;background-repeat: no-repeat !important;background-size: cover !important;}&#8220; woodmart_css_id=&#8220;627e583d90fd1&#8243; responsive_spacing=&#8220;eyJwYXJhbV90eXBlIjoid29vZG1hcnRfcmVzcG9uc2l2ZV9zcGFjaW5nIiwic2VsZWN0b3JfaWQiOiI2MjdlNTgzZDkwZmQxIiwic2hvcnRjb2RlIjoidmNfcm93IiwiZGF0YSI6eyJ0YWJsZXQiOnt9LCJtb2JpbGUiOnt9fX0=&#8220; mobile_bg_img_hidden=&#8220;no&#8220; tablet_bg_img_hidden=&#8220;no&#8220; woodmart_parallax=&#8220;0&#8243; woodmart_gradient_switch=&#8220;no&#8220; row_reverse_mobile=&#8220;0&#8243; row_reverse_tablet=&#8220;0&#8243; woodmart_box_shadow=&#8220;no&#8220; wd_z_index=&#8220;no&#8220;][vc_column css=&#8220;.vc_custom_1533295554518{margin-bottom: 0px !important;padding-top: 0px !important;background-position: center !important;background-repeat: no-repeat !important;background-size: contain !important;}&#8220;]\t\t<div id=\"wd-627e57a87a26d\" class=\"wd-image wd-wpb wd-rs-627e57a87a26d text-right vc_custom_1652447148930\">\n\t\t\t\n\t\t\t<img loading=\"lazy\" decoding=\"async\" width=\"734\" height=\"295\" src=\"https:\/\/laregalenocciole.com\/wp-content\/uploads\/2022\/05\/Bioagricert_New_etic1_agri_Italia_2.png\" class=\"attachment-250X100 size-250X100\" alt=\"\" srcset=\"https:\/\/laregalenocciole.com\/wp-content\/uploads\/2022\/05\/Bioagricert_New_etic1_agri_Italia_2.png 734w, https:\/\/laregalenocciole.com\/wp-content\/uploads\/2022\/05\/Bioagricert_New_etic1_agri_Italia_2-430x173.png 430w, https:\/\/laregalenocciole.com\/wp-content\/uploads\/2022\/05\/Bioagricert_New_etic1_agri_Italia_2-150x60.png 150w, https:\/\/laregalenocciole.com\/wp-content\/uploads\/2022\/05\/Bioagricert_New_etic1_agri_Italia_2-700x281.png 700w, https:\/\/laregalenocciole.com\/wp-content\/uploads\/2022\/05\/Bioagricert_New_etic1_agri_Italia_2-400x161.png 400w\" sizes=\"auto, (max-width: 734px) 100vw, 734px\" \/>\n\t\t\t\t\t<\/div>\n\t\t[vc_row_inner css=&#8220;.vc_custom_1628761052518{padding-top: 15px !important;background-position: center !important;background-repeat: no-repeat !important;background-size: cover !important;}&#8220; woodmart_css_id=&#8220;6114ebd73a51f&#8220; responsive_spacing=&#8220;eyJwYXJhbV90eXBlIjoid29vZG1hcnRfcmVzcG9uc2l2ZV9zcGFjaW5nIiwic2VsZWN0b3JfaWQiOiI2MTE0ZWJkNzNhNTFmIiwic2hvcnRjb2RlIjoidmNfcm93X2lubmVyIiwiZGF0YSI6eyJ0YWJsZXQiOnt9LCJtb2JpbGUiOnt9fX0=&#8220; row_reverse_mobile=&#8220;0&#8243; row_reverse_tablet=&#8220;0&#8243;][vc_column_inner css=&#8220;.vc_custom_1628760861518{margin-bottom: 40px !important;padding-top: 0px !important;}&#8220; offset=&#8220;vc_col-lg-4 vc_col-md-4&#8243; woodmart_css_id=&#8220;6114eb1ab4d9d&#8220; responsive_spacing=&#8220;eyJwYXJhbV90eXBlIjoid29vZG1hcnRfcmVzcG9uc2l2ZV9zcGFjaW5nIiwic2VsZWN0b3JfaWQiOiI2MTE0ZWIxYWI0ZDlkIiwic2hvcnRjb2RlIjoidmNfY29sdW1uX2lubmVyIiwiZGF0YSI6eyJ0YWJsZXQiOnt9LCJtb2JpbGUiOnt9fX0=&#8220;]\t\t\t<div class=\"info-box-wrapper\">\n\t\t\t\t<div id=\"wd-62c53bad0d123\" class=\" wd-rs-62c53bad0d123 wd-info-box wd-wpb text-left box-icon-align-left box-style- color-scheme-light wd-bg-none wd-items-top vc_custom_1657093061981\">\n\t\t\t\t\t\t\t\t\t\t\t<div class=\"box-icon-wrapper  box-with-text text-size-default box-icon-simple\">\n\t\t\t\t\t\t\t<div class=\"info-box-icon\">\n\n\t\t\t\t\t\t\t\t\t\t\t\t\t\t\t1.\t\t\t\t\t\t\t\n\t\t\t\t\t\t\t<\/div>\n\t\t\t\t\t\t<\/div>\n\t\t\t\t\t\t\t\t\t\t<div class=\"info-box-content\">\n\t\t\t\t\t\t<h4 class=\"info-box-title title box-title-style-default wd-fontsize-xl\">Respekt f\u00fcr die Umwelt<\/h4>\t\t\t\t\t\t<div class=\"info-box-inner reset-last-child\"><p>Der \u00f6kologische Landbau ist eine landwirtschaftliche Methode, die darauf abzielt, Lebensmittel mit nat\u00fcrlichen Stoffen und Verfahren zu erzeugen.<\/p>\n<\/div>\n\n\t\t\t\t\t\t\t\t\t\t\t<\/div>\n\n\t\t\t\t\t\t\t\t\t\t\t<a class=\"wd-info-box-link wd-fill\" aria-label=\"Infobox link\" href=\"|||\" title=\"\"><\/a>\n\t\t\t\t\t\n\t\t\t\t\t<style><\/style>\t\t\t\t<\/div>\n\t\t\t<\/div>\n\t\t[\/vc_column_inner][vc_column_inner css=&#8220;.vc_custom_1628760856966{margin-bottom: 40px !important;padding-top: 0px !important;}&#8220; offset=&#8220;vc_col-lg-4 vc_col-md-4&#8243; woodmart_css_id=&#8220;6114eb163ace9&#8243; responsive_spacing=&#8220;eyJwYXJhbV90eXBlIjoid29vZG1hcnRfcmVzcG9uc2l2ZV9zcGFjaW5nIiwic2VsZWN0b3JfaWQiOiI2MTE0ZWIxNjNhY2U5Iiwic2hvcnRjb2RlIjoidmNfY29sdW1uX2lubmVyIiwiZGF0YSI6eyJ0YWJsZXQiOnt9LCJtb2JpbGUiOnt9fX0=&#8220;]\t\t\t<div class=\"info-box-wrapper\">\n\t\t\t\t<div id=\"wd-62aca1518b062\" class=\" wd-rs-62aca1518b062 wd-info-box wd-wpb text-left box-icon-align-left box-style- color-scheme-light wd-bg-none wd-items-top vc_custom_1655480709700\">\n\t\t\t\t\t\t\t\t\t\t\t<div class=\"box-icon-wrapper  box-with-text text-size-default box-icon-simple\">\n\t\t\t\t\t\t\t<div class=\"info-box-icon\">\n\n\t\t\t\t\t\t\t\t\t\t\t\t\t\t\t2.\t\t\t\t\t\t\t\n\t\t\t\t\t\t\t<\/div>\n\t\t\t\t\t\t<\/div>\n\t\t\t\t\t\t\t\t\t\t<div class=\"info-box-content\">\n\t\t\t\t\t\t<h4 class=\"info-box-title title box-title-style-default wd-fontsize-xl\">Respekt f\u00fcr Tiere<\/h4>\t\t\t\t\t\t<div class=\"info-box-inner reset-last-child\"><p>Die Normen f\u00fcr den \u00f6kologischen Landbau f\u00f6rdern das Wohlergehen der Tiere und verlangen von den Landwirten, dass sie die besonderen Verhaltensbed\u00fcrfnisse der Tiere ber\u00fccksichtigen.<\/p>\n<\/div>\n\n\t\t\t\t\t\t\t\t\t\t\t<\/div>\n\n\t\t\t\t\t\t\t\t\t\t\t<a class=\"wd-info-box-link wd-fill\" aria-label=\"Infobox link\" href=\"|||\" title=\"\"><\/a>\n\t\t\t\t\t\n\t\t\t\t\t<style><\/style>\t\t\t\t<\/div>\n\t\t\t<\/div>\n\t\t[\/vc_column_inner][vc_column_inner css=&#8220;.vc_custom_1628760852630{margin-bottom: 40px !important;padding-top: 0px !important;}&#8220; offset=&#8220;vc_col-lg-4 vc_col-md-4&#8243; woodmart_css_id=&#8220;6114eb0f9b4bc&#8220; responsive_spacing=&#8220;eyJwYXJhbV90eXBlIjoid29vZG1hcnRfcmVzcG9uc2l2ZV9zcGFjaW5nIiwic2VsZWN0b3JfaWQiOiI2MTE0ZWIwZjliNGJjIiwic2hvcnRjb2RlIjoidmNfY29sdW1uX2lubmVyIiwiZGF0YSI6eyJ0YWJsZXQiOnt9LCJtb2JpbGUiOnt9fX0=&#8220;]\t\t\t<div class=\"info-box-wrapper\">\n\t\t\t\t<div id=\"wd-62aca5fad4189\" class=\" wd-rs-62aca5fad4189 wd-info-box wd-wpb text-left box-icon-align-left box-style- color-scheme-light wd-bg-none wd-items-top vc_custom_1655481863223\">\n\t\t\t\t\t\t\t\t\t\t\t<div class=\"box-icon-wrapper  box-with-text text-size-default box-icon-simple\">\n\t\t\t\t\t\t\t<div class=\"info-box-icon\">\n\n\t\t\t\t\t\t\t\t\t\t\t\t\t\t\t3.\t\t\t\t\t\t\t\n\t\t\t\t\t\t\t<\/div>\n\t\t\t\t\t\t<\/div>\n\t\t\t\t\t\t\t\t\t\t<div class=\"info-box-content\">\n\t\t\t\t\t\t<h4 class=\"info-box-title title box-title-style-default wd-fontsize-xl\">Ressourcen<\/h4>\t\t\t\t\t\t<div class=\"info-box-inner reset-last-child\"><p>\u00d6kologischer Landbau bedeutet, ein Produktionsmodell zu entwickeln, das eine \u00fcberm\u00e4\u00dfige Ausbeutung der nat\u00fcrlichen Ressourcen, insbesondere von <strong>Boden, Wasser und Luft<\/strong>, vermeidet.<\/p>\n<\/div>\n\n\t\t\t\t\t\t\t\t\t\t\t<\/div>\n\n\t\t\t\t\t\t\t\t\t\t\t<a class=\"wd-info-box-link wd-fill\" aria-label=\"Infobox link\" href=\"|||\" title=\"\"><\/a>\n\t\t\t\t\t\n\t\t\t\t\t<style><\/style>\t\t\t\t<\/div>\n\t\t\t<\/div>\n\t\t[\/vc_column_inner][\/vc_row_inner][\/vc_column][\/vc_row]<\/p>\n<\/div>","protected":false},"excerpt":{"rendered":"<p>[vc_row full_width=&#8220;stretch_row&#8220; equal_height=&#8220;yes&#8220; content_placement=&#8220;middle&#8220; woodmart_bg_position=&#8220;center-bottom&#8220; row_reverse_mobile=&#8220;1&#8243; row_reverse_tablet=&#8220;1&#8243; css=&#8220;.vc_custom_1649865473568{margin-top: -50px !important;background-image: url(https:\/\/laregalenocciole.com\/inlavorazione\/wp-content\/uploads\/2022\/02\/wine-sommelier-bg.jpg?id=) !important;background-position: 0 0 !important;background-repeat: no-repeat !important;}&#8220; woodmart_css_id=&#8220;6256f2f6a8265&#8243; responsive_spacing=&#8220;eyJwYXJhbV90eXBlIjoid29vZG1hcnRfcmVzcG9uc2l2ZV9zcGFjaW5nIiwic2VsZWN0b3JfaWQiOiI2MjU2ZjJmNmE4MjY1Iiwic2hvcnRjb2RlIjoidmNfcm93IiwiZGF0YSI6eyJ0YWJsZXQiOnt9LCJtb2JpbGUiOnt9fX0=&#8220; mobile_bg_img_hidden=&#8220;yes&#8220;<\/p>\n","protected":false},"author":1,"featured_media":0,"parent":0,"menu_order":-4,"comment_status":"closed","ping_status":"closed","template":"","meta":{"footnotes":""},"class_list":["post-10057","page","type-page","status-publish","hentry"],"_links":{"self":[{"href":"https:\/\/laregalenocciole.com\/de\/wp-json\/wp\/v2\/pages\/10057","targetHints":{"allow":["GET"]}}],"collection":[{"href":"https:\/\/laregalenocciole.com\/de\/wp-json\/wp\/v2\/pages"}],"about":[{"href":"https:\/\/laregalenocciole.com\/de\/wp-json\/wp\/v2\/types\/page"}],"author":[{"embeddable":true,"href":"https:\/\/laregalenocciole.com\/de\/wp-json\/wp\/v2\/users\/1"}],"replies":[{"embeddable":true,"href":"https:\/\/laregalenocciole.com\/de\/wp-json\/wp\/v2\/comments?post=10057"}],"version-history":[{"count":2,"href":"https:\/\/laregalenocciole.com\/de\/wp-json\/wp\/v2\/pages\/10057\/revisions"}],"predecessor-version":[{"id":10061,"href":"https:\/\/laregalenocciole.com\/de\/wp-json\/wp\/v2\/pages\/10057\/revisions\/10061"}],"wp:attachment":[{"href":"https:\/\/laregalenocciole.com\/de\/wp-json\/wp\/v2\/media?parent=10057"}],"curies":[{"name":"wp","href":"https:\/\/api.w.org\/{rel}","templated":true}]}}