{"id":10081,"date":"2022-07-07T20:20:56","date_gmt":"2022-07-07T20:20:56","guid":{"rendered":"https:\/\/laregalenocciole.com\/bedingungen-und-konditionen\/"},"modified":"2022-10-21T10:42:37","modified_gmt":"2022-10-21T10:42:37","slug":"bedingungen-und-konditionen","status":"publish","type":"page","link":"https:\/\/laregalenocciole.com\/de\/bedingungen-und-konditionen\/","title":{"rendered":"Bedingungen und Konditionen"},"content":{"rendered":"<div class=\"wpb-content-wrapper\"><p>[vc_row css=&#8220;.vc_custom_1629811873442{margin-bottom: 80px !important;}&#8220; wd_z_index=&#8220;no&#8220; woodmart_css_id=&#8220;6124f49c368cf&#8220; responsive_spacing=&#8220;eyJwYXJhbV90eXBlIjoid29vZG1hcnRfcmVzcG9uc2l2ZV9zcGFjaW5nIiwic2VsZWN0b3JfaWQiOiI2MTI0ZjQ5YzM2OGNmIiwic2hvcnRjb2RlIjoidmNfcm93IiwiZGF0YSI6eyJ0YWJsZXQiOnt9LCJtb2JpbGUiOnsibWFyZ2luLWJvdHRvbSI6IjYwIn19fQ==&#8220; mobile_bg_img_hidden=&#8220;no&#8220; tablet_bg_img_hidden=&#8220;no&#8220; woodmart_parallax=&#8220;0&#8243; woodmart_gradient_switch=&#8220;no&#8220; row_reverse_mobile=&#8220;0&#8243; row_reverse_tablet=&#8220;0&#8243; woodmart_disable_overflow=&#8220;0&#8243;][vc_column offset=&#8220;vc_col-lg-offset-2 vc_col-lg-8 vc_col-md-offset-2 vc_col-md-8 vc_col-sm-offset-0&#8243; css=&#8220;.vc_custom_1499599304156{padding-top: 0px !important;}&#8220;]\t\t<div id=\"wd-62c748cd3dc44\" class=\"wd-text-block wd-wpb reset-last-child wd-rs-62c748cd3dc44 hidden-md hidden-sm hidden-xs text-center color-primary wd-fontsize-custom vc_custom_1657227495173\">\n\t\t\t<p>LAREGALENOCCIOLE.COM &#8211; BESTES E-COMMERCE-THEME 2022<\/p>\n\t\t<\/div>\n\t\t\t\t<div id=\"wd-62c744b32889f\" class=\"wd-text-block wd-wpb reset-last-child wd-rs-62c744b32889f text-center wd-font-weight-300 wd-fontsize-l \">\n\t\t\t<p><em>LA REGALE ist Eigent\u00fcmerin der Website und Anbieterin der auf ihr vermarkteten Produkte und\/oder Dienstleistungen.<\/em><\/p>\n\t\t<\/div>\n\t\t[vc_row_inner][vc_column_inner css=&#8220;.vc_custom_1494857398526{padding-top: 0px !important;}&#8220;]\t\t<div id=\"wd-62c74677b6623\" class=\"wd-text-block wd-wpb reset-last-child wd-rs-62c74677b6623 text-left wd-fontsize-custom vc_custom_1657226885136\">\n\t\t\t<p>Das Vertragsverh\u00e4ltnis des Kaufs beinhaltet die Lieferung eines bestimmten Produkts oder einer bestimmten Dienstleistung gegen einen auf dieser Website ausdr\u00fccklich festgelegten Preis.<\/p>\n<p>Der Kauf \u00fcber diese Website setzt die Annahme der Allgemeinen Gesch\u00e4ftsbedingungen in der zum Zeitpunkt des Zugriffs auf die Website ver\u00f6ffentlichten Fassung voraus, was bedeutet, dass der Nutzer:<\/p>\n<ul>\n<li>Sie haben den Inhalt dieses Dokuments gelesen und verstanden.<\/li>\n<li>Er ist eine Person mit ausreichender Gesch\u00e4ftsf\u00e4higkeit, um einen Kauf zu t\u00e4tigen.<\/li>\n<li>Sie verpflichten sich, die in diesem Dokument enthaltenen Verpflichtungen einzuhalten.<\/li>\n<\/ul>\n<p>Der Nutzer ist f\u00fcr die Richtigkeit der w\u00e4hrend des Online-Kaufs angegebenen Daten verantwortlich. Falls ein Kauf auf dieser Website die Registrierung des Nutzers erfordert, tr\u00e4gt dieser die volle Verantwortung f\u00fcr die Verwendung und die sichere Aufbewahrung des ihm zur Verf\u00fcgung gestellten Benutzernamens und Passworts und haftet f\u00fcr die Handlungen, die durch ihre Verwendung ausgef\u00fchrt werden. Wenn der Nutzer Kenntnis davon hat, muss er den Anbieter \u00fcber den Verlust, die Offenlegung oder den unbefugten Zugriff eines Dritten auf seinen privaten registrierten Nutzerbereich informieren.<\/p>\n<p>LA REGALE beh\u00e4lt sich das Recht vor, diese Allgemeinen Gesch\u00e4ftsbedingungen zu \u00e4ndern, ohne dass dies Auswirkungen auf die Produkte oder Dienstleistungen hat, die vor einer solchen \u00c4nderung \u00fcber die Website erworben wurden.<\/p>\n\t\t<\/div>\n\t\t\t\t<div id=\"wd-62c7468690833\" class=\"wd-text-block wd-wpb reset-last-child wd-rs-62c7468690833 text-left wd-fontsize-custom vc_custom_1657226892836\">\n\t\t\t<ul>\n<li style=\"text-align: left;\"><strong>BESTELLUNGEN UND EINKAUFSBEDINGUNGEN<\/strong>\n<ul>\n<li>Um einen Kauf t\u00e4tigen zu k\u00f6nnen, muss der Nutzer \u00fcber 18 Jahre alt sein.<\/li>\n<li>Um eine Bestellung aufgeben zu k\u00f6nnen, muss der Nutzer alle w\u00e4hrend des Kaufvorgangs angeforderten Daten angeben, die f\u00fcr die korrekte Bearbeitung seiner Bestellung erforderlich sind.<\/li>\n<li>Um auf der Website einzukaufen, m\u00fcssen die Lieferadresse des Pakets und die Rechnungsadresse in Europa liegen, mit Ausnahme der Kanarischen Inseln, Ceuta und Melilla und der Schweiz, wo kein Versand stattfindet.<\/li>\n<\/ul>\n<\/li>\n<\/ul>\n\t\t<\/div>\n\t\t\t\t<div id=\"wd-62c74690d8c97\" class=\"wd-text-block wd-wpb reset-last-child wd-rs-62c74690d8c97 text-left wd-fontsize-custom vc_custom_1657226903364\">\n\t\t\t<p><strong>PREIS, ZAHLUNGSMODALIT\u00c4TEN UND RABATTCODES<\/strong><\/p>\n<p>Alle Preise f\u00fcr Produkte oder Dienstleistungen auf der Website enthalten die Mehrwertsteuer und andere eventuell anfallende Steuern. In allen F\u00e4llen werden die Preise in Euro (\u20ac) angegeben.<\/p>\n<p>Die f\u00fcr jedes Produkt oder jede Dienstleistung angegebenen Preise enthalten nicht die Kosten f\u00fcr Versand, Bearbeitung, Verpackung, Versicherung oder andere zus\u00e4tzliche Dienstleistungen f\u00fcr das gekaufte Produkt oder die Dienstleistung, sofern nicht anders angegeben. Eventuell anfallende zus\u00e4tzliche Kosten werden dem Nutzer vor dem Abschluss des Kaufs mitgeteilt.<\/p>\n<p>F\u00fcr jedes Produkt oder jede Dienstleistung gelten die auf der Website ver\u00f6ffentlichten Preise, die im letzten Schritt des Kaufvorgangs automatisch angewendet werden. Der Nutzer akzeptiert, dass der wirtschaftliche Wert einiger der angebotenen Produkte oder Dienstleistungen in Echtzeit schwanken kann. Dies wird in jedem Fall vor der Formalisierung des Verkaufs mitgeteilt.<\/p>\n<p>Der Nutzer erkl\u00e4rt sich damit einverstanden, zum Zeitpunkt der Bestellung zu bezahlen, und kann mit jeder der auf der Website angegebenen Zahlungsarten bezahlen.<\/p>\n<p>Nach erfolgter Zahlung erh\u00e4lt der Nutzer eine E-Mail zur Best\u00e4tigung der Bestellung, die eine Zusammenfassung der gekauften Artikel, die gew\u00fcnschte Versandart und die Lieferadresse enth\u00e4lt.<\/p>\n<p>LA REGALE kann seinen Benutzern in regelm\u00e4\u00dfigen Abst\u00e4nden Rabattcodes anbieten. Diese Rabatte k\u00f6nnen nur gem\u00e4\u00df den von LA REGALE f\u00fcr jeden Code angegebenen Anweisungen angewendet werden, und in jedem Fall darf der Benutzer nur einen einzigen Code pro Bestellung verwenden.<\/p>\n<p>Die Verwendung von Rabattcodes ist mit bestimmten Werbeaktionen und Sammlungen nicht vereinbar.<\/p>\n\t\t<\/div>\n\t\t\t\t<div id=\"wd-62c746d0b28a3\" class=\"wd-text-block wd-wpb reset-last-child wd-rs-62c746d0b28a3 text-left wd-fontsize-custom vc_custom_1657226970873\">\n\t\t\t<p><strong>ZEIT UND ORT DER LIEFERUNG<\/strong><\/p>\n<p>LA REGALE liefert die Bestellungen an die vom Benutzer im Bestellformular angegebene Adresse.<\/p>\n<p>LA REGALE \u00fcbernimmt keine Haftung, wenn Bestellungen nicht ausgeliefert werden, weil die vom Benutzer angegebenen Daten falsch, ungenau oder unvollst\u00e4ndig sind oder aus einem anderen, dem Benutzer zuzuschreibenden Grund.<\/p>\n<p>LA REGALE wird alle erforderlichen Ma\u00dfnahmen ergreifen, damit die Lieferung innerhalb des vereinbarten Zeitrahmens erfolgen kann. LA REGALE betrachtet die Best\u00e4tigung der Zahlung, \u00fcber eines der aktivierten Systeme, als notwendige Bedingung f\u00fcr die Einhaltung der Lieferfristen. Die dem Nutzer angegebenen Zeiten sind jedoch eine Sch\u00e4tzung und k\u00f6nnen aus logistischen Gr\u00fcnden oder wegen h\u00f6herer Gewalt variieren.<\/p>\n<p>Die Lieferung gilt ab dem Zeitpunkt als erfolgt, an dem LA REGALE oder das von ihr beauftragte Transportunternehmen das Produkt dem Benutzer zur Verf\u00fcgung stellt.<\/p>\n\t\t<\/div>\n\t\t\t\t<div id=\"wd-62c746ee6b5e3\" class=\"wd-text-block wd-wpb reset-last-child wd-rs-62c746ee6b5e3 text-left wd-fontsize-custom vc_custom_1657226997196\">\n\t\t\t<p><strong>UMTAUSCH UND R\u00dcCKGABE<\/strong><\/p>\n<p><em>*Die R\u00fcckgabe- und Erstattungsbestimmungen gelten nur f\u00fcr Produkte, die \u00fcber unsere offizielle Website gekauft wurden.<\/em><\/p>\n<p><u>1.1 FEHLERHAFTES PRODUKT<\/u><\/p>\n<p>Im Falle eines fehlerhaften Produkts m\u00fcssen Sie uns innerhalb von 14 Tagen nach Erhalt Ihrer Bestellung per E-Mail kontaktieren und uns ein Foto schicken, auf dem der Fehler deutlich zu erkennen ist, damit wir \u00fcberpr\u00fcfen k\u00f6nnen, ob das Produkt tats\u00e4chlich fehlerhaft ist.<\/p>\n<p>Wenn das defekte Produkt ins Lager geschickt werden muss, \u00fcbernimmt LA REGALE die Versandkosten. Wenn sich das Produkt als fehlerhaft erweist, wird dem betreffenden Nutzer eine R\u00fcckerstattung oder ein Umtausch gew\u00e4hrt.<\/p>\n<p><u>1.2 FALSCHE BESTELLUNG<\/u><\/p>\n<p>Wenn Sie eine Bestellung erhalten, die nicht dem entspricht, was Sie gekauft haben, m\u00fcssen Sie sich innerhalb von 14 Tagen nach Erhalt der Bestellung mit LA REGALE in Verbindung setzen und uns ein Foto schicken, das alles zeigt, was Sie erhalten haben, mit dem entsprechenden Hinweis auf der Verpackung, dem Zahlungs- und dem Versandbeleg. Wir werden Ihnen eine L\u00f6sung anbieten, sobald wir den Inhalt \u00fcberpr\u00fcft haben.<\/p>\n<p>Wenn das Produkt ins Lager geschickt werden muss, \u00fcbernimmt LA REGALE die Versandkosten. Wenn sich herausstellt, dass die Bestellung fehlerhaft war, erh\u00e4lt der betreffende Nutzer eine Erstattung oder einen Umtausch.<\/p>\n<p>Das Produkt darf nicht benutzt worden sein und muss in der Originalverpackung mit dem Etui und den dazugeh\u00f6rigen Etiketten eingesandt werden.<\/p>\n<p><u>1.3 AUFTRAGS\u00c4NDERUNGEN ODER R\u00dcCKSENDUNGEN<\/u><\/p>\n<p>F\u00fcr den Umtausch oder die R\u00fcckgabe muss das Produkt an die LA REGALE-Gesch\u00e4ftsstelle geschickt werden. Die Frist f\u00fcr einen Umtausch oder eine R\u00fcckgabe betr\u00e4gt 14 Tage nach Erhalt der Bestellung. Das Produkt darf nicht benutzt worden sein und muss in der Originalverpackung mit dem Etui und den dazugeh\u00f6rigen Etiketten eingesandt werden. Die Kosten der R\u00fccksendung gehen zu Lasten des Kunden.<\/p>\n<p>Kontaktieren Sie uns per E-Mail, um weitere Anweisungen zur R\u00fcckgabe zu erhalten.<\/p>\n<p><u>1,4 ERSTATTUNGSZEITEN<\/u><\/p>\n<p>Sobald das Paket an unser B\u00fcro oder Lager zur\u00fcckgeschickt wurde, wird es bearbeitet, bevor eine Erstattung genehmigt wird. Das Produkt muss innerhalb von 14 Tagen nach Erhalt der Bestellung eingesandt werden, darf nicht benutzt worden sein und muss in der Originalverpackung mit dem Etui und den dazugeh\u00f6rigen Etiketten geliefert werden.<\/p>\n<p>Im Falle einer Genehmigung wird der volle Preis der Ware innerhalb von 7 Werktagen erstattet und Sie werden per E-Mail \u00fcber die Transaktion informiert. Sobald eine Erstattung erfolgt ist, k\u00f6nnen Sie diese innerhalb von 5-10 Arbeitstagen erhalten.<\/p>\n\t\t<\/div>\n\t\t[\/vc_column_inner][\/vc_row_inner][vc_separator color=&#8220;custom&#8220; accent_color=&#8220;rgba(10,10,10,0.12)&#8220; css=&#8220;.vc_custom_1499600318751{margin-bottom: 30px !important;padding-top: 10px !important;}&#8220;][vc_row_inner content_placement=&#8220;middle&#8220; css=&#8220;.vc_custom_1499600064550{padding-top: 0px !important;}&#8220;][vc_column_inner width=&#8220;1\/2&#8243; css=&#8220;.vc_custom_1499599961071{margin-bottom: 20px !important;padding-top: 0px !important;}&#8220;]\t\t<div id=\"wd-62c74df2ec46e\" class=\"wd-text-block wd-wpb reset-last-child wd-rs-62c74df2ec46e text-left vc_custom_1657228796822\">\n\t\t\t<p><small><a href=\"https:\/\/laregalenocciole.com\/de\/\"><br \/>\n<strong>DAS REGAL<\/strong><br \/>\n<\/a> <i class=\"fa fa-copyright\"><\/i> 2022 POWERED BY <a href=\"https:\/\/iconagraphic.com\/\"><br \/>\n<strong>IconaGraphic<\/strong><br \/>\n<\/a>. HOCHWERTIGE L\u00d6SUNGEN F\u00dcR DEN ELEKTRONISCHEN HANDEL.<\/small><\/p>\n\t\t<\/div>\n\t\t[\/vc_column_inner][vc_column_inner width=&#8220;1\/2&#8243; css=&#8220;.vc_custom_1499599970647{margin-bottom: 20px !important;padding-top: 0px !important;}&#8220;]\t\t\t<div\n\t\t\t\t\t\tclass=\" wd-rs-62c747ca858b4 wd-social-icons  wd-style-bordered wd-size-small social-follow wd-shape-circle text-right\">\n\t\t\t\t\n\t\t\t\t\n\t\t\t\t\t\t\t\t\t<a rel=\"noopener noreferrer nofollow\" href=\"https:\/\/it-it.facebook.com\/laregalenocciole\" target=\"_blank\" class=\" wd-social-icon social-facebook\" aria-label=\"Facebook social link\">\n\t\t\t\t\t\t<span class=\"wd-icon\"><\/span>\n\t\t\t\t\t\t\t\t\t\t\t<\/a>\n\t\t\t\t\n\t\t\t\t\n\t\t\t\t\n\t\t\t\t\n\t\t\t\t\n\t\t\t\t\n\t\t\t\t\t\t\t\t\t<a rel=\"noopener noreferrer nofollow\" href=\"https:\/\/youtu.be\/G_fmRRgQMdQ\" target=\"_blank\" class=\" wd-social-icon social-youtube\" aria-label=\"YouTube social link\">\n\t\t\t\t\t\t<span class=\"wd-icon\"><\/span>\n\t\t\t\t\t\t\t\t\t\t\t<\/a>\n\t\t\t\t\n\t\t\t\t\n\t\t\t\t\n\t\t\t\t\n\t\t\t\t\n\t\t\t\t\n\t\t\t\t\n\t\t\t\t\n\t\t\t\t\n\t\t\t\t\n\t\t\t\t\n\t\t\t\t\n\t\t\t\t\n\t\t\t\t\n\t\t\t\t\n\t\t\t\t\n\t\t\t\t\n\t\t\t\t\n\t\t\t\t\n\t\t\t\t\n\t\t\t<\/div>\n\n\t\t[\/vc_column_inner][\/vc_row_inner][\/vc_column][\/vc_row]<\/p>\n<\/div>","protected":false},"excerpt":{"rendered":"<p>[vc_row css=&#8220;.vc_custom_1629811873442{margin-bottom: 80px !important;}&#8220; wd_z_index=&#8220;no&#8220; woodmart_css_id=&#8220;6124f49c368cf&#8220; responsive_spacing=&#8220;eyJwYXJhbV90eXBlIjoid29vZG1hcnRfcmVzcG9uc2l2ZV9zcGFjaW5nIiwic2VsZWN0b3JfaWQiOiI2MTI0ZjQ5YzM2OGNmIiwic2hvcnRjb2RlIjoidmNfcm93IiwiZGF0YSI6eyJ0YWJsZXQiOnt9LCJtb2JpbGUiOnsibWFyZ2luLWJvdHRvbSI6IjYwIn19fQ==&#8220; mobile_bg_img_hidden=&#8220;no&#8220; tablet_bg_img_hidden=&#8220;no&#8220; woodmart_parallax=&#8220;0&#8243; woodmart_gradient_switch=&#8220;no&#8220; row_reverse_mobile=&#8220;0&#8243; row_reverse_tablet=&#8220;0&#8243; woodmart_disable_overflow=&#8220;0&#8243;][vc_column offset=&#8220;vc_col-lg-offset-2 vc_col-lg-8 vc_col-md-offset-2 vc_col-md-8 vc_col-sm-offset-0&#8243; css=&#8220;.vc_custom_1499599304156{padding-top:<\/p>\n","protected":false},"author":1,"featured_media":0,"parent":0,"menu_order":5,"comment_status":"closed","ping_status":"closed","template":"","meta":{"footnotes":""},"class_list":["post-10081","page","type-page","status-publish","hentry"],"_links":{"self":[{"href":"https:\/\/laregalenocciole.com\/de\/wp-json\/wp\/v2\/pages\/10081","targetHints":{"allow":["GET"]}}],"collection":[{"href":"https:\/\/laregalenocciole.com\/de\/wp-json\/wp\/v2\/pages"}],"about":[{"href":"https:\/\/laregalenocciole.com\/de\/wp-json\/wp\/v2\/types\/page"}],"author":[{"embeddable":true,"href":"https:\/\/laregalenocciole.com\/de\/wp-json\/wp\/v2\/users\/1"}],"replies":[{"embeddable":true,"href":"https:\/\/laregalenocciole.com\/de\/wp-json\/wp\/v2\/comments?post=10081"}],"version-history":[{"count":3,"href":"https:\/\/laregalenocciole.com\/de\/wp-json\/wp\/v2\/pages\/10081\/revisions"}],"predecessor-version":[{"id":11023,"href":"https:\/\/laregalenocciole.com\/de\/wp-json\/wp\/v2\/pages\/10081\/revisions\/11023"}],"wp:attachment":[{"href":"https:\/\/laregalenocciole.com\/de\/wp-json\/wp\/v2\/media?parent=10081"}],"curies":[{"name":"wp","href":"https:\/\/api.w.org\/{rel}","templated":true}]}}