{"id":10101,"date":"2022-05-03T22:22:12","date_gmt":"2022-05-03T22:22:12","guid":{"rendered":"https:\/\/laregalenocciole.com\/direkte-verarbeitung\/"},"modified":"2022-10-17T22:00:41","modified_gmt":"2022-10-17T22:00:41","slug":"direkte-verarbeitung","status":"publish","type":"page","link":"https:\/\/laregalenocciole.com\/de\/direkte-verarbeitung\/","title":{"rendered":"Direkte Verarbeitung"},"content":{"rendered":"<div class=\"wpb-content-wrapper\"><p>[vc_row content_placement=&#8220;middle&#8220; css=&#8220;.vc_custom_1651619559529{margin-top: -40px !important;margin-bottom: 40px !important;}&#8220; woodmart_css_id=&#8220;6271b6dd25416&#8243; responsive_spacing=&#8220;eyJwYXJhbV90eXBlIjoid29vZG1hcnRfcmVzcG9uc2l2ZV9zcGFjaW5nIiwic2VsZWN0b3JfaWQiOiI2MjcxYjZkZDI1NDE2Iiwic2hvcnRjb2RlIjoidmNfcm93IiwiZGF0YSI6eyJ0YWJsZXQiOnsibWFyZ2luLWJvdHRvbSI6IjUwcHgifSwibW9iaWxlIjp7fX19&#8243; mobile_bg_img_hidden=&#8220;no&#8220; tablet_bg_img_hidden=&#8220;no&#8220; woodmart_parallax=&#8220;0&#8243; woodmart_gradient_switch=&#8220;no&#8220; row_reverse_mobile=&#8220;0&#8243; row_reverse_tablet=&#8220;0&#8243; woodmart_disable_overflow=&#8220;0&#8243; woodmart_box_shadow=&#8220;no&#8220; wd_z_index=&#8220;no&#8220;][vc_column css=&#8220;.vc_custom_1628180218647{margin-bottom: 40px !important;}&#8220; offset=&#8220;vc_col-md-6&#8243; woodmart_css_id=&#8220;610c0ef62e08a&#8220; responsive_spacing=&#8220;eyJwYXJhbV90eXBlIjoid29vZG1hcnRfcmVzcG9uc2l2ZV9zcGFjaW5nIiwic2VsZWN0b3JfaWQiOiI2MTBjMGVmNjJlMDhhIiwic2hvcnRjb2RlIjoidmNfY29sdW1uIiwiZGF0YSI6eyJ0YWJsZXQiOnt9LCJtb2JpbGUiOnt9fX0=&#8220; parallax_scroll=&#8220;no&#8220; mobile_bg_img_hidden=&#8220;no&#8220; tablet_bg_img_hidden=&#8220;no&#8220; woodmart_parallax=&#8220;0&#8243; woodmart_sticky_column=&#8220;false&#8220; mobile_reset_margin=&#8220;no&#8220; tablet_reset_margin=&#8220;no&#8220;]\n\t\t<div id=\"wd-62ac99d330d40\" class=\"title-wrapper wd-wpb wd-set-mb reset-last-child  wd-rs-62ac99d330d40 wd-title-color-default wd-title-style-default text-left vc_custom_1655478746353 wd-underline-colored\">\n\t\t\t\n\t\t\t<div class=\"liner-continer\">\n\t\t\t\t<h4 class=\"woodmart-title-container title  wd-font-weight- wd-fontsize-l\" >Verarbeitung<\/h4>\n\t\t\t\t\t\t\t<\/div>\n\t\t\t\n\t\t\t\n\t\t\t\n\t\t<\/div>\n\t\t\n\t\t\n\t\t<div id=\"wd-62ac99a3b2695\" class=\"title-wrapper wd-wpb wd-set-mb reset-last-child  wd-rs-62ac99a3b2695 wd-title-color-default wd-title-style-default text-left vc_custom_1655478700634 wd-underline-colored\">\n\t\t\t\n\t\t\t<div class=\"liner-continer\">\n\t\t\t\t<h4 class=\"woodmart-title-container title  wd-font-weight-400 wd-fontsize-l\" >live<\/h4>\n\t\t\t\t\t\t\t<\/div>\n\t\t\t\n\t\t\t\n\t\t\t\n\t\t<\/div>\n\t\t\n\t\t\t\t<div id=\"wd-630f14f5e879a\" class=\"wd-text-block wd-wpb reset-last-child wd-rs-630f14f5e879a text-left wd-width-enabled wd-fontsize-m vc_custom_1661932794399\" style=\"--wd-max-width: 90%;\">\n\t\t\t<p>Wir verfolgen jeden einzelnen Schritt vom Anbau auf dem Feld bis zur Verarbeitung und Umwandlung in das Endprodukt, das der Konditor als Zutat f\u00fcr die Zubereitung von Desserts und f\u00fcr die Rezepte unserer piemontesischen K\u00fcche und vieler anderer Regionen verwendet.<\/p>\n\t\t<\/div>\n\t\t[vc_row_inner][vc_column_inner width=&#8220;1\/2&#8243;]\t\t\t<div class=\"info-box-wrapper\">\n\t\t\t\t<div id=\"wd-627e5438db99a\" class=\" wd-rs-627e5438db99a wd-info-box wd-wpb text-center box-icon-align-top box-style- color-scheme- wd-bg-none vc_custom_1652446274718\">\n\t\t\t\t\t\t\t\t\t\t\t<div class=\"box-icon-wrapper  box-with-icon box-icon-with-border\">\n\t\t\t\t\t\t\t<div class=\"info-box-icon\">\n\n\t\t\t\t\t\t\t\n\t\t\t\t\t\t\t\t\t\t\t\t\t\t\t\t\t<div class=\"info-svg-wrapper\" style=\"width: 50px;height: 50px;\"><img decoding=\"async\"  src=\"https:\/\/laregalenocciole.com\/wp-content\/uploads\/2022\/02\/01_Raccolta.svg\" title=\"01_Raccolta\" loading=\"lazy\" width=\"50\" height=\"50\"><\/div>\t\t\t\t\t\t\t\t\t\t\t\t\t\t\t\n\t\t\t\t\t\t\t<\/div>\n\t\t\t\t\t\t<\/div>\n\t\t\t\t\t\t\t\t\t\t<div class=\"info-box-content\">\n\t\t\t\t\t\t<h4 class=\"info-box-title title box-title-style-default wd-fontsize-s\">1. KOLLEKTION<\/h4>\t\t\t\t\t\t<div class=\"info-box-inner reset-last-child\"><p>Die Ernte unserer Haseln\u00fcsse erfolgt mit einer selbstfahrenden Maschine, die es uns erm\u00f6glicht, alle Fr\u00fcchte zu sammeln, ohne sie zu besch\u00e4digen.<\/p>\n<\/div>\n\n\t\t\t\t\t\t\t\t\t\t\t<\/div>\n\n\t\t\t\t\t\n\t\t\t\t\t\t\t\t\t<\/div>\n\t\t\t<\/div>\n\t\t\t\t\t<div class=\"info-box-wrapper\">\n\t\t\t\t<div id=\"wd-627e5484ae443\" class=\" wd-rs-627e5484ae443 wd-info-box wd-wpb text-center box-icon-align-top box-style- color-scheme- wd-bg-none vc_custom_1652446343539\">\n\t\t\t\t\t\t\t\t\t\t\t<div class=\"box-icon-wrapper  box-with-icon box-icon-with-border\">\n\t\t\t\t\t\t\t<div class=\"info-box-icon\">\n\n\t\t\t\t\t\t\t\n\t\t\t\t\t\t\t\t\t\t\t\t\t\t\t\t\t<div class=\"info-svg-wrapper\" style=\"width: 50px;height: 50px;\"><img decoding=\"async\"  src=\"https:\/\/laregalenocciole.com\/wp-content\/uploads\/2022\/02\/02_Pulizia.svg\" title=\"02_Pulizia\" loading=\"lazy\" width=\"50\" height=\"50\"><\/div>\t\t\t\t\t\t\t\t\t\t\t\t\t\t\t\n\t\t\t\t\t\t\t<\/div>\n\t\t\t\t\t\t<\/div>\n\t\t\t\t\t\t\t\t\t\t<div class=\"info-box-content\">\n\t\t\t\t\t\t<h4 class=\"info-box-title title box-title-style-default wd-fontsize-s\">2. REINIGUNG<\/h4>\t\t\t\t\t\t<div class=\"info-box-inner reset-last-child\"><p>Wir trennen alle Unreinheiten von den N\u00fcssen und die guten Fr\u00fcchte von den leeren. Dann werden die Haseln\u00fcsse getrocknet, um \u00fcbersch\u00fcssige Feuchtigkeit zu entfernen, und schlie\u00dflich wird das Produkt in trockenen, gut bel\u00fcfteten R\u00e4umen gelagert.<\/p>\n<\/div>\n\n\t\t\t\t\t\t\t\t\t\t\t<\/div>\n\n\t\t\t\t\t\n\t\t\t\t\t\t\t\t\t<\/div>\n\t\t\t<\/div>\n\t\t\t\t\t<div class=\"info-box-wrapper\">\n\t\t\t\t<div id=\"wd-627e548b2d731\" class=\" wd-rs-627e548b2d731 wd-info-box wd-wpb text-center box-icon-align-top box-style- color-scheme- wd-bg-none vc_custom_1652446350264\">\n\t\t\t\t\t\t\t\t\t\t\t<div class=\"box-icon-wrapper  box-with-icon box-icon-with-border\">\n\t\t\t\t\t\t\t<div class=\"info-box-icon\">\n\n\t\t\t\t\t\t\t\n\t\t\t\t\t\t\t\t\t\t\t\t\t\t\t\t\t<div class=\"info-svg-wrapper\" style=\"width: 50px;height: 50px;\"><img decoding=\"async\"  src=\"https:\/\/laregalenocciole.com\/wp-content\/uploads\/2022\/02\/04_Calibratura_NCGuscio.svg\" title=\"04_Calibratura_NCGuscio\" loading=\"lazy\" width=\"50\" height=\"50\"><\/div>\t\t\t\t\t\t\t\t\t\t\t\t\t\t\t\n\t\t\t\t\t\t\t<\/div>\n\t\t\t\t\t\t<\/div>\n\t\t\t\t\t\t\t\t\t\t<div class=\"info-box-content\">\n\t\t\t\t\t\t<h4 class=\"info-box-title title box-title-style-default wd-fontsize-s\">3. SCH\u00c4LEN VON HASELN\u00dcSSEN IN DER SCHALE<\/h4>\t\t\t\t\t\t<div class=\"info-box-inner reset-last-child\"><p>Das Zerkleinern von Haseln\u00fcssen in der Schale erfolgt mit speziellen Maschinen, den so genannten Zerkleinerungsmaschinen, die oszillierende Siebe mit 14 bis 20 mm gro\u00dfen L\u00f6chern verwenden.<\/p>\n<\/div>\n\n\t\t\t\t\t\t\t\t\t\t\t<\/div>\n\n\t\t\t\t\t\n\t\t\t\t\t\t\t\t\t<\/div>\n\t\t\t<\/div>\n\t\t\t\t\t<div class=\"info-box-wrapper\">\n\t\t\t\t<div id=\"wd-627e549804d4d\" class=\" wd-rs-627e549804d4d wd-info-box wd-wpb text-center box-icon-align-top box-style- color-scheme- wd-bg-none vc_custom_1652446363474\">\n\t\t\t\t\t\t\t\t\t\t\t<div class=\"box-icon-wrapper  box-with-icon box-icon-with-border\">\n\t\t\t\t\t\t\t<div class=\"info-box-icon\">\n\n\t\t\t\t\t\t\t\n\t\t\t\t\t\t\t\t\t\t\t\t\t\t\t\t\t<div class=\"info-svg-wrapper\" style=\"width: 50px;height: 50px;\"><img decoding=\"async\"  src=\"https:\/\/laregalenocciole.com\/wp-content\/uploads\/2022\/02\/07_Sgusciatura.svg\" title=\"07_Sgusciatura\" loading=\"lazy\" width=\"50\" height=\"50\"><\/div>\t\t\t\t\t\t\t\t\t\t\t\t\t\t\t\n\t\t\t\t\t\t\t<\/div>\n\t\t\t\t\t\t<\/div>\n\t\t\t\t\t\t\t\t\t\t<div class=\"info-box-content\">\n\t\t\t\t\t\t<h4 class=\"info-box-title title box-title-style-default wd-fontsize-s\">4. SCUSHING<\/h4>\t\t\t\t\t\t<div class=\"info-box-inner reset-last-child\"><p>Nach der Sortierung der Haseln\u00fcsse folgt das Sch\u00e4len, bei dem die Haselnussfrucht mit Hilfe einer speziellen Maschine von der Schale getrennt wird.<\/p>\n<\/div>\n\n\t\t\t\t\t\t\t\t\t\t\t<\/div>\n\n\t\t\t\t\t\n\t\t\t\t\t\t\t\t\t<\/div>\n\t\t\t<\/div>\n\t\t[\/vc_column_inner][vc_column_inner width=&#8220;1\/2&#8243;]\t\t\t<div class=\"info-box-wrapper\">\n\t\t\t\t<div id=\"wd-627e5446293d8\" class=\" wd-rs-627e5446293d8 wd-info-box wd-wpb text-center box-icon-align-top box-style- color-scheme- wd-bg-none vc_custom_1652446282082\">\n\t\t\t\t\t\t\t\t\t\t\t<div class=\"box-icon-wrapper  box-with-icon box-icon-with-border\">\n\t\t\t\t\t\t\t<div class=\"info-box-icon\">\n\n\t\t\t\t\t\t\t\n\t\t\t\t\t\t\t\t\t\t\t\t\t\t\t\t\t<div class=\"info-svg-wrapper\" style=\"width: 50px;height: 50px;\"><img decoding=\"async\"  src=\"https:\/\/laregalenocciole.com\/wp-content\/uploads\/2022\/02\/03_Calibratura_NSgusciate.svg\" title=\"03_Calibratura_NSgusciate\" loading=\"lazy\" width=\"50\" height=\"50\"><\/div>\t\t\t\t\t\t\t\t\t\t\t\t\t\t\t\n\t\t\t\t\t\t\t<\/div>\n\t\t\t\t\t\t<\/div>\n\t\t\t\t\t\t\t\t\t\t<div class=\"info-box-content\">\n\t\t\t\t\t\t<h4 class=\"info-box-title title box-title-style-default wd-fontsize-s\">5. SORTIEREN VON GESCH\u00c4LTEN HASELN\u00dcSSEN<\/h4>\t\t\t\t\t\t<div class=\"info-box-inner reset-last-child\"><p>Die Sortierung der gesch\u00e4lten Haseln\u00fcsse erfolgt ebenfalls mit Maschinen, die oszillierende Siebe mit 12 bis 14 mm gro\u00dfen L\u00f6chern verwenden.<\/p>\n<\/div>\n\n\t\t\t\t\t\t\t\t\t\t\t<\/div>\n\n\t\t\t\t\t\n\t\t\t\t\t\t\t\t\t<\/div>\n\t\t\t<\/div>\n\t\t\t\t\t<div class=\"info-box-wrapper\">\n\t\t\t\t<div id=\"wd-627e547e97f12\" class=\" wd-rs-627e547e97f12 wd-info-box wd-wpb text-center box-icon-align-top box-style- color-scheme- wd-bg-none vc_custom_1652446338240\">\n\t\t\t\t\t\t\t\t\t\t\t<div class=\"box-icon-wrapper  box-with-icon box-icon-with-border\">\n\t\t\t\t\t\t\t<div class=\"info-box-icon\">\n\n\t\t\t\t\t\t\t\n\t\t\t\t\t\t\t\t\t\t\t\t\t\t\t\t\t<div class=\"info-svg-wrapper\" style=\"width: 50px;height: 50px;\"><img decoding=\"async\"  src=\"https:\/\/laregalenocciole.com\/wp-content\/uploads\/2022\/02\/05_Cernita.svg\" title=\"05_Cernita\" loading=\"lazy\" width=\"50\" height=\"50\"><\/div>\t\t\t\t\t\t\t\t\t\t\t\t\t\t\t\n\t\t\t\t\t\t\t<\/div>\n\t\t\t\t\t\t<\/div>\n\t\t\t\t\t\t\t\t\t\t<div class=\"info-box-content\">\n\t\t\t\t\t\t<h4 class=\"info-box-title title box-title-style-default wd-fontsize-s\">6. CERNITA<\/h4>\t\t\t\t\t\t<div class=\"info-box-inner reset-last-child\"><p>In dieser Phase laufen die Haseln\u00fcsse \u00fcber ein Sortierband, auf dem fachkundige H\u00e4nde pr\u00fcfen, ob jede Haselnuss die erforderlichen Merkmale aufweist, um in die R\u00f6stphase zu gelangen, und gegebenenfalls diejenigen mit M\u00e4ngeln aussortieren.<\/p>\n<\/div>\n\n\t\t\t\t\t\t\t\t\t\t\t<\/div>\n\n\t\t\t\t\t\n\t\t\t\t\t\t\t\t\t<\/div>\n\t\t\t<\/div>\n\t\t\t\t\t<div class=\"info-box-wrapper\">\n\t\t\t\t<div id=\"wd-630f0d72a057b\" class=\" wd-rs-630f0d72a057b wd-info-box wd-wpb text-center box-icon-align-top box-style- color-scheme- wd-bg-none vc_custom_1661930882841\">\n\t\t\t\t\t\t\t\t\t\t\t<div class=\"box-icon-wrapper  box-with-icon box-icon-with-border\">\n\t\t\t\t\t\t\t<div class=\"info-box-icon\">\n\n\t\t\t\t\t\t\t\n\t\t\t\t\t\t\t\t\t\t\t\t\t\t\t\t\t<div class=\"info-svg-wrapper\" style=\"width: 50px;height: 50px;\"><img decoding=\"async\"  src=\"https:\/\/laregalenocciole.com\/wp-content\/uploads\/2022\/02\/06_Tostatura.svg\" title=\"06_Tostatura\" loading=\"lazy\" width=\"50\" height=\"50\"><\/div>\t\t\t\t\t\t\t\t\t\t\t\t\t\t\t\n\t\t\t\t\t\t\t<\/div>\n\t\t\t\t\t\t<\/div>\n\t\t\t\t\t\t\t\t\t\t<div class=\"info-box-content\">\n\t\t\t\t\t\t<h4 class=\"info-box-title title box-title-style-default wd-fontsize-s\">7. TOASTING<\/h4>\t\t\t\t\t\t<div class=\"info-box-inner reset-last-child\"><p>Dabei werden die Haseln\u00fcsse etwa 30 Minuten lang einer Temperatur von etwa 150 \u00baC ausgesetzt, um die Restfeuchtigkeit zu beseitigen und die charakteristischen Aromen der Fr\u00fcchte zu verst\u00e4rken. In diesem Stadium wird die Frucht von der Folie, die sie bedeckt, getrennt.<\/p>\n<\/div>\n\n\t\t\t\t\t\t\t\t\t\t\t<\/div>\n\n\t\t\t\t\t\n\t\t\t\t\t\t\t\t\t<\/div>\n\t\t\t<\/div>\n\t\t\t\t\t<div class=\"info-box-wrapper\">\n\t\t\t\t<div id=\"wd-627e549da61fd\" class=\" wd-rs-627e549da61fd wd-info-box wd-wpb text-center box-icon-align-top box-style- color-scheme- wd-bg-none vc_custom_1652446369199\">\n\t\t\t\t\t\t\t\t\t\t\t<div class=\"box-icon-wrapper  box-with-icon box-icon-with-border\">\n\t\t\t\t\t\t\t<div class=\"info-box-icon\">\n\n\t\t\t\t\t\t\t\n\t\t\t\t\t\t\t\t\t\t\t\t\t\t\t\t\t<div class=\"info-svg-wrapper\" style=\"width: 50px;height: 50px;\"><img decoding=\"async\"  src=\"https:\/\/laregalenocciole.com\/wp-content\/uploads\/2022\/02\/05_Cernita.svg\" title=\"05_Cernita\" loading=\"lazy\" width=\"50\" height=\"50\"><\/div>\t\t\t\t\t\t\t\t\t\t\t\t\t\t\t\n\t\t\t\t\t\t\t<\/div>\n\t\t\t\t\t\t<\/div>\n\t\t\t\t\t\t\t\t\t\t<div class=\"info-box-content\">\n\t\t\t\t\t\t<h4 class=\"info-box-title title box-title-style-default wd-fontsize-s\">8. SORTIEREN VON GER\u00d6STETEN HASELN\u00dcSSEN<\/h4>\t\t\t\t\t\t<div class=\"info-box-inner reset-last-child\"><p>Die Haseln\u00fcsse werden erneut \u00fcber ein Sortierband gef\u00fchrt, um diejenigen auszusortieren, die nicht den gew\u00fcnschten Qualit\u00e4tsstandards entsprechen.<\/p>\n<\/div>\n\n\t\t\t\t\t\t\t\t\t\t\t<\/div>\n\n\t\t\t\t\t\n\t\t\t\t\t\t\t\t\t<\/div>\n\t\t\t<\/div>\n\t\t[\/vc_column_inner][\/vc_row_inner]\t\t<div id=\"wd-6271b72541feb\" class=\"wd-text-block wd-wpb reset-last-child wd-rs-6271b72541feb text-left wd-width-enabled wd-fontsize-s vc_custom_1651619635919\" style=\"--wd-max-width: 90%;\">\n\t\t\t<p>Jetzt sind die Haseln\u00fcsse bereit f\u00fcr die n\u00e4chsten Verarbeitungsschritte und werden in einzigartige Produkte verwandelt, die zu jeder Tageszeit genossen werden k\u00f6nnen!<\/p>\n\t\t<\/div>\n\t\t<div id=\"wd-627e54c055904\" class=\" wd-rs-627e54c055904  wd-button-wrapper text-center inline-element\"><a href=\"#\" title=\"\" class=\"btn btn-color-primary btn-style-round btn-shape-rectangle btn-size-default\">EINE GEF\u00dcHRTE TOUR BUCHEN<\/a><\/div>[\/vc_column][vc_column css=&#8220;.vc_custom_1628845104595{margin-bottom: -120px !important;}&#8220; offset=&#8220;vc_col-md-6&#8243; woodmart_css_id=&#8220;6116342b7ec71&#8243; responsive_spacing=&#8220;eyJwYXJhbV90eXBlIjoid29vZG1hcnRfcmVzcG9uc2l2ZV9zcGFjaW5nIiwic2VsZWN0b3JfaWQiOiI2MTE2MzQyYjdlYzcxIiwic2hvcnRjb2RlIjoidmNfY29sdW1uIiwiZGF0YSI6eyJ0YWJsZXQiOnsibWFyZ2luLWJvdHRvbSI6IjAifSwibW9iaWxlIjp7fX19&#8243; parallax_scroll=&#8220;no&#8220; mobile_bg_img_hidden=&#8220;no&#8220; tablet_bg_img_hidden=&#8220;no&#8220; woodmart_parallax=&#8220;0&#8243; woodmart_sticky_column=&#8220;false&#8220; mobile_reset_margin=&#8220;no&#8220; tablet_reset_margin=&#8220;no&#8220; wd_z_index=&#8220;yes&#8220;]\t\t<div id=\"gallery_309\" class=\"wd-images-gallery wd-wpb wd-rs-62ac981f5486b\" style=\"--wd-justify-content:center;--wd-align-items:center;\">\n\t\t\t\n\t\t\t<div class=\" wd-grid-g\" style=\"--wd-col-lg:1;--wd-col-md:1;--wd-col-sm:1;--wd-gap-lg:20px;--wd-gap-sm:10px;\">\n\t\t\t\t\n\t\t\t\t\t\t\t\t\t\t\t\t\t\t\t<div class=\"wd-gallery-item wd-col\">\n\t\t\t\t\t\t\t\n\t\t\t\t\t\t\t\t<img loading=\"lazy\" decoding=\"async\" width=\"581\" height=\"318\" src=\"https:\/\/laregalenocciole.com\/wp-content\/uploads\/2022\/06\/Noccioleto-581x318.jpg\" class=\"wd-gallery-image image-1\" alt=\"\" srcset=\"https:\/\/laregalenocciole.com\/wp-content\/uploads\/2022\/06\/Noccioleto.jpg 581w, https:\/\/laregalenocciole.com\/wp-content\/uploads\/2022\/06\/Noccioleto-430x235.jpg 430w, https:\/\/laregalenocciole.com\/wp-content\/uploads\/2022\/06\/Noccioleto-150x82.jpg 150w, https:\/\/laregalenocciole.com\/wp-content\/uploads\/2022\/06\/Noccioleto-400x219.jpg 400w\" sizes=\"auto, (max-width: 581px) 100vw, 581px\" \/>\n\t\t\t\t\t\t\t\t\t\t\t\t\t\t<\/div>\n\t\t\t\t\t\t\t\t\t\n\t\t\t\t\t\t\t<\/div>\n\n\t\t\t\t\t<\/div>\n\t\t\t\t<div id=\"gallery_839\" class=\"wd-images-gallery wd-wpb wd-rs-62ac821775e25\" style=\"--wd-justify-content:center;--wd-align-items:center;\">\n\t\t\t\n\t\t\t<div class=\" wd-grid-g\" style=\"--wd-col-lg:2;--wd-col-md:2;--wd-col-sm:1;--wd-gap-lg:20px;--wd-gap-sm:10px;\">\n\t\t\t\t\n\t\t\t\t\t\t\t\t\t\t\t\t\t\t\t<div class=\"wd-gallery-item wd-col\">\n\t\t\t\t\t\t\t\n\t\t\t\t\t\t\t\t<img loading=\"lazy\" decoding=\"async\" width=\"281\" height=\"336\" src=\"https:\/\/laregalenocciole.com\/wp-content\/uploads\/2022\/06\/Raccolta_01-281x336.jpg\" class=\"wd-gallery-image image-1\" alt=\"\" \/>\n\t\t\t\t\t\t\t\t\t\t\t\t\t\t<\/div>\n\t\t\t\t\t\t\t\t\t\t\t<div class=\"wd-gallery-item wd-col\">\n\t\t\t\t\t\t\t\n\t\t\t\t\t\t\t\t<img loading=\"lazy\" decoding=\"async\" width=\"281\" height=\"336\" src=\"https:\/\/laregalenocciole.com\/wp-content\/uploads\/2022\/06\/Raccolta_02-281x336.jpg\" class=\"wd-gallery-image image-2\" alt=\"\" \/>\n\t\t\t\t\t\t\t\t\t\t\t\t\t\t<\/div>\n\t\t\t\t\t\t\t\t\t\n\t\t\t\t\t\t\t<\/div>\n\n\t\t\t\t\t<\/div>\n\t\t\t\t<div id=\"gallery_713\" class=\"wd-images-gallery wd-wpb wd-rs-62ac8958b45c9\" style=\"--wd-justify-content:center;--wd-align-items:center;\">\n\t\t\t\n\t\t\t<div class=\" wd-grid-g\" style=\"--wd-col-lg:2;--wd-col-md:2;--wd-col-sm:1;--wd-gap-lg:20px;--wd-gap-sm:10px;\">\n\t\t\t\t\n\t\t\t\t\t\t\t\t\t\t\t\t\t\t\t<div class=\"wd-gallery-item wd-col\">\n\t\t\t\t\t\t\t\n\t\t\t\t\t\t\t\t<img loading=\"lazy\" decoding=\"async\" width=\"281\" height=\"336\" src=\"https:\/\/laregalenocciole.com\/wp-content\/uploads\/2022\/06\/Calibratura_01-281x336.jpg\" class=\"wd-gallery-image image-1\" alt=\"\" \/>\n\t\t\t\t\t\t\t\t\t\t\t\t\t\t<\/div>\n\t\t\t\t\t\t\t\t\t\t\t<div class=\"wd-gallery-item wd-col\">\n\t\t\t\t\t\t\t\n\t\t\t\t\t\t\t\t<img loading=\"lazy\" decoding=\"async\" width=\"281\" height=\"336\" src=\"https:\/\/laregalenocciole.com\/wp-content\/uploads\/2022\/06\/Sgusciatura-281x336.jpg\" class=\"wd-gallery-image image-2\" alt=\"\" \/>\n\t\t\t\t\t\t\t\t\t\t\t\t\t\t<\/div>\n\t\t\t\t\t\t\t\t\t\n\t\t\t\t\t\t\t<\/div>\n\n\t\t\t\t\t<\/div>\n\t\t\t\t<div id=\"gallery_316\" class=\"wd-images-gallery wd-wpb wd-rs-62ac8a945939a\" style=\"--wd-justify-content:center;--wd-align-items:center;\">\n\t\t\t\n\t\t\t<div class=\" wd-grid-g\" style=\"--wd-col-lg:1;--wd-col-md:1;--wd-col-sm:1;--wd-gap-lg:20px;--wd-gap-sm:10px;\">\n\t\t\t\t\n\t\t\t\t\t\t\t\t\t\t\t\t\t\t\t<div class=\"wd-gallery-item wd-col\">\n\t\t\t\t\t\t\t\n\t\t\t\t\t\t\t\t<img loading=\"lazy\" decoding=\"async\" width=\"581\" height=\"318\" src=\"https:\/\/laregalenocciole.com\/wp-content\/uploads\/2022\/06\/Cernita_nocciole_Sgusciate-581x318.jpg\" class=\"wd-gallery-image image-1\" alt=\"\" srcset=\"https:\/\/laregalenocciole.com\/wp-content\/uploads\/2022\/06\/Cernita_nocciole_Sgusciate.jpg 581w, https:\/\/laregalenocciole.com\/wp-content\/uploads\/2022\/06\/Cernita_nocciole_Sgusciate-430x235.jpg 430w, https:\/\/laregalenocciole.com\/wp-content\/uploads\/2022\/06\/Cernita_nocciole_Sgusciate-150x82.jpg 150w, https:\/\/laregalenocciole.com\/wp-content\/uploads\/2022\/06\/Cernita_nocciole_Sgusciate-400x219.jpg 400w\" sizes=\"auto, (max-width: 581px) 100vw, 581px\" \/>\n\t\t\t\t\t\t\t\t\t\t\t\t\t\t<\/div>\n\t\t\t\t\t\t\t\t\t\n\t\t\t\t\t\t\t<\/div>\n\n\t\t\t\t\t<\/div>\n\t\t\t\t<div id=\"gallery_980\" class=\"wd-images-gallery wd-wpb wd-rs-62ac8b31e97c9\" style=\"--wd-justify-content:center;--wd-align-items:center;\">\n\t\t\t\n\t\t\t<div class=\" wd-grid-g\" style=\"--wd-col-lg:2;--wd-col-md:2;--wd-col-sm:1;--wd-gap-lg:20px;--wd-gap-sm:10px;\">\n\t\t\t\t\n\t\t\t\t\t\t\t\t\t\t\t\t\t\t\t<div class=\"wd-gallery-item wd-col\">\n\t\t\t\t\t\t\t\n\t\t\t\t\t\t\t\t<img loading=\"lazy\" decoding=\"async\" width=\"281\" height=\"336\" src=\"https:\/\/laregalenocciole.com\/wp-content\/uploads\/2022\/06\/Confezionamento_Nocciole-281x336.jpg\" class=\"wd-gallery-image image-1\" alt=\"\" srcset=\"https:\/\/laregalenocciole.com\/wp-content\/uploads\/2022\/06\/Confezionamento_Nocciole.jpg 281w, https:\/\/laregalenocciole.com\/wp-content\/uploads\/2022\/06\/Confezionamento_Nocciole-150x179.jpg 150w, https:\/\/laregalenocciole.com\/wp-content\/uploads\/2022\/06\/Confezionamento_Nocciole-251x300.jpg 251w\" sizes=\"auto, (max-width: 281px) 100vw, 281px\" \/>\n\t\t\t\t\t\t\t\t\t\t\t\t\t\t<\/div>\n\t\t\t\t\t\t\t\t\t\t\t<div class=\"wd-gallery-item wd-col\">\n\t\t\t\t\t\t\t\n\t\t\t\t\t\t\t\t<img loading=\"lazy\" decoding=\"async\" width=\"281\" height=\"336\" src=\"https:\/\/laregalenocciole.com\/wp-content\/uploads\/2022\/06\/Pane_e_Crema_Nocciole-281x336.jpg\" class=\"wd-gallery-image image-2\" alt=\"\" srcset=\"https:\/\/laregalenocciole.com\/wp-content\/uploads\/2022\/06\/Pane_e_Crema_Nocciole.jpg 281w, https:\/\/laregalenocciole.com\/wp-content\/uploads\/2022\/06\/Pane_e_Crema_Nocciole-150x179.jpg 150w, https:\/\/laregalenocciole.com\/wp-content\/uploads\/2022\/06\/Pane_e_Crema_Nocciole-251x300.jpg 251w\" sizes=\"auto, (max-width: 281px) 100vw, 281px\" \/>\n\t\t\t\t\t\t\t\t\t\t\t\t\t\t<\/div>\n\t\t\t\t\t\t\t\t\t\n\t\t\t\t\t\t\t<\/div>\n\n\t\t\t\t\t<\/div>\n\t\t[\/vc_column][\/vc_row][vc_row][vc_column][vc_empty_space height=&#8220;80px&#8220; woodmart_hide_large=&#8220;0&#8243; woodmart_hide_medium=&#8220;0&#8243; woodmart_hide_small=&#8220;0&#8243; woodmart_hide_extra_small=&#8220;0&#8243;][\/vc_column][\/vc_row]<\/p>\n<\/div>","protected":false},"excerpt":{"rendered":"<p>[vc_row content_placement=&#8220;middle&#8220; css=&#8220;.vc_custom_1651619559529{margin-top: -40px !important;margin-bottom: 40px !important;}&#8220; woodmart_css_id=&#8220;6271b6dd25416&#8243; responsive_spacing=&#8220;eyJwYXJhbV90eXBlIjoid29vZG1hcnRfcmVzcG9uc2l2ZV9zcGFjaW5nIiwic2VsZWN0b3JfaWQiOiI2MjcxYjZkZDI1NDE2Iiwic2hvcnRjb2RlIjoidmNfcm93IiwiZGF0YSI6eyJ0YWJsZXQiOnsibWFyZ2luLWJvdHRvbSI6IjUwcHgifSwibW9iaWxlIjp7fX19&#8243; mobile_bg_img_hidden=&#8220;no&#8220; tablet_bg_img_hidden=&#8220;no&#8220; woodmart_parallax=&#8220;0&#8243; woodmart_gradient_switch=&#8220;no&#8220; row_reverse_mobile=&#8220;0&#8243; row_reverse_tablet=&#8220;0&#8243; woodmart_disable_overflow=&#8220;0&#8243; woodmart_box_shadow=&#8220;no&#8220; wd_z_index=&#8220;no&#8220;][vc_column css=&#8220;.vc_custom_1628180218647{margin-bottom: 40px<\/p>\n","protected":false},"author":1,"featured_media":0,"parent":0,"menu_order":-3,"comment_status":"closed","ping_status":"closed","template":"","meta":{"footnotes":""},"class_list":["post-10101","page","type-page","status-publish","hentry"],"_links":{"self":[{"href":"https:\/\/laregalenocciole.com\/de\/wp-json\/wp\/v2\/pages\/10101","targetHints":{"allow":["GET"]}}],"collection":[{"href":"https:\/\/laregalenocciole.com\/de\/wp-json\/wp\/v2\/pages"}],"about":[{"href":"https:\/\/laregalenocciole.com\/de\/wp-json\/wp\/v2\/types\/page"}],"author":[{"embeddable":true,"href":"https:\/\/laregalenocciole.com\/de\/wp-json\/wp\/v2\/users\/1"}],"replies":[{"embeddable":true,"href":"https:\/\/laregalenocciole.com\/de\/wp-json\/wp\/v2\/comments?post=10101"}],"version-history":[{"count":11,"href":"https:\/\/laregalenocciole.com\/de\/wp-json\/wp\/v2\/pages\/10101\/revisions"}],"predecessor-version":[{"id":10129,"href":"https:\/\/laregalenocciole.com\/de\/wp-json\/wp\/v2\/pages\/10101\/revisions\/10129"}],"wp:attachment":[{"href":"https:\/\/laregalenocciole.com\/de\/wp-json\/wp\/v2\/media?parent=10101"}],"curies":[{"name":"wp","href":"https:\/\/api.w.org\/{rel}","templated":true}]}}