{"id":10146,"date":"2022-05-03T13:55:07","date_gmt":"2022-05-03T13:55:07","guid":{"rendered":"https:\/\/laregalenocciole.com\/unsere-geschichte-2\/"},"modified":"2022-10-17T21:58:02","modified_gmt":"2022-10-17T21:58:02","slug":"unsere-geschichte","status":"publish","type":"page","link":"https:\/\/laregalenocciole.com\/de\/unsere-geschichte\/","title":{"rendered":"Unsere Geschichte"},"content":{"rendered":"<div class=\"wpb-content-wrapper\"><p>[vc_row content_placement=&#8220;middle&#8220; css=&#8220;.vc_custom_1628057832652{margin-bottom: 25px !important;}&#8220; woodmart_css_id=&#8220;610a30d484470&#8243; responsive_spacing=&#8220;eyJwYXJhbV90eXBlIjoid29vZG1hcnRfcmVzcG9uc2l2ZV9zcGFjaW5nIiwic2VsZWN0b3JfaWQiOiI2MTBhMzBkNDg0NDcwIiwic2hvcnRjb2RlIjoidmNfcm93IiwiZGF0YSI6eyJ0YWJsZXQiOnt9LCJtb2JpbGUiOnt9fX0=&#8220; mobile_bg_img_hidden=&#8220;no&#8220; tablet_bg_img_hidden=&#8220;no&#8220; woodmart_parallax=&#8220;0&#8243; woodmart_gradient_switch=&#8220;no&#8220; row_reverse_mobile=&#8220;0&#8243; row_reverse_tablet=&#8220;0&#8243; woodmart_disable_overflow=&#8220;0&#8243;][vc_column css=&#8220;.vc_custom_1503987927476{margin-bottom: 35px !important;padding-top: 0px !important;}&#8220; offset=&#8220;vc_col-md-6&#8243;]\t\t<div id=\"wd-62ac4a9625089\" class=\"wd-image wd-wpb wd-rs-62ac4a9625089 text-center \">\n\t\t\t\n\t\t\t<img loading=\"lazy\" decoding=\"async\" width=\"668\" height=\"500\" src=\"https:\/\/laregalenocciole.com\/wp-content\/uploads\/2022\/06\/Immagine_Familia_Cernita.jpg\" class=\"attachment-full size-full\" alt=\"\" srcset=\"https:\/\/laregalenocciole.com\/wp-content\/uploads\/2022\/06\/Immagine_Familia_Cernita.jpg 668w, https:\/\/laregalenocciole.com\/wp-content\/uploads\/2022\/06\/Immagine_Familia_Cernita-430x322.jpg 430w, https:\/\/laregalenocciole.com\/wp-content\/uploads\/2022\/06\/Immagine_Familia_Cernita-150x112.jpg 150w, https:\/\/laregalenocciole.com\/wp-content\/uploads\/2022\/06\/Immagine_Familia_Cernita-400x300.jpg 400w\" sizes=\"auto, (max-width: 668px) 100vw, 668px\" \/>\n\t\t\t\t\t<\/div>\n\t\t[\/vc_column][vc_column css=&#8220;.vc_custom_1628057810440{margin-bottom: 35px !important;padding-top: 0px !important;}&#8220; offset=&#8220;vc_col-md-6&#8243; woodmart_css_id=&#8220;610a30ce8433d&#8220; responsive_spacing=&#8220;eyJwYXJhbV90eXBlIjoid29vZG1hcnRfcmVzcG9uc2l2ZV9zcGFjaW5nIiwic2VsZWN0b3JfaWQiOiI2MTBhMzBjZTg0MzNkIiwic2hvcnRjb2RlIjoidmNfY29sdW1uIiwiZGF0YSI6eyJ0YWJsZXQiOnt9LCJtb2JpbGUiOnt9fX0=&#8220; parallax_scroll=&#8220;no&#8220; mobile_bg_img_hidden=&#8220;no&#8220; tablet_bg_img_hidden=&#8220;no&#8220; woodmart_parallax=&#8220;0&#8243; woodmart_sticky_column=&#8220;false&#8220; mobile_reset_margin=&#8220;no&#8220; tablet_reset_margin=&#8220;no&#8220;]\t\t<div id=\"wd-62713b0708558\" class=\"wd-image wd-wpb wd-rs-62713b0708558 text-center vc_custom_1651588016823\">\n\t\t\t\n\t\t\t<img loading=\"lazy\" decoding=\"async\" width=\"100\" height=\"63\" src=\"https:\/\/laregalenocciole.com\/wp-content\/uploads\/2022\/04\/Nocciole_x_logo-100x63.png\" class=\"attachment-100x63 size-100x63\" alt=\"\" \/>\n\t\t\t\t\t<\/div>\n\t\t\t\t<div id=\"wd-62ac58116df8d\" class=\"wd-text-block wd-wpb reset-last-child wd-rs-62ac58116df8d text-center color-alt wd-fontsize-custom font-primary vc_custom_1655461914174\">\n\t\t\t<p><em>Aus einer Leidenschaft habe ich einen Beruf gemacht.<\/em><\/p>\n\t\t<\/div>\n\t\t\n\t\t<div id=\"wd-62713fe0dfc76\" class=\"title-wrapper wd-wpb wd-set-mb reset-last-child  wd-rs-62713fe0dfc76 wd-title-color-default wd-title-style-default text-center vc_custom_1651589098062 wd-width-custom wd-underline-colored\">\n\t\t\t\n\t\t\t<div class=\"liner-continer\">\n\t\t\t\t<h4 class=\"woodmart-title-container title  wd-font-weight-400 wd-fontsize-l\" ><strong>La Regale,<\/strong><br \/>\nRespekt vor der Natur.<\/h4>\n\t\t\t\t\t\t\t<\/div>\n\t\t\t\n\t\t\t\t\t\t\t<div class=\"title-after_title reset-last-child  wd-fontsize-xs\">Aus der b\u00e4uerlichen Tradition meines Landes habe ich gelernt, dass der l\u00e4ndliche Raum seine eigenen Bed\u00fcrfnisse und Zeiten hat und Opfer erfordert.<br \/>\nVon meinem Vater und Gro\u00dfvater habe ich gelernt, dass die Erde, wenn man sie respektiert, harte Arbeit belohnt.<\/div>\n\t\t\t\n\t\t\t\n\t\t<\/div>\n\t\t\n\t\t\t\t<div id=\"wd-62b5b3d93bede\" class=\"wd-image wd-wpb wd-rs-62b5b3d93bede text-center vc_custom_1656075249623\">\n\t\t\t\n\t\t\t<img loading=\"lazy\" decoding=\"async\" width=\"177\" height=\"84\" src=\"https:\/\/laregalenocciole.com\/wp-content\/uploads\/2022\/06\/singn_AIija-177x84.png\" class=\"attachment-177x84 size-177x84\" alt=\"\" \/>\n\t\t\t\t\t<\/div>\n\t\t[\/vc_column][\/vc_row][vc_row content_placement=&#8220;top&#8220;][vc_column width=&#8220;1\/2&#8243;]\n\t\t<div id=\"wd-6271408214f28\" class=\"title-wrapper wd-wpb wd-set-mb reset-last-child  wd-rs-6271408214f28 wd-title-color-default wd-title-style-default text-left vc_custom_1651589255463 wd-width-custom wd-underline-colored\">\n\t\t\t\n\t\t\t<div class=\"liner-continer\">\n\t\t\t\t<h4 class=\"woodmart-title-container title  wd-font-weight-400 wd-fontsize-l\" >Wenn aus der Arbeit eine <strong>Leidenschaft<\/strong> wird.<\/h4>\n\t\t\t\t\t\t\t<\/div>\n\t\t\t\n\t\t\t\n\t\t\t\n\t\t<\/div>\n\t\t\n\t\t\t\t<div id=\"wd-627146534cc88\" class=\"wd-text-block wd-wpb reset-last-child wd-rs-627146534cc88 text-left \">\n\t\t\t<p>Die Freude an gesunder Ern\u00e4hrung, die Liebe zur Tradition, die Leidenschaft f\u00fcr unsere Arbeit und der Respekt vor der Natur sind die Prinzipien, die unser Unternehmen antreiben.<\/p>\n<p><strong>Die \u00dcberzeugung, dass nur eine sorgf\u00e4ltige Auswahl der Produkte den Gaumen erobern und t\u00e4glich ein wenig Freude bereiten kann.<\/strong><\/p>\n<blockquote>\n<h3>Haselnuss Tonda Gentile delle Langhe<\/h3>\n<p>die Zutat mit dem einzigartigen und exklusiven Geschmack, der unsere Produkte auszeichnet.\n<\/p><\/blockquote>\n<p>Um das beste Null-Kilometer-Produkt zu garantieren, k\u00fcmmern wir uns direkt um die Ernte, die Verarbeitung, die Verpackung und den Vertrieb unserer Produkte. Dabei wenden wir handwerkliche Methoden an, die es uns erm\u00f6glichen, die Aromen unseres Landes zu bewahren.<\/p>\n\t\t<\/div>\n\t\t[\/vc_column][vc_column width=&#8220;1\/2&#8243; css=&#8220;.vc_custom_1490694541710{padding-top: 0px !important;}&#8220;]\t\t<div id=\"wd-62ac4c6e69ca3\" class=\"wd-image wd-wpb wd-rs-62ac4c6e69ca3 text-center \">\n\t\t\t\n\t\t\t<img loading=\"lazy\" decoding=\"async\" width=\"668\" height=\"500\" src=\"https:\/\/laregalenocciole.com\/wp-content\/uploads\/2022\/06\/Immagine_Andrea_Nocciole.jpg\" class=\"attachment-full size-full\" alt=\"\" srcset=\"https:\/\/laregalenocciole.com\/wp-content\/uploads\/2022\/06\/Immagine_Andrea_Nocciole.jpg 668w, https:\/\/laregalenocciole.com\/wp-content\/uploads\/2022\/06\/Immagine_Andrea_Nocciole-430x322.jpg 430w, https:\/\/laregalenocciole.com\/wp-content\/uploads\/2022\/06\/Immagine_Andrea_Nocciole-150x112.jpg 150w, https:\/\/laregalenocciole.com\/wp-content\/uploads\/2022\/06\/Immagine_Andrea_Nocciole-400x300.jpg 400w\" sizes=\"auto, (max-width: 668px) 100vw, 668px\" \/>\n\t\t\t\t\t<\/div>\n\t\t[\/vc_column][\/vc_row][vc_row full_width=&#8220;stretch_row&#8220; content_placement=&#8220;middle&#8220; woodmart_bg_position=&#8220;left-center&#8220; row_reverse_mobile=&#8220;1&#8243; row_reverse_tablet=&#8220;1&#8243; css=&#8220;.vc_custom_1628762170485{margin-bottom: 40px !important;background-image: url(https:\/\/laregalenocciole.com\/inlavorazione\/wp-content\/uploads\/2022\/05\/wine-left-side-vector-1.jpg) !important;background-position: center !important;background-repeat: no-repeat !important;background-size: contain !important;}&#8220; woodmart_css_id=&#8220;6114f0328ca2d&#8220; responsive_spacing=&#8220;eyJwYXJhbV90eXBlIjoid29vZG1hcnRfcmVzcG9uc2l2ZV9zcGFjaW5nIiwic2VsZWN0b3JfaWQiOiI2MTE0ZjAzMjhjYTJkIiwic2hvcnRjb2RlIjoidmNfcm93IiwiZGF0YSI6eyJ0YWJsZXQiOnt9LCJtb2JpbGUiOnsibWFyZ2luLWJvdHRvbSI6IjIwIn19fQ==&#8220; mobile_bg_img_hidden=&#8220;yes&#8220; tablet_bg_img_hidden=&#8220;yes&#8220; woodmart_parallax=&#8220;0&#8243; woodmart_gradient_switch=&#8220;no&#8220; woodmart_disable_overflow=&#8220;0&#8243;][vc_column css=&#8220;.vc_custom_1628760709527{margin-bottom: 40px !important;padding-top: 0px !important;}&#8220; offset=&#8220;vc_col-lg-6 vc_col-md-6&#8243; mobile_bg_img_hidden=&#8220;no&#8220; woodmart_parallax=&#8220;0&#8243; woodmart_sticky_column=&#8220;false&#8220; parallax_scroll=&#8220;no&#8220; mobile_reset_margin=&#8220;no&#8220; tablet_reset_margin=&#8220;no&#8220; woodmart_css_id=&#8220;6114ea82e9851&#8243; responsive_spacing=&#8220;eyJwYXJhbV90eXBlIjoid29vZG1hcnRfcmVzcG9uc2l2ZV9zcGFjaW5nIiwic2VsZWN0b3JfaWQiOiI2MTE0ZWE4MmU5ODUxIiwic2hvcnRjb2RlIjoidmNfY29sdW1uIiwiZGF0YSI6eyJ0YWJsZXQiOnt9LCJtb2JpbGUiOnt9fX0=&#8220; tablet_bg_img_hidden=&#8220;no&#8220;]\n\t\t<div id=\"wd-62714eeed1364\" class=\"title-wrapper wd-wpb wd-set-mb reset-last-child  wd-rs-62714eeed1364 wd-title-color-default wd-title-style-default text-left vc_custom_1651592951595 wd-width-custom wd-underline-colored\">\n\t\t\t\n\t\t\t<div class=\"liner-continer\">\n\t\t\t\t<h4 class=\"woodmart-title-container title  wd-font-weight-400 wd-fontsize-l\" ><strong>Familientradition, die<\/strong> von Generation zu Generation weitergegeben wird<\/h4>\n\t\t\t\t\t\t\t<\/div>\n\t\t\t\n\t\t\t\n\t\t\t\n\t\t<\/div>\n\t\t\n\t\t\t\t<div id=\"wd-62714782d5878\" class=\"wd-text-block wd-wpb reset-last-child wd-rs-62714782d5878 text-left \">\n\t\t\t<p>Das Ziel des Unternehmens La Regale und der Familie Andreev ist die F\u00f6rderung und Vermarktung der piemontesischen Haselnuss IGP durch den direkten Anbau des Produkts auf Fl\u00e4chen in den Gemeinden Albaretto della Torre, Feisoglio, Lequio Berria, Rodello, Serravalle Langhe und Sinio.<\/p>\n\t\t<\/div>\n\t\t\t\t<div id=\"wd-62714d92c1acd\" class=\"wd-image wd-wpb wd-rs-62714d92c1acd text-center \">\n\t\t\t\n\t\t\t<img loading=\"lazy\" decoding=\"async\" width=\"200\" height=\"151\" src=\"https:\/\/laregalenocciole.com\/wp-content\/uploads\/2022\/03\/LOGO_REGALE_COLORI-200x151.png\" class=\"attachment-200x151 size-200x151\" alt=\"\" \/>\n\t\t\t\t\t<\/div>\n\t\t\t\t<div id=\"wd-62714a3d47193\" class=\"wd-text-block wd-wpb reset-last-child wd-rs-62714a3d47193 text-left color-title wd-fontsize-custom font-primary vc_custom_1651591765777\">\n\t\t\t<p><em>Die Liebe zur Natur und die Leidenschaft f\u00fcr Qualit\u00e4t, die sich in jedem unserer Produkte widerspiegelt.<\/em><\/p>\n\t\t<\/div>\n\t\t[vc_row_inner][vc_column_inner width=&#8220;1\/2&#8243; css=&#8220;.vc_custom_1533223838450{padding-top: 0px !important;}&#8220;]\t\t\t<div class=\"info-box-wrapper inline-element\">\n\t\t\t\t<div id=\"wd-62714f2dd4e15\" class=\" wd-rs-62714f2dd4e15 wd-info-box wd-wpb text-left box-icon-align-left box-style- color-scheme-dark wd-bg-none wd-items-top \">\n\t\t\t\t\t\t\t\t\t\t\t<div class=\"box-icon-wrapper  box-with-icon box-icon-simple\">\n\t\t\t\t\t\t\t<div class=\"info-box-icon\">\n\n\t\t\t\t\t\t\t\n\t\t\t\t\t\t\t\t\t\t\t\t\t\t\t\t\t<div class=\"info-svg-wrapper\" style=\"width: 50px;height: 50px;\"><img decoding=\"async\"  src=\"https:\/\/laregalenocciole.com\/wp-content\/uploads\/2022\/02\/organic-Forma-1-1.svg\" loading=\"lazy\" width=\"50\" height=\"50\"><\/div>\t\t\t\t\t\t\t\t\t\t\t\t\t\t\t\n\t\t\t\t\t\t\t<\/div>\n\t\t\t\t\t\t<\/div>\n\t\t\t\t\t\t\t\t\t\t<div class=\"info-box-content\">\n\t\t\t\t\t\t<h4 class=\"info-box-title title box-title-style-default wd-fontsize-xl\">MISSION<\/h4>\t\t\t\t\t\t<div class=\"info-box-inner reset-last-child\"><p>Wir bieten qualitativ hochwertige, unverf\u00e4lschte Produkte mit kurzer Lieferkette an und erleben jedes Mal, wenn einer unserer Kunden eines unserer Produkte probiert, eine Explosion der Sinne.<\/p>\n<p>\n<\/div>\n\n\t\t\t\t\t\t\t\t\t\t\t<\/div>\n\n\t\t\t\t\t\n\t\t\t\t\t\t\t\t\t<\/div>\n\t\t\t<\/div>\n\t\t[\/vc_column_inner][vc_column_inner width=&#8220;1\/2&#8243; css=&#8220;.vc_custom_1533038662771{padding-top: 0px !important;}&#8220;]\t\t\t<div class=\"info-box-wrapper inline-element\">\n\t\t\t\t<div id=\"wd-62714fbee6d2d\" class=\" wd-rs-62714fbee6d2d wd-info-box wd-wpb text-left box-icon-align-left box-style- color-scheme-dark wd-bg-none wd-items-top \">\n\t\t\t\t\t\t\t\t\t\t\t<div class=\"box-icon-wrapper  box-with-icon box-icon-simple\">\n\t\t\t\t\t\t\t<div class=\"info-box-icon\">\n\n\t\t\t\t\t\t\t\n\t\t\t\t\t\t\t\t\t\t\t\t\t\t\t\t\t\t\t\t\t\t\t\t\t\t\t\t\t\t\t\t\n\t\t\t\t\t\t\t<\/div>\n\t\t\t\t\t\t<\/div>\n\t\t\t\t\t\t\t\t\t\t<div class=\"info-box-content\">\n\t\t\t\t\t\t<h4 class=\"info-box-title title box-title-style-default wd-fontsize-xl\">VISION<\/h4>\t\t\t\t\t\t<div class=\"info-box-inner reset-last-child\"><p>M\u00f6gen unsere Produkte mit neuen Spezialit\u00e4ten, die auf der Grundlage von Qualit\u00e4t, Innovation und Nachhaltigkeit entstehen, immer mehr Gaumen erreichen und zufriedenstellen.<\/p>\n<\/div>\n\n\t\t\t\t\t\t\t\t\t\t\t<\/div>\n\n\t\t\t\t\t\n\t\t\t\t\t\t\t\t\t<\/div>\n\t\t\t<\/div>\n\t\t[\/vc_column_inner][\/vc_row_inner][\/vc_column][vc_column css=&#8220;.vc_custom_1628760705251{margin-bottom: 40px !important;padding-top: 0px !important;}&#8220; offset=&#8220;vc_col-lg-6 vc_col-md-6&#8243; woodmart_css_id=&#8220;6114ea7e2623f&#8220; responsive_spacing=&#8220;eyJwYXJhbV90eXBlIjoid29vZG1hcnRfcmVzcG9uc2l2ZV9zcGFjaW5nIiwic2VsZWN0b3JfaWQiOiI2MTE0ZWE3ZTI2MjNmIiwic2hvcnRjb2RlIjoidmNfY29sdW1uIiwiZGF0YSI6eyJ0YWJsZXQiOnt9LCJtb2JpbGUiOnt9fX0=&#8220; parallax_scroll=&#8220;no&#8220; mobile_bg_img_hidden=&#8220;no&#8220; tablet_bg_img_hidden=&#8220;no&#8220; woodmart_parallax=&#8220;0&#8243; woodmart_sticky_column=&#8220;false&#8220; mobile_reset_margin=&#8220;no&#8220; tablet_reset_margin=&#8220;no&#8220;]\t\t<div id=\"wd-62ac4fa926820\" class=\"wd-image wd-wpb wd-rs-62ac4fa926820 text-center vc_custom_1655461654373\">\n\t\t\t\n\t\t\t<img loading=\"lazy\" decoding=\"async\" width=\"687\" height=\"800\" src=\"https:\/\/laregalenocciole.com\/wp-content\/uploads\/2022\/06\/Immagine_Nocciolo_Fiorito.jpg\" class=\"attachment-full size-full\" alt=\"\" srcset=\"https:\/\/laregalenocciole.com\/wp-content\/uploads\/2022\/06\/Immagine_Nocciolo_Fiorito.jpg 687w, https:\/\/laregalenocciole.com\/wp-content\/uploads\/2022\/06\/Immagine_Nocciolo_Fiorito-430x501.jpg 430w, https:\/\/laregalenocciole.com\/wp-content\/uploads\/2022\/06\/Immagine_Nocciolo_Fiorito-150x175.jpg 150w, https:\/\/laregalenocciole.com\/wp-content\/uploads\/2022\/06\/Immagine_Nocciolo_Fiorito-258x300.jpg 258w\" sizes=\"auto, (max-width: 687px) 100vw, 687px\" \/>\n\t\t\t\t\t<\/div>\n\t\t[\/vc_column][\/vc_row]<\/p>\n<\/div>","protected":false},"excerpt":{"rendered":"<p>[vc_row content_placement=&#8220;middle&#8220; css=&#8220;.vc_custom_1628057832652{margin-bottom: 25px !important;}&#8220; woodmart_css_id=&#8220;610a30d484470&#8243; responsive_spacing=&#8220;eyJwYXJhbV90eXBlIjoid29vZG1hcnRfcmVzcG9uc2l2ZV9zcGFjaW5nIiwic2VsZWN0b3JfaWQiOiI2MTBhMzBkNDg0NDcwIiwic2hvcnRjb2RlIjoidmNfcm93IiwiZGF0YSI6eyJ0YWJsZXQiOnt9LCJtb2JpbGUiOnt9fX0=&#8220; mobile_bg_img_hidden=&#8220;no&#8220; tablet_bg_img_hidden=&#8220;no&#8220; woodmart_parallax=&#8220;0&#8243; woodmart_gradient_switch=&#8220;no&#8220; row_reverse_mobile=&#8220;0&#8243; row_reverse_tablet=&#8220;0&#8243; woodmart_disable_overflow=&#8220;0&#8243;][vc_column css=&#8220;.vc_custom_1503987927476{margin-bottom: 35px !important;padding-top: 0px !important;}&#8220; offset=&#8220;vc_col-md-6&#8243;][\/vc_column][vc_column<\/p>\n","protected":false},"author":1,"featured_media":0,"parent":0,"menu_order":-2,"comment_status":"closed","ping_status":"closed","template":"","meta":{"footnotes":""},"class_list":["post-10146","page","type-page","status-publish","hentry"],"_links":{"self":[{"href":"https:\/\/laregalenocciole.com\/de\/wp-json\/wp\/v2\/pages\/10146","targetHints":{"allow":["GET"]}}],"collection":[{"href":"https:\/\/laregalenocciole.com\/de\/wp-json\/wp\/v2\/pages"}],"about":[{"href":"https:\/\/laregalenocciole.com\/de\/wp-json\/wp\/v2\/types\/page"}],"author":[{"embeddable":true,"href":"https:\/\/laregalenocciole.com\/de\/wp-json\/wp\/v2\/users\/1"}],"replies":[{"embeddable":true,"href":"https:\/\/laregalenocciole.com\/de\/wp-json\/wp\/v2\/comments?post=10146"}],"version-history":[{"count":2,"href":"https:\/\/laregalenocciole.com\/de\/wp-json\/wp\/v2\/pages\/10146\/revisions"}],"predecessor-version":[{"id":10150,"href":"https:\/\/laregalenocciole.com\/de\/wp-json\/wp\/v2\/pages\/10146\/revisions\/10150"}],"wp:attachment":[{"href":"https:\/\/laregalenocciole.com\/de\/wp-json\/wp\/v2\/media?parent=10146"}],"curies":[{"name":"wp","href":"https:\/\/api.w.org\/{rel}","templated":true}]}}