{"id":9914,"date":"2022-01-06T10:42:30","date_gmt":"2022-01-06T10:42:30","guid":{"rendered":"https:\/\/laregalenocciole.com\/datenschutzbestimmungen\/"},"modified":"2022-10-19T22:08:27","modified_gmt":"2022-10-19T22:08:27","slug":"datenschutzbestimmungen","status":"publish","type":"page","link":"https:\/\/laregalenocciole.com\/de\/datenschutzbestimmungen\/","title":{"rendered":"Datenschutzbestimmungen"},"content":{"rendered":"<div class=\"wpb-content-wrapper\"><p>[vc_row css=&#8220;.vc_custom_1657231634561{margin-bottom: 80px !important;}&#8220; woodmart_css_id=&#8220;62c758b2ea99e&#8220; responsive_spacing=&#8220;eyJwYXJhbV90eXBlIjoid29vZG1hcnRfcmVzcG9uc2l2ZV9zcGFjaW5nIiwic2VsZWN0b3JfaWQiOiI2MmM3NThiMmVhOTllIiwic2hvcnRjb2RlIjoidmNfcm93IiwiZGF0YSI6eyJ0YWJsZXQiOnt9LCJtb2JpbGUiOnt9fX0=&#8220; mobile_bg_img_hidden=&#8220;no&#8220; tablet_bg_img_hidden=&#8220;no&#8220; woodmart_parallax=&#8220;0&#8243; woodmart_gradient_switch=&#8220;no&#8220; woodmart_box_shadow=&#8220;no&#8220; wd_z_index=&#8220;no&#8220; woodmart_disable_overflow=&#8220;0&#8243; row_reverse_mobile=&#8220;0&#8243; row_reverse_tablet=&#8220;0&#8243;][vc_column css=&#8220;.vc_custom_1657231815739{padding-top: 0px !important;}&#8220; offset=&#8220;vc_col-lg-offset-2 vc_col-lg-8 vc_col-md-offset-2 vc_col-md-8 vc_col-sm-offset-0&#8243; woodmart_css_id=&#8220;62c7593fa2800&#8243; parallax_scroll=&#8220;no&#8220; woodmart_sticky_column=&#8220;false&#8220; wd_collapsible_content_switcher=&#8220;no&#8220; wd_column_role_offcanvas_desktop=&#8220;no&#8220; wd_column_role_offcanvas_tablet=&#8220;no&#8220; wd_column_role_offcanvas_mobile=&#8220;no&#8220; wd_column_role_content_desktop=&#8220;no&#8220; wd_column_role_content_tablet=&#8220;no&#8220; wd_column_role_content_mobile=&#8220;no&#8220; mobile_bg_img_hidden=&#8220;no&#8220; tablet_bg_img_hidden=&#8220;no&#8220; woodmart_parallax=&#8220;0&#8243; woodmart_box_shadow=&#8220;no&#8220; responsive_spacing=&#8220;eyJwYXJhbV90eXBlIjoid29vZG1hcnRfcmVzcG9uc2l2ZV9zcGFjaW5nIiwic2VsZWN0b3JfaWQiOiI2MmM3NTkzZmEyODAwIiwic2hvcnRjb2RlIjoidmNfY29sdW1uIiwiZGF0YSI6eyJ0YWJsZXQiOnt9LCJtb2JpbGUiOnt9fX0=&#8220; mobile_reset_margin=&#8220;no&#8220; tablet_reset_margin=&#8220;no&#8220; wd_z_index=&#8220;no&#8220;]\t\t<div id=\"wd-62c75cc42676e\" class=\"wd-text-block wd-wpb reset-last-child wd-rs-62c75cc42676e text-center wd-fontsize-l \">\n\t\t\t<p><strong>DATENSCHUTZPOLITIK<\/strong><\/p>\n\t\t<\/div>\n\t\t[vc_column_text woodmart_inline=&#8220;no&#8220; text_larger=&#8220;no&#8220;]Gem\u00e4\u00df Art. 13 Gesetzesdekret. 30. Juni 2003 Nr. 196 &#8211; &#8222;Gesetz zum Schutz personenbezogener Daten&#8220; und Art. 13 GDPR 679\/2016 &#8211; &#8222;Europ\u00e4ische Verordnung zum Schutz personenbezogener Daten&#8220;, die Bestimmungen zum Schutz nat\u00fcrlicher Personen bei der Verarbeitung personenbezogener Daten und zum freien Datenverkehr enth\u00e4lt, m\u00f6chten wir Sie dar\u00fcber informieren, dass die von Ihnen zur Verf\u00fcgung gestellten personenbezogenen Daten im Einklang mit den oben genannten Rechtsvorschriften und den Vertraulichkeitsverpflichtungen, an die der f\u00fcr die Verarbeitung Verantwortliche gebunden ist, verarbeitet werden.<\/p>\n<p>&nbsp;<\/p>\n<p>Verarbeitung personenbezogener Daten ist jeder mit oder ohne Hilfe automatisierter Verfahren ausgef\u00fchrte Vorgang oder jede Vorgangsreihe im Zusammenhang mit personenbezogenen Daten oder einer Reihe personenbezogener Daten wie das Erheben, das Speichern, die Organisation, die Strukturierung, die Aufbewahrung, die Anpassung oder Ver\u00e4nderung, das Auslesen, das Abfragen, die Benutzung, die Weitergabe durch \u00dcbermittlung, Verbreitung oder jede andere Form der Bereitstellung, die Kombination oder die Verkn\u00fcpfung sowie das Einschr\u00e4nken, L\u00f6schen oder Vernichten.<\/p>\n<p>&nbsp;<\/p>\n<p>Diese Informationen werden Kunden zur Verf\u00fcgung gestellt, unabh\u00e4ngig davon, ob es sich um nat\u00fcrliche Personen oder um Personen handelt, die im Namen von und f\u00fcr juristische Personen handeln<\/p>\n<p>&nbsp;<\/p>\n<ol>\n<li><strong>Identit\u00e4t und Kontaktangaben des f\u00fcr die Datenverarbeitung Verantwortlichen<\/strong><\/li>\n<\/ol>\n<p>Name: <strong>Azienda Agricola ANDREEV ILIJA<\/strong><\/p>\n<p>Adresse: <strong>Standort. Borgonuovo, 1 &#8211; 12050 SINIO (CN)<\/strong><\/p>\n<p>E-Mail: <a href=\"mailto:info@racconigincentro.it\">info@laregalenocciole.com<\/a><\/p>\n<p>&nbsp;<\/p>\n<ol start=\"2\">\n<li><strong>Rechtsgrundlage, Methoden und Zwecke der Verarbeitung &#8211; obligatorischer oder fakultativer Charakter der Daten\u00fcbermittlung &#8211; Folgen der Nichtbereitstellung von Daten <\/strong><\/li>\n<\/ol>\n<p>Die Rechtsgrundlage f\u00fcr die Verarbeitung ist vertraglich oder gesetzlich vorgeschrieben;<\/p>\n<p>Die Daten werden auf Papier oder mit Hilfe von Computern f\u00fcr die Erf\u00fcllung vertraglicher Verpflichtungen, f\u00fcr die Durchf\u00fchrung vorvertraglicher Ma\u00dfnahmen sowie f\u00fcr die Erf\u00fcllung von Verpflichtungen, die sich aus Gesetzen, Verordnungen oder anderen nationalen oder EU-Rechtsvorschriften ergeben, verarbeitet; in diesem Fall ist die Bereitstellung der Daten durch die betroffene Person eine eine <strong>Voraussetzung<\/strong> f\u00fcr die Aufnahme eines Vertragsverh\u00e4ltnisses mit dem f\u00fcr die Verarbeitung Verantwortlichen, und ihre Verweigerung macht es unm\u00f6glich, ein solches Verh\u00e4ltnis einzugehen;<\/p>\n<p>die Daten k\u00f6nnen auch zu Handels- und Marketingzwecken verarbeitet werden, z. B. zur F\u00f6rderung der eigenen Gesch\u00e4ftst\u00e4tigkeit und der verarbeiteten Produkte: in solchen F\u00e4llen wird die ausdr\u00fcckliche Zustimmung der betroffenen Person eingeholt<\/p>\n<p>&nbsp;<\/p>\n<ol>\n<li><strong> Quelle der Daten<\/strong><\/li>\n<\/ol>\n<p>Bei den verarbeiteten personenbezogenen Daten handelt es sich um solche, die von der betroffenen Person im Rahmen des Verfahrens zur Verf\u00fcgung gestellt werden:<\/p>\n<p>&#8211; Besuche vor Ort;<\/p>\n<p>&#8211; Interaktionen \u00fcber die Website;<\/p>\n<p>&#8211; Anfragen, auch per E-Mail;<\/p>\n<p>&#8211; fr\u00fchere Transaktionen.<\/p>\n<p>&nbsp;<\/p>\n<ol>\n<li><strong>Verbreitung von Daten<\/strong><\/li>\n<\/ol>\n<p>Die vom f\u00fcr die Verarbeitung Verantwortlichen verarbeiteten personenbezogenen Daten werden nicht verbreitet, d. h. sie werden nicht an nicht n\u00e4her bezeichnete Personen weitergegeben, und zwar in keiner Form, auch nicht durch Bereitstellung oder einfache Einsichtnahme in sie. Andererseits k\u00f6nnen sie auch externen Parteien mitgeteilt werden, die mit ihnen zusammenarbeiten. Sie k\u00f6nnen auch, soweit dies unbedingt erforderlich ist, an Dritte weitergegeben werden, die zum Zweck der Bearbeitung von K\u00e4ufen oder anderen Anfragen oder Dienstleistungen im Zusammenhang mit der Transaktion oder dem Vertragsverh\u00e4ltnis mit dem f\u00fcr die Verarbeitung Verantwortlichen Waren liefern und\/oder Dienstleistungen erbringen m\u00fcssen. Schlie\u00dflich k\u00f6nnen sie den Personen mitgeteilt werden, die aufgrund von Gesetzen, Verordnungen oder Gemeinschaftsvorschriften ein Recht auf Zugang zu ihnen haben. Insbesondere sind bestimmte Mitarbeiter aufgrund ihrer Funktion und ihrer Arbeitsaufgaben befugt, personenbezogene Daten im Rahmen ihrer Zust\u00e4ndigkeit und gem\u00e4\u00df den ihnen vom f\u00fcr die Verarbeitung Verantwortlichen erteilten Anweisungen zu verarbeiten.<\/p>\n<p>&nbsp;<\/p>\n<ol start=\"5\">\n<li><strong>\u00dcbermittlung von Daten in ein Drittland (au\u00dferhalb der EU) oder an internationale Organisationen<\/strong><\/li>\n<\/ol>\n<p>Der f\u00fcr die Verarbeitung Verantwortliche \u00fcbermittelt keine personenbezogenen Daten an Drittl\u00e4nder oder internationale Organisationen. Sie beh\u00e4lt sich jedoch das Recht vor, Cloud-Dienste zu nutzen. In diesem Fall werden die Diensteanbieter unter denjenigen ausgew\u00e4hlt, die angemessene Garantien gem\u00e4\u00df Art. 46 GDPR 679\/16.<\/p>\n<p>&nbsp;<\/p>\n<ol start=\"6\">\n<li><strong>Aufbewahrungsfrist f\u00fcr personenbezogene Daten<\/strong><\/li>\n<\/ol>\n<p>Die Dauer der Speicherung Ihrer personenbezogenen Daten wird f\u00fcr einen Zeitraum festgelegt, der nicht \u00fcber die Erf\u00fcllung der Zwecke, f\u00fcr die sie erhoben und verarbeitet werden, hinausgeht, und unter Einhaltung der gesetzlich vorgeschriebenen Fristen, unbeschadet Ihres Rechts, jederzeit die L\u00f6schung Ihrer Daten aus unseren Dateien zu verlangen.<\/p>\n<p>Danach werden die personenbezogenen Daten f\u00fcr die in den geltenden zivil- und steuerrechtlichen Bestimmungen vorgesehene Dauer gespeichert und nicht weiter verarbeitet.<\/p>\n<ol start=\"7\">\n<li><strong>Rechte der betroffenen Person <\/strong><\/li>\n<\/ol>\n<p>Gem\u00e4\u00df den Artikeln 15-22 der DSGVO k\u00f6nnen Sie jederzeit von Ihrem Recht auf Auskunft Gebrauch machen:<\/p>\n<ul>\n<li>eine Best\u00e4tigung dar\u00fcber zu verlangen, ob Sie betreffende personenbezogene Daten verarbeitet werden oder nicht;<\/li>\n<li>Zugang zu den genannten Daten und Informationen \u00fcber die Zwecke der Verarbeitung, die Kategorien personenbezogener Daten, die Empf\u00e4nger oder Kategorien von Empf\u00e4ngern, an die die personenbezogenen Daten weitergegeben wurden oder werden, sowie die Dauer der Speicherung zu erhalten;<\/li>\n<li>die Berichtigung oder L\u00f6schung von Daten, die Einschr\u00e4nkung der Verarbeitung oder den Widerspruch gegen die Verarbeitung zu erwirken;<\/li>\n<li>das Recht, eine Beschwerde bei der Datenschutzbeh\u00f6rde oder einer anderen zust\u00e4ndigen Aufsichtsbeh\u00f6rde einzureichen;<\/li>\n<li>wenn die Daten nicht bei Ihnen erhoben wurden, das Recht, alle verf\u00fcgbaren Informationen \u00fcber deren Herkunft zu erhalten;<\/li>\n<li>die \u00dcbertragbarkeit von Daten zu erreichen, d. h. sie von einem f\u00fcr die Verarbeitung Verantwortlichen in einem strukturierten, allgemein gebr\u00e4uchlichen und maschinenlesbaren Format zu erhalten und sie ungehindert an einen anderen f\u00fcr die Verarbeitung Verantwortlichen zu \u00fcbermitteln;<\/li>\n<li>beruht die Verarbeitung auf Ihrer Einwilligung in die Datenverarbeitung, so haben Sie das Recht, diese Einwilligung jederzeit zu widerrufen, ohne dass die Rechtm\u00e4\u00dfigkeit der Verarbeitung der vor dem Widerruf verarbeiteten Daten ber\u00fchrt wird;<\/li>\n<\/ul>\n<p>&nbsp;<\/p>\n<p>Die oben genannten Rechte k\u00f6nnen durch eine E-Mail an die folgende Adresse ausge\u00fcbt werden:<\/p>\n<p><a href=\"mailto:info@racconigincentro.it\">info@laregalenocciole.com<\/a> unter Angabe des Gegenstands Ihres Antrags, des Rechts, das Sie aus\u00fcben m\u00f6chten, und unter Beif\u00fcgung einer Fotokopie eines Ausweises, der die Legitimit\u00e4t des Antrags best\u00e4tigt.<\/p>\n<p>&nbsp;<\/p>\n<ol start=\"8\">\n<li><strong>Zugang zu den Daten <\/strong><\/li>\n<\/ol>\n<p>Ihre Daten k\u00f6nnen zu den unter Punkt 2 genannten Zwecken zug\u00e4nglich gemacht werden:<\/p>\n<ul>\n<li>Angestellte und Mitarbeiter des f\u00fcr die Verarbeitung Verantwortlichen in ihrer Eigenschaft als Datenverarbeiter;<\/li>\n<li>an Drittunternehmen oder andere Stellen, die im Auftrag des f\u00fcr die Verarbeitung Verantwortlichen Outsourcing-Aktivit\u00e4ten durchf\u00fchren, in ihrer Eigenschaft als Datenverarbeiter (z. B. Buchhalter, Software-Management-Unternehmen, Bank usw.); die Liste der Datenverarbeiter ist in den Gesch\u00e4ftsr\u00e4umen des f\u00fcr die Verarbeitung Verantwortlichen erh\u00e4ltlich;<\/li>\n<\/ul>\n<p>&nbsp;<\/p>\n<ol start=\"9\">\n<li><strong>Einwilligung in die Behandlung <\/strong><\/li>\n<\/ol>\n<p>F\u00fcr die Verarbeitung und \u00dcbermittlung an Dritte gilt Art. 6 DSGVO verlangt eine spezifische Manifestation der Zustimmung nur, wenn:<\/p>\n<ul>\n<li>Die Verarbeitung ist nicht f\u00fcr die Erf\u00fcllung des Vertrags oder die Durchf\u00fchrung vorvertraglicher Ma\u00dfnahmen erforderlich, die auf Antrag der betroffenen Person erfolgen;<\/li>\n<li>Die Verarbeitung ist nicht zur Erf\u00fcllung einer rechtlichen Verpflichtung erforderlich;<\/li>\n<li>Die Verarbeitung ist nicht f\u00fcr die Wahrung lebenswichtiger Interessen der betroffenen Person oder einer anderen nat\u00fcrlichen Person erforderlich;<\/li>\n<li>Die Verarbeitung ist nicht f\u00fcr die Wahrnehmung eines \u00f6ffentlichen Interesses erforderlich;<\/li>\n<\/ul>\n<p>Eine einmal erteilte Einwilligung kann jederzeit widerrufen werden.<\/p>\n<p>&nbsp;<\/p>\n<p>&nbsp;<\/p>\n<ol>\n<li><strong>Entzug der Zustimmung<\/strong><\/li>\n<\/ol>\n<p>Unter Bezugnahme auf Art. 23 des Gesetzesdekrets 196\/2003 und Art. 6 der GDPR 679\/16 kann die betroffene Person eine erteilte Einwilligung jederzeit widerrufen. Die in dieser Mitteilung genannte Verarbeitung ist jedoch auch bei fehlender Einwilligung rechtm\u00e4\u00dfig und zul\u00e4ssig, soweit sie f\u00fcr die Erf\u00fcllung eines Vertrags, dessen Vertragspartei die betroffene Person ist (Lieferbeziehung), oder f\u00fcr die Erf\u00fcllung ihrer W\u00fcnsche erforderlich ist.<\/p>\n<p>&nbsp;<\/p>\n<ol>\n<li><strong>Automatisierte Entscheidungsprozesse<\/strong><\/li>\n<\/ol>\n<p>Der f\u00fcr die Verarbeitung Verantwortliche f\u00fchrt keine Verarbeitungen durch, die auf einer automatisierten Entscheidungsfindung in Bezug auf die Daten von Kunden, die nat\u00fcrliche Personen sind, oder von nat\u00fcrlichen Personen, die im Namen und im Auftrag von Mitgliedern, die juristische Personen sind, handeln, beruhen.<\/p>\n<p>&nbsp;<\/p>\n<ol start=\"12\">\n<li><strong>Besondere Daten<\/strong><\/li>\n<\/ol>\n<p>Besondere Daten, die auch als sensible Daten bezeichnet werden, sind solche, die gem\u00e4\u00df Art. 9 DSGVO, die rassische oder ethnische Herkunft, politische Meinungen, religi\u00f6se oder philosophische \u00dcberzeugungen, die Mitgliedschaft in einer Gewerkschaft, genetische Daten, biometrische Daten zur eindeutigen Identifizierung einer nat\u00fcrlichen Person, Daten \u00fcber die Gesundheit oder das Sexualleben einer Person oder die sexuelle Ausrichtung offenlegen.<\/p>\n<p>Die Verarbeitung dieser Daten ist untersagt, es sei denn, sie ergibt sich aus gesetzlichen Verpflichtungen oder aus den in Art. 9 DSGVO oder wenn die betroffene Person nicht ausdr\u00fccklich ihre Einwilligung gegeben hat.<\/p>\n<p>&nbsp;<\/p>\n<p>&nbsp;<\/p>\n<p><u>Nach sorgf\u00e4ltiger Analyse und Bewertung beschloss das Unternehmen, keinen Datenschutzbeauftragten zu benennen.<\/u>[\/vc_column_text][vc_separator color=&#8220;custom&#8220; wd_hide_on_desktop=&#8220;no&#8220; wd_hide_on_tablet=&#8220;no&#8220; wd_hide_on_mobile=&#8220;no&#8220; accent_color=&#8220;rgba(10,10,10,0.12)&#8220; css=&#8220;.vc_custom_1657231959870{margin-bottom: 30px !important;padding-top: 10px !important;}&#8220;][vc_row_inner][vc_column_inner width=&#8220;1\/2&#8243;]\t\t<div id=\"wd-62c75b12c2bdf\" class=\"wd-text-block wd-wpb reset-last-child wd-rs-62c75b12c2bdf text-left vc_custom_1657232161718\">\n\t\t\t<p><small><a href=\"https:\/\/laregalenocciole.com\/de\/\"><br \/>\n<strong>DAS REGAL<\/strong><br \/>\n<\/a> <i class=\"fa fa-copyright\"><\/i> 2022 POWERED BY <a href=\"https:\/\/iconagraphic.com\/\"><br \/>\n<strong>IconaGraphic<\/strong><br \/>\n<\/a>. HOCHWERTIGE L\u00d6SUNGEN F\u00dcR DEN ELEKTRONISCHEN HANDEL.<\/small><\/p>\n\t\t<\/div>\n\t\t[\/vc_column_inner][vc_column_inner width=&#8220;1\/2&#8243;]\t\t\t<div\n\t\t\t\t\t\tclass=\" wd-rs-62c75aaab3e31 wd-social-icons  wd-style-bordered wd-size-small social-follow wd-shape-circle text-right\">\n\t\t\t\t\n\t\t\t\t\n\t\t\t\t\t\t\t\t\t<a rel=\"noopener noreferrer nofollow\" href=\"https:\/\/it-it.facebook.com\/laregalenocciole\" target=\"_blank\" class=\" wd-social-icon social-facebook\" aria-label=\"Facebook social link\">\n\t\t\t\t\t\t<span class=\"wd-icon\"><\/span>\n\t\t\t\t\t\t\t\t\t\t\t<\/a>\n\t\t\t\t\n\t\t\t\t\n\t\t\t\t\n\t\t\t\t\n\t\t\t\t\n\t\t\t\t\n\t\t\t\t\t\t\t\t\t<a rel=\"noopener noreferrer nofollow\" href=\"https:\/\/youtu.be\/G_fmRRgQMdQ\" target=\"_blank\" class=\" wd-social-icon social-youtube\" aria-label=\"YouTube social link\">\n\t\t\t\t\t\t<span class=\"wd-icon\"><\/span>\n\t\t\t\t\t\t\t\t\t\t\t<\/a>\n\t\t\t\t\n\t\t\t\t\n\t\t\t\t\n\t\t\t\t\n\t\t\t\t\n\t\t\t\t\n\t\t\t\t\n\t\t\t\t\n\t\t\t\t\n\t\t\t\t\n\t\t\t\t\n\t\t\t\t\n\t\t\t\t\n\t\t\t\t\n\t\t\t\t\n\t\t\t\t\n\t\t\t\t\n\t\t\t\t\n\t\t\t\t\n\t\t\t\t\n\t\t\t<\/div>\n\n\t\t[\/vc_column_inner][\/vc_row_inner][\/vc_column][\/vc_row]<\/p>\n<\/div>","protected":false},"excerpt":{"rendered":"<p>[vc_row css=&#8220;.vc_custom_1657231634561{margin-bottom: 80px !important;}&#8220; woodmart_css_id=&#8220;62c758b2ea99e&#8220; responsive_spacing=&#8220;eyJwYXJhbV90eXBlIjoid29vZG1hcnRfcmVzcG9uc2l2ZV9zcGFjaW5nIiwic2VsZWN0b3JfaWQiOiI2MmM3NThiMmVhOTllIiwic2hvcnRjb2RlIjoidmNfcm93IiwiZGF0YSI6eyJ0YWJsZXQiOnt9LCJtb2JpbGUiOnt9fX0=&#8220; mobile_bg_img_hidden=&#8220;no&#8220; tablet_bg_img_hidden=&#8220;no&#8220; woodmart_parallax=&#8220;0&#8243; woodmart_gradient_switch=&#8220;no&#8220; woodmart_box_shadow=&#8220;no&#8220; wd_z_index=&#8220;no&#8220; woodmart_disable_overflow=&#8220;0&#8243; row_reverse_mobile=&#8220;0&#8243; row_reverse_tablet=&#8220;0&#8243;][vc_column css=&#8220;.vc_custom_1657231815739{padding-top: 0px !important;}&#8220; offset=&#8220;vc_col-lg-offset-2 vc_col-lg-8<\/p>\n","protected":false},"author":1,"featured_media":0,"parent":0,"menu_order":1,"comment_status":"closed","ping_status":"closed","template":"","meta":{"footnotes":""},"class_list":["post-9914","page","type-page","status-publish","hentry"],"_links":{"self":[{"href":"https:\/\/laregalenocciole.com\/de\/wp-json\/wp\/v2\/pages\/9914","targetHints":{"allow":["GET"]}}],"collection":[{"href":"https:\/\/laregalenocciole.com\/de\/wp-json\/wp\/v2\/pages"}],"about":[{"href":"https:\/\/laregalenocciole.com\/de\/wp-json\/wp\/v2\/types\/page"}],"author":[{"embeddable":true,"href":"https:\/\/laregalenocciole.com\/de\/wp-json\/wp\/v2\/users\/1"}],"replies":[{"embeddable":true,"href":"https:\/\/laregalenocciole.com\/de\/wp-json\/wp\/v2\/comments?post=9914"}],"version-history":[{"count":4,"href":"https:\/\/laregalenocciole.com\/de\/wp-json\/wp\/v2\/pages\/9914\/revisions"}],"predecessor-version":[{"id":11026,"href":"https:\/\/laregalenocciole.com\/de\/wp-json\/wp\/v2\/pages\/9914\/revisions\/11026"}],"wp:attachment":[{"href":"https:\/\/laregalenocciole.com\/de\/wp-json\/wp\/v2\/media?parent=9914"}],"curies":[{"name":"wp","href":"https:\/\/api.w.org\/{rel}","templated":true}]}}