{"id":10464,"date":"2022-03-22T15:34:12","date_gmt":"2022-03-22T15:34:12","guid":{"rendered":"https:\/\/laregalenocciole.com\/prodotto\/geroestete-haselnuesse-mit-weisser-schokolade-ueberzogen\/"},"modified":"2022-10-21T13:44:40","modified_gmt":"2022-10-21T13:44:40","slug":"geroestete-haselnuesse-mit-weisser-schokolade-ueberzogen","status":"publish","type":"product","link":"https:\/\/laregalenocciole.com\/de\/prodotto\/geroestete-haselnuesse-mit-weisser-schokolade-ueberzogen\/","title":{"rendered":"Ger\u00f6stete Haseln\u00fcsse mit wei\u00dfer Schokolade \u00fcberzogen"},"content":{"rendered":"<div class=\"wpb-content-wrapper\"><p>[vc_row][vc_column css=&#8220;.vc_custom_1493038156710{margin-bottom: -15px !important;}&#8220;]\n\t\t<div id=\"wd-6239ec94cd81e\" class=\"title-wrapper wd-wpb wd-set-mb reset-last-child  wd-rs-6239ec94cd81e wd-title-color-default wd-title-style-default text-left  wd-underline-colored\">\n\t\t\t\n\t\t\t<div class=\"liner-continer\">\n\t\t\t\t<h4 class=\"woodmart-title-container title  wd-font-weight- wd-fontsize-m\" >S\u00fc\u00dfe Perlen!<\/h4>\n\t\t\t\t\t\t\t<\/div>\n\t\t\t\n\t\t\t\n\t\t\t\n\t\t<\/div>\n\t\t\n\t\t[\/vc_column][vc_column]\t\t<div id=\"wd-6239ecc954f45\" class=\"wd-text-block wd-wpb reset-last-child wd-rs-6239ecc954f45 text-left \">\n\t\t\t<p>Sanft ger\u00f6stete Haseln\u00fcsse, umh\u00fcllt von einer leichten Schicht aus s\u00fc\u00dfer, zarter wei\u00dfer Schokolade. Als Snack zu jeder Tageszeit oder als Dekoration f\u00fcr Desserts.<\/p>\n\t\t<\/div>\n\t\t[\/vc_column][\/vc_row][vc_row][vc_column]\n\t\t<div id=\"wd-6234a113da9dd\" class=\"wd-accordion wd-wpb wd-rs-6234a113da9dd  wd-style-default wd-titles-left wd-opener-pos-left wd-opener-style-arrow\" data-state=\"all_closed\">\n\t\t\t\t\t\t\t\n\t\t\t\t\n\t\t\t\t<div class=\"wd-accordion-item\">\n\t\t\t\t\t<div class=\"wd-accordion-title wd-role-btn font-primary wd-fontsize-s wd-font-weight-600\" data-accordion-index=\"0\" tabindex=\"0\">\n\t\t\t\t\t\t<div class=\"wd-accordion-title-text\">\n\t\t\t\t\t\t\t\t\t\t\t\t\t\t<span>\n\t\t\t\t\t\t\t\tZUTATEN\t\t\t\t\t\t\t<\/span>\n\t\t\t\t\t\t<\/div>\n\t\t\t\t\t\t<span class=\"wd-accordion-opener\"><\/span>\n\t\t\t\t\t<\/div>\n\n\t\t\t\t\t<div class=\"wd-accordion-content wd-entry-content\" data-accordion-index=\"0\">\n\t\t\t\t\t\t\t\t\t\t\t\t\t<p>51% Piemontesische Haseln\u00fcsse g.g.A.<br \/>\n49% wei\u00dfe Schokolade<\/p>\n<p>An einem k\u00fchlen, trockenen Ort fern von Licht und W\u00e4rmequellen aufbewahren.<\/p>\n\t\t\t\t\t\t\t\t\t\t\t<\/div>\n\t\t\t\t<\/div>\n\t\t\t\t\t\t\t\n\t\t\t\t\n\t\t\t\t<div class=\"wd-accordion-item\">\n\t\t\t\t\t<div class=\"wd-accordion-title wd-role-btn font-primary wd-fontsize-s wd-font-weight-600\" data-accordion-index=\"1\" tabindex=\"0\">\n\t\t\t\t\t\t<div class=\"wd-accordion-title-text\">\n\t\t\t\t\t\t\t\t\t\t\t\t\t\t<span>\n\t\t\t\t\t\t\t\tN\u00e4hrwertangaben pro 100 g Produkt\t\t\t\t\t\t\t<\/span>\n\t\t\t\t\t\t<\/div>\n\t\t\t\t\t\t<span class=\"wd-accordion-opener\"><\/span>\n\t\t\t\t\t<\/div>\n\n\t\t\t\t\t<div class=\"wd-accordion-content wd-entry-content\" data-accordion-index=\"1\">\n\t\t\t\t\t\t\t\t\t\t\t\t\t<p>KJ 2620<br \/>\nKcal 632<br \/>\nFett 51 g<br \/>\ndavon ges\u00e4ttigt 15 g<br \/>\nKohlenhydrate 31 g<br \/>\ndavon Zucker 28 g<br \/>\nFasern 4,5 g<br \/>\nProtein 10 g<br \/>\nNatrium 0,011 g<\/p>\n\t\t\t\t\t\t\t\t\t\t\t<\/div>\n\t\t\t\t<\/div>\n\t\t\t\t\t\t\t\t\t\t\t\t\t\t<\/div>\n\n\t\t[\/vc_column][\/vc_row]<\/p>\n<\/div>","protected":false},"excerpt":{"rendered":"<h4>Verpackung: 150g<\/h4>\n","protected":false},"featured_media":9511,"comment_status":"closed","ping_status":"closed","template":"","meta":[],"product_brand":[],"product_cat":[181,182],"product_tag":[],"class_list":{"0":"post-10464","1":"product","2":"type-product","3":"status-publish","4":"has-post-thumbnail","6":"product_cat-haselnusse","7":"product_cat-uberzogene-haselnussen","9":"first","10":"instock","11":"taxable","12":"shipping-taxable","13":"purchasable","14":"product-type-simple"},"_links":{"self":[{"href":"https:\/\/laregalenocciole.com\/de\/wp-json\/wp\/v2\/product\/10464","targetHints":{"allow":["GET"]}}],"collection":[{"href":"https:\/\/laregalenocciole.com\/de\/wp-json\/wp\/v2\/product"}],"about":[{"href":"https:\/\/laregalenocciole.com\/de\/wp-json\/wp\/v2\/types\/product"}],"replies":[{"embeddable":true,"href":"https:\/\/laregalenocciole.com\/de\/wp-json\/wp\/v2\/comments?post=10464"}],"wp:featuredmedia":[{"embeddable":true,"href":"https:\/\/laregalenocciole.com\/de\/wp-json\/wp\/v2\/media\/9511"}],"wp:attachment":[{"href":"https:\/\/laregalenocciole.com\/de\/wp-json\/wp\/v2\/media?parent=10464"}],"wp:term":[{"taxonomy":"product_brand","embeddable":true,"href":"https:\/\/laregalenocciole.com\/de\/wp-json\/wp\/v2\/product_brand?post=10464"},{"taxonomy":"product_cat","embeddable":true,"href":"https:\/\/laregalenocciole.com\/de\/wp-json\/wp\/v2\/product_cat?post=10464"},{"taxonomy":"product_tag","embeddable":true,"href":"https:\/\/laregalenocciole.com\/de\/wp-json\/wp\/v2\/product_tag?post=10464"}],"curies":[{"name":"wp","href":"https:\/\/api.w.org\/{rel}","templated":true}]}}