{"id":10730,"date":"2022-04-02T08:44:11","date_gmt":"2022-04-02T08:44:11","guid":{"rendered":"https:\/\/laregalenocciole.com\/prodotto\/gerostete-haselnusse-mit-schokoladenuberzug\/"},"modified":"2025-10-21T13:27:55","modified_gmt":"2025-10-21T13:27:55","slug":"gerostete-haselnusse-mit-schokoladenuberzug","status":"publish","type":"product","link":"https:\/\/laregalenocciole.com\/de\/prodotto\/gerostete-haselnusse-mit-schokoladenuberzug\/","title":{"rendered":"Ger\u00f6stete Haseln\u00fcsse mit Schokoladen\u00fcberzug"},"content":{"rendered":"<div class=\"wpb-content-wrapper\"><p>[vc_row][vc_column css=&#8220;.vc_custom_1493038156710{margin-bottom: -15px !important;}&#8220;]\n\t\t<div id=\"wd-67544f764b2d4\" class=\"title-wrapper wd-wpb wd-set-mb reset-last-child  wd-rs-67544f764b2d4 wd-title-color-default wd-title-style-default text-left  wd-title-empty wd-underline-colored-alt\">\n\t\t\t\n\t\t\t<div class=\"liner-continer\">\n\t\t\t\t<h4 class=\"woodmart-title-container title  wd-font-weight- wd-fontsize-m\" ><\/h4>\n\t\t\t\t\t\t\t<\/div>\n\t\t\t\n\t\t\t\n\t\t\t\n\t\t<\/div>\n\t\t\n\t\t[\/vc_column][\/vc_row][vc_row][vc_column css=&#8220;.vc_custom_1493038156710{margin-bottom: -15px !important;}&#8220;]\n\t\t<div id=\"wd-62cd71693e6a1\" class=\"title-wrapper wd-wpb wd-set-mb reset-last-child  wd-rs-62cd71693e6a1 wd-title-color-default wd-title-style-default text-left  wd-underline-colored\">\n\t\t\t\n\t\t\t<div class=\"liner-continer\">\n\t\t\t\t<h4 class=\"woodmart-title-container title  wd-font-weight- wd-fontsize-m\" >Ideal als Geschenk f\u00fcr einen besonderen Anlass.<\/h4>\n\t\t\t\t\t\t\t<\/div>\n\t\t\t\n\t\t\t\n\t\t\t\n\t\t<\/div>\n\t\t\n\t\t[\/vc_column][vc_column]\t\t<div id=\"wd-62cd71740fe6d\" class=\"wd-text-block wd-wpb reset-last-child wd-rs-62cd71740fe6d text-left \">\n\t\t\t<p>Im Inneren befindet sich eine Auswahl von 3 Sorten \u00fcberzogener Haseln\u00fcsse, die alle entdeckt und gekostet werden k\u00f6nnen!<\/p>\n\t\t<\/div>\n\t\t[\/vc_column][\/vc_row][vc_row][vc_column]\n\t\t<div id=\"wd-6234a113da9dd\" class=\"wd-accordion wd-wpb wd-rs-6234a113da9dd  wd-style-default wd-titles-left wd-opener-pos-left wd-opener-style-arrow\" data-state=\"all_closed\">\n\t\t\t\t\t\t\t\n\t\t\t\t\n\t\t\t\t<div class=\"wd-accordion-item\">\n\t\t\t\t\t<div class=\"wd-accordion-title wd-role-btn font-primary wd-fontsize-s wd-font-weight-600\" data-accordion-index=\"0\" tabindex=\"0\">\n\t\t\t\t\t\t<div class=\"wd-accordion-title-text\">\n\t\t\t\t\t\t\t\t\t\t\t\t\t\t<span>\n\t\t\t\t\t\t\t\tZUTATEN\t\t\t\t\t\t\t<\/span>\n\t\t\t\t\t\t<\/div>\n\t\t\t\t\t\t<span class=\"wd-accordion-opener\"><\/span>\n\t\t\t\t\t<\/div>\n\n\t\t\t\t\t<div class=\"wd-accordion-content wd-entry-content\" data-accordion-index=\"0\">\n\t\t\t\t\t\t\t\t\t\t\t\t\t<p>Inhalt<\/p>\n<p>1 Glas ger\u00f6stete Haseln\u00fcsse mit Schokoladen\u00fcberzug (150 g)<br \/>\nDie Bitterkeit der Zartbitterschokolade trifft auf die zarte S\u00fc\u00dfe der vorger\u00f6steten Haseln\u00fcsse, um deren Geschmack zu verst\u00e4rken.<\/p>\n<p>1 Glas ger\u00f6stete Haseln\u00fcsse mit wei\u00dfer Schokolade \u00fcberzogen<br \/>\nSanft ger\u00f6stete Haseln\u00fcsse, umh\u00fcllt von einer leichten Schicht aus s\u00fc\u00dfer, zarter wei\u00dfer Schokolade.<br \/>\n51% Piemontesische Haseln\u00fcsse g.g.A.<br \/>\n49% wei\u00dfe Schokolade<\/p>\n<p>1 Glas ger\u00f6stete Haseln\u00fcsse mit Schokoladen\u00fcberzug (150 g)<br \/>\nDie Bitterkeit der Zartbitterschokolade trifft auf die zarte S\u00fc\u00dfe der vorger\u00f6steten Haseln\u00fcsse, um deren Geschmack zu verst\u00e4rken.<\/p>\n<p>100% Piemontesische Haseln\u00fcsse g.g.A.<\/p>\n\t\t\t\t\t\t\t\t\t\t\t<\/div>\n\t\t\t\t<\/div>\n\t\t\t\t\t\t\t\n\t\t\t\t\n\t\t\t\t<div class=\"wd-accordion-item\">\n\t\t\t\t\t<div class=\"wd-accordion-title wd-role-btn font-primary wd-fontsize-s wd-font-weight-600\" data-accordion-index=\"1\" tabindex=\"0\">\n\t\t\t\t\t\t<div class=\"wd-accordion-title-text\">\n\t\t\t\t\t\t\t\t\t\t\t\t\t\t<span>\n\t\t\t\t\t\t\t\tN\u00e4hrwertangaben pro 100 g Produkt\t\t\t\t\t\t\t<\/span>\n\t\t\t\t\t\t<\/div>\n\t\t\t\t\t\t<span class=\"wd-accordion-opener\"><\/span>\n\t\t\t\t\t<\/div>\n\n\t\t\t\t\t<div class=\"wd-accordion-content wd-entry-content\" data-accordion-index=\"1\">\n\t\t\t\t\t\t\t\t\t\t\t\t\t<p>Ger\u00f6stete Haseln\u00fcsse mit Schokoladen\u00fcberzug<br \/>\nKJ 2487<br \/>\nKcal 600<br \/>\nFett 46,16 g<br \/>\ndavon ges\u00e4ttigt 11,85 g<br \/>\nKohlenhydrate 33,28 g<br \/>\ndavon Zucker 27,41 g<br \/>\nFasern 7,01 g<br \/>\nProtein 9,24 g<br \/>\nNatrium 0,011 g<\/p>\n<p>Ger\u00f6stete Haseln\u00fcsse mit wei\u00dfer Schokolade \u00fcberzogen:<br \/>\nKJ 2620<br \/>\nKcal 632<br \/>\nFett 51 g<br \/>\ndavon ges\u00e4ttigt 15 g<br \/>\nKohlenhydrate 31 g<br \/>\ndavon Zucker 28 g<br \/>\nFasern 4,5 g<br \/>\nProtein 10 g<br \/>\nNatrium 0,011 g<\/p>\n\t\t\t\t\t\t\t\t\t\t\t<\/div>\n\t\t\t\t<\/div>\n\t\t\t\t\t\t\t\t\t\t\t\t\t\t<\/div>\n\n\t\t[\/vc_column][\/vc_row]<\/p>\n<\/div>","protected":false},"excerpt":{"rendered":"<p><span style=\"color: #ff0000;\"><strong>Hinweis:<\/strong><\/span> Wegen der Ersch\u00f6pfung der mit Ruby-Schokolade \u00fcberzogenen ger\u00f6steten Haseln\u00fcsse werden diese durch mit karamellisierter wei\u00dfer Schokolade \u00fcberzogene ger\u00f6stete Haseln\u00fcsse ersetzt.<\/p>\n<h4><\/h4>\n<h4>Paket: 150 g x 3<\/h4>\n<p>&nbsp;<\/p>\n","protected":false},"featured_media":9363,"comment_status":"closed","ping_status":"closed","template":"","meta":[],"product_brand":[],"product_cat":[207,181,182],"product_tag":[],"class_list":{"0":"post-10730","1":"product","2":"type-product","3":"status-publish","4":"has-post-thumbnail","6":"product_cat-besondere-verpackungen","7":"product_cat-haselnusse","8":"product_cat-uberzogene-haselnussen","10":"first","11":"instock","12":"taxable","13":"shipping-taxable","14":"purchasable","15":"product-type-simple"},"_links":{"self":[{"href":"https:\/\/laregalenocciole.com\/de\/wp-json\/wp\/v2\/product\/10730","targetHints":{"allow":["GET"]}}],"collection":[{"href":"https:\/\/laregalenocciole.com\/de\/wp-json\/wp\/v2\/product"}],"about":[{"href":"https:\/\/laregalenocciole.com\/de\/wp-json\/wp\/v2\/types\/product"}],"replies":[{"embeddable":true,"href":"https:\/\/laregalenocciole.com\/de\/wp-json\/wp\/v2\/comments?post=10730"}],"wp:featuredmedia":[{"embeddable":true,"href":"https:\/\/laregalenocciole.com\/de\/wp-json\/wp\/v2\/media\/9363"}],"wp:attachment":[{"href":"https:\/\/laregalenocciole.com\/de\/wp-json\/wp\/v2\/media?parent=10730"}],"wp:term":[{"taxonomy":"product_brand","embeddable":true,"href":"https:\/\/laregalenocciole.com\/de\/wp-json\/wp\/v2\/product_brand?post=10730"},{"taxonomy":"product_cat","embeddable":true,"href":"https:\/\/laregalenocciole.com\/de\/wp-json\/wp\/v2\/product_cat?post=10730"},{"taxonomy":"product_tag","embeddable":true,"href":"https:\/\/laregalenocciole.com\/de\/wp-json\/wp\/v2\/product_tag?post=10730"}],"curies":[{"name":"wp","href":"https:\/\/api.w.org\/{rel}","templated":true}]}}