{"id":10795,"date":"2022-03-23T10:26:55","date_gmt":"2022-03-23T10:26:55","guid":{"rendered":"https:\/\/laregalenocciole.com\/prodotto\/bio-suesse-trueffel\/"},"modified":"2022-10-14T12:41:48","modified_gmt":"2022-10-14T12:41:48","slug":"bio-suesse-trueffel","status":"publish","type":"product","link":"https:\/\/laregalenocciole.com\/de\/prodotto\/bio-suesse-trueffel\/","title":{"rendered":"BIO S\u00fc\u00dfe Tr\u00fcffel"},"content":{"rendered":"<div class=\"wpb-content-wrapper\"><p>[vc_row][vc_column css=&#8220;.vc_custom_1493038156710{margin-bottom: -15px !important;}&#8220;]\n\t\t<div id=\"wd-623b0052db608\" class=\"title-wrapper wd-wpb wd-set-mb reset-last-child  wd-rs-623b0052db608 wd-title-color-default wd-title-style-default text-left  wd-underline-colored\">\n\t\t\t\n\t\t\t<div class=\"liner-continer\">\n\t\t\t\t<h4 class=\"woodmart-title-container title  wd-font-weight- wd-fontsize-m\" >Verpackung mit 10 Tr\u00fcffeln<\/h4>\n\t\t\t\t\t\t\t<\/div>\n\t\t\t\n\t\t\t\n\t\t\t\n\t\t<\/div>\n\t\t\n\t\t[\/vc_column][vc_column]\t\t<div id=\"wd-623b0065ee2ad\" class=\"wd-text-block wd-wpb reset-last-child wd-rs-623b0065ee2ad text-left \">\n\t\t\t<p>Eine Explosion von Geschmack und Knusprigkeit! Ger\u00f6stete gehackte piemontesische Haseln\u00fcsse g.g.A, mit Zartbitterschokolade \u00fcberzogen und mit Kakaopulver getr\u00fcffelt.<\/p>\n\t\t<\/div>\n\t\t[\/vc_column][\/vc_row][vc_row][vc_column]\n\t\t<div id=\"wd-6234a113da9dd\" class=\"wd-accordion wd-wpb wd-rs-6234a113da9dd  wd-style-default wd-titles-left wd-opener-pos-left wd-opener-style-arrow\" data-state=\"all_closed\">\n\t\t\t\t\t\t\t\n\t\t\t\t\n\t\t\t\t<div class=\"wd-accordion-item\">\n\t\t\t\t\t<div class=\"wd-accordion-title wd-role-btn font-primary wd-fontsize-s wd-font-weight-600\" data-accordion-index=\"0\" tabindex=\"0\">\n\t\t\t\t\t\t<div class=\"wd-accordion-title-text\">\n\t\t\t\t\t\t\t\t\t\t\t\t\t\t<span>\n\t\t\t\t\t\t\t\tZUTATEN\t\t\t\t\t\t\t<\/span>\n\t\t\t\t\t\t<\/div>\n\t\t\t\t\t\t<span class=\"wd-accordion-opener\"><\/span>\n\t\t\t\t\t<\/div>\n\n\t\t\t\t\t<div class=\"wd-accordion-content wd-entry-content\" data-accordion-index=\"0\">\n\t\t\t\t\t\t\t\t\t\t\t\t\t<p>50% Haseln\u00fcsse* (ger\u00f6stete gehackte Haseln\u00fcsse*, Haselnusspaste*)<br \/>\n48% Dunkle Schokolade* (Kakaopaste*, Rohrzucker*, Kakaobutter*. Emulgator: Sojalecithin. Vanilleextrakt*. Kakao mindestens 60%), Kakaopulver*.<br \/>\nKann Spuren von anderen N\u00fcssen<br \/>\nLaktose und Milcheiwei\u00df enthalten. Glutenfrei.<br \/>\n<strong>*Biologico.<\/strong><\/p>\n<p>K\u00fchl, trocken und vor Licht und W\u00e4rmequellen gesch\u00fctzt aufbewahren.<br \/>\nDas Produkt unterliegt einem nat\u00fcrlichen Gewichtsverlust.<\/p>\n\t\t\t\t\t\t\t\t\t\t\t<\/div>\n\t\t\t\t<\/div>\n\t\t\t\t\t\t\t\n\t\t\t\t\n\t\t\t\t<div class=\"wd-accordion-item\">\n\t\t\t\t\t<div class=\"wd-accordion-title wd-role-btn font-primary wd-fontsize-s wd-font-weight-600\" data-accordion-index=\"1\" tabindex=\"0\">\n\t\t\t\t\t\t<div class=\"wd-accordion-title-text\">\n\t\t\t\t\t\t\t\t\t\t\t\t\t\t<span>\n\t\t\t\t\t\t\t\tn\u00e4hrwert pro 100 gramm des produkts\t\t\t\t\t\t\t<\/span>\n\t\t\t\t\t\t<\/div>\n\t\t\t\t\t\t<span class=\"wd-accordion-opener\"><\/span>\n\t\t\t\t\t<\/div>\n\n\t\t\t\t\t<div class=\"wd-accordion-content wd-entry-content\" data-accordion-index=\"1\">\n\t\t\t\t\t\t\t\t\t\t\t\t\t<p>KJ 2,352<br \/>\nKcal 567<br \/>\nFett 41 g<br \/>\ndavon ges\u00e4ttigt 12 g<br \/>\nKohlenhydrate 33 g<br \/>\ndavon Zucker 28g<br \/>\nFasern 8,5 g<br \/>\nProtein 12 g<br \/>\nSalz 0,105 g<\/p>\n\t\t\t\t\t\t\t\t\t\t\t<\/div>\n\t\t\t\t<\/div>\n\t\t\t\t\t\t\t\t\t\t\t\t\t\t<\/div>\n\n\t\t[\/vc_column][\/vc_row]<\/p>\n<\/div>","protected":false},"excerpt":{"rendered":"<h4>Verpackung mit 10 Tr\u00fcffeln<\/h4>\n","protected":false},"featured_media":9571,"comment_status":"closed","ping_status":"closed","template":"","meta":[],"product_brand":[],"product_cat":[207,211],"product_tag":[],"class_list":{"0":"post-10795","1":"product","2":"type-product","3":"status-publish","4":"has-post-thumbnail","6":"product_cat-besondere-verpackungen","7":"product_cat-truffel","9":"first","10":"outofstock","11":"taxable","12":"shipping-taxable","13":"purchasable","14":"product-type-simple"},"_links":{"self":[{"href":"https:\/\/laregalenocciole.com\/de\/wp-json\/wp\/v2\/product\/10795","targetHints":{"allow":["GET"]}}],"collection":[{"href":"https:\/\/laregalenocciole.com\/de\/wp-json\/wp\/v2\/product"}],"about":[{"href":"https:\/\/laregalenocciole.com\/de\/wp-json\/wp\/v2\/types\/product"}],"replies":[{"embeddable":true,"href":"https:\/\/laregalenocciole.com\/de\/wp-json\/wp\/v2\/comments?post=10795"}],"wp:featuredmedia":[{"embeddable":true,"href":"https:\/\/laregalenocciole.com\/de\/wp-json\/wp\/v2\/media\/9571"}],"wp:attachment":[{"href":"https:\/\/laregalenocciole.com\/de\/wp-json\/wp\/v2\/media?parent=10795"}],"wp:term":[{"taxonomy":"product_brand","embeddable":true,"href":"https:\/\/laregalenocciole.com\/de\/wp-json\/wp\/v2\/product_brand?post=10795"},{"taxonomy":"product_cat","embeddable":true,"href":"https:\/\/laregalenocciole.com\/de\/wp-json\/wp\/v2\/product_cat?post=10795"},{"taxonomy":"product_tag","embeddable":true,"href":"https:\/\/laregalenocciole.com\/de\/wp-json\/wp\/v2\/product_tag?post=10795"}],"curies":[{"name":"wp","href":"https:\/\/api.w.org\/{rel}","templated":true}]}}