{"id":10801,"date":"2022-03-23T09:10:27","date_gmt":"2022-03-23T09:10:27","guid":{"rendered":"https:\/\/laregalenocciole.com\/prodotto\/bio-gerostete-gehackte-haselnusse\/"},"modified":"2022-10-14T12:48:55","modified_gmt":"2022-10-14T12:48:55","slug":"bio-gerostete-gehackte-haselnusse","status":"publish","type":"product","link":"https:\/\/laregalenocciole.com\/de\/prodotto\/bio-gerostete-gehackte-haselnusse\/","title":{"rendered":"BIO ger\u00f6stete gehackte Haseln\u00fcsse"},"content":{"rendered":"<div class=\"wpb-content-wrapper\"><p>[vc_row][vc_column css=&#8220;.vc_custom_1493038156710{margin-bottom: -15px !important;}&#8220;]\n\t\t<div id=\"wd-623ae4e387fb3\" class=\"title-wrapper wd-wpb wd-set-mb reset-last-child  wd-rs-623ae4e387fb3 wd-title-color-default wd-title-style-default text-left  wd-underline-colored\">\n\t\t\t\n\t\t\t<div class=\"liner-continer\">\n\t\t\t\t<h4 class=\"woodmart-title-container title  wd-font-weight- wd-fontsize-m\" >Ideal f\u00fcr die Zubereitung von Desserts.<\/h4>\n\t\t\t\t\t\t\t<\/div>\n\t\t\t\n\t\t\t\n\t\t\t\n\t\t<\/div>\n\t\t\n\t\t[\/vc_column][vc_column]\t\t<div id=\"wd-62cc260d20d6e\" class=\"wd-text-block wd-wpb reset-last-child wd-rs-62cc260d20d6e text-left \">\n\t\t\t<p>Die ger\u00f6steten gehackten piemontesischen Haseln\u00fcsse g.g.A. sind ideal f\u00fcr die Zubereitung von Desserts, k\u00f6nnen aber auch Salaten beigef\u00fcgt werden oder um frischen und gereiften K\u00e4sesorten eine knusprige Note zu verleihen und sie geschmacklich zu verfeinern Seine Verwendung ist sehr vielseitig.<\/p>\n\t\t<\/div>\n\t\t[\/vc_column][\/vc_row][vc_row][vc_column]\n\t\t<div id=\"wd-6234a113da9dd\" class=\"wd-accordion wd-wpb wd-rs-6234a113da9dd  wd-style-default wd-titles-left wd-opener-pos-left wd-opener-style-arrow\" data-state=\"all_closed\">\n\t\t\t\t\t\t\t\n\t\t\t\t\n\t\t\t\t<div class=\"wd-accordion-item\">\n\t\t\t\t\t<div class=\"wd-accordion-title wd-role-btn font-primary wd-fontsize-s wd-font-weight-600\" data-accordion-index=\"0\" tabindex=\"0\">\n\t\t\t\t\t\t<div class=\"wd-accordion-title-text\">\n\t\t\t\t\t\t\t\t\t\t\t\t\t\t<span>\n\t\t\t\t\t\t\t\tZUTATEN\t\t\t\t\t\t\t<\/span>\n\t\t\t\t\t\t<\/div>\n\t\t\t\t\t\t<span class=\"wd-accordion-opener\"><\/span>\n\t\t\t\t\t<\/div>\n\n\t\t\t\t\t<div class=\"wd-accordion-content wd-entry-content\" data-accordion-index=\"0\">\n\t\t\t\t\t\t\t\t\t\t\t\t\t<p>BIO Piemontesische Haseln\u00fcsse g.g.A.<\/p>\n<p>An einem k\u00fchlen, trockenen Ort fern von Licht und W\u00e4rmequellen aufbewahren.<br \/>\nProdukt unterliegt einem nat\u00fcrlichen Gewichtsverlust.<br \/>\nUna volta aperta la confezione consumare entro pochi giorni.<\/p>\n\t\t\t\t\t\t\t\t\t\t\t<\/div>\n\t\t\t\t<\/div>\n\t\t\t\t\t\t\t\n\t\t\t\t\n\t\t\t\t<div class=\"wd-accordion-item\">\n\t\t\t\t\t<div class=\"wd-accordion-title wd-role-btn font-primary wd-fontsize-s wd-font-weight-600\" data-accordion-index=\"1\" tabindex=\"0\">\n\t\t\t\t\t\t<div class=\"wd-accordion-title-text\">\n\t\t\t\t\t\t\t\t\t\t\t\t\t\t<span>\n\t\t\t\t\t\t\t\tN\u00e4hrwertangaben pro 100 g Produkt\t\t\t\t\t\t\t<\/span>\n\t\t\t\t\t\t<\/div>\n\t\t\t\t\t\t<span class=\"wd-accordion-opener\"><\/span>\n\t\t\t\t\t<\/div>\n\n\t\t\t\t\t<div class=\"wd-accordion-content wd-entry-content\" data-accordion-index=\"1\">\n\t\t\t\t\t\t\t\t\t\t\t\t\t<p>KJ 2711<br \/>\nKcal 656<br \/>\nFett 58 g<br \/>\ndavon ges\u00e4ttigt 4,5 g<br \/>\nKohlenhydrate 15 g<br \/>\ndavon Zucker 4,3 g<br \/>\nFasern 9 g<br \/>\nProtein 14 g<br \/>\nSalz &lt;0,01 g<\/p>\n\t\t\t\t\t\t\t\t\t\t\t<\/div>\n\t\t\t\t<\/div>\n\t\t\t\t\t\t\t\t\t\t\t\t\t\t<\/div>\n\n\t\t[\/vc_column][\/vc_row]<\/p>\n<\/div>","protected":false},"excerpt":{"rendered":"<h4>Packungen: 500g &#8211; 1Kg<\/h4>\n","protected":false},"featured_media":9551,"comment_status":"closed","ping_status":"closed","template":"","meta":[],"product_brand":[],"product_cat":[209],"product_tag":[],"class_list":{"0":"post-10801","1":"product","2":"type-product","3":"status-publish","4":"has-post-thumbnail","6":"product_cat-gehackte-haselnusse","8":"first","9":"instock","10":"taxable","11":"shipping-taxable","12":"product-type-grouped"},"_links":{"self":[{"href":"https:\/\/laregalenocciole.com\/de\/wp-json\/wp\/v2\/product\/10801","targetHints":{"allow":["GET"]}}],"collection":[{"href":"https:\/\/laregalenocciole.com\/de\/wp-json\/wp\/v2\/product"}],"about":[{"href":"https:\/\/laregalenocciole.com\/de\/wp-json\/wp\/v2\/types\/product"}],"replies":[{"embeddable":true,"href":"https:\/\/laregalenocciole.com\/de\/wp-json\/wp\/v2\/comments?post=10801"}],"wp:featuredmedia":[{"embeddable":true,"href":"https:\/\/laregalenocciole.com\/de\/wp-json\/wp\/v2\/media\/9551"}],"wp:attachment":[{"href":"https:\/\/laregalenocciole.com\/de\/wp-json\/wp\/v2\/media?parent=10801"}],"wp:term":[{"taxonomy":"product_brand","embeddable":true,"href":"https:\/\/laregalenocciole.com\/de\/wp-json\/wp\/v2\/product_brand?post=10801"},{"taxonomy":"product_cat","embeddable":true,"href":"https:\/\/laregalenocciole.com\/de\/wp-json\/wp\/v2\/product_cat?post=10801"},{"taxonomy":"product_tag","embeddable":true,"href":"https:\/\/laregalenocciole.com\/de\/wp-json\/wp\/v2\/product_tag?post=10801"}],"curies":[{"name":"wp","href":"https:\/\/api.w.org\/{rel}","templated":true}]}}