{"id":11351,"date":"2022-11-10T20:45:45","date_gmt":"2022-11-10T20:45:45","guid":{"rendered":"https:\/\/laregalenocciole.com\/?post_type=product&#038;p=11351"},"modified":"2022-12-09T14:41:00","modified_gmt":"2022-12-09T14:41:00","slug":"handcreme","status":"publish","type":"product","link":"https:\/\/laregalenocciole.com\/de\/prodotto\/handcreme\/","title":{"rendered":"Handcreme"},"content":{"rendered":"<div class=\"wpb-content-wrapper\"><p>[vc_row][vc_column css=&#8220;.vc_custom_1493038156710{margin-bottom: -15px !important;}&#8220;]\n\t\t<div id=\"wd-637217038c4c4\" class=\"title-wrapper wd-wpb wd-set-mb reset-last-child  wd-rs-637217038c4c4 wd-title-color-default wd-title-style-default text-left  wd-underline-colored\">\n\t\t\t\n\t\t\t<div class=\"liner-continer\">\n\t\t\t\t<h4 class=\"woodmart-title-container title  wd-font-weight- wd-fontsize-m\" >Sch\u00fctzt vor dem Austrocknen und befeuchtet die Haut der H\u00e4nde.<\/h4>\n\t\t\t\t\t\t\t<\/div>\n\t\t\t\n\t\t\t\n\t\t\t\n\t\t<\/div>\n\t\t\n\t\t[\/vc_column][vc_column]\t\t<div id=\"wd-6372175b2b018\" class=\"wd-text-block wd-wpb reset-last-child wd-rs-6372175b2b018 text-left \">\n\t\t\t<p>Mit den n\u00e4hrenden Eigenschaften von Haselnuss\u00f6l und Sheabutter sch\u00fctzt sie die Haut der H\u00e4nde vor dem Austrocknen durch scharfe Reinigungsmittel, Wind und K\u00e4lte. Mit einer Mischung aus Aloe und wertvollen Wirkstoffen angereichert, bringt sie den Feuchtigkeitsgehalt der Haut wieder ins Gleichgewicht, indem sie ihn verl\u00e4ngert, damit die H\u00e4nde immer samtig und regeneriert sind.<\/p>\n<ul>\n<li>Gen\u00e4hrte und befeuchtete Haut<\/li>\n<li>Schutz der Haut vor aggressiven \u00e4u\u00dferen Einfl\u00fcssen<\/li>\n<li>Weiche und samtige Haut<\/li>\n<\/ul>\n\t\t<\/div>\n\t\t[\/vc_column][\/vc_row][vc_row][vc_column]\n\t\t<div id=\"wd-6234a113da9dd\" class=\"wd-accordion wd-wpb wd-rs-6234a113da9dd  wd-style-default wd-titles-left wd-opener-pos-left wd-opener-style-arrow\" data-state=\"all_closed\">\n\t\t\t\t\t\t\t\n\t\t\t\t\n\t\t\t\t<div class=\"wd-accordion-item\">\n\t\t\t\t\t<div class=\"wd-accordion-title wd-role-btn font-primary wd-fontsize-s wd-font-weight-600\" data-accordion-index=\"0\" tabindex=\"0\">\n\t\t\t\t\t\t<div class=\"wd-accordion-title-text\">\n\t\t\t\t\t\t\t\t\t\t\t\t\t\t<span>\n\t\t\t\t\t\t\t\tINHALTSSTOFFE\t\t\t\t\t\t\t<\/span>\n\t\t\t\t\t\t<\/div>\n\t\t\t\t\t\t<span class=\"wd-accordion-opener\"><\/span>\n\t\t\t\t\t<\/div>\n\n\t\t\t\t\t<div class=\"wd-accordion-content wd-entry-content\" data-accordion-index=\"0\">\n\t\t\t\t\t\t\t\t\t\t\t\t\t<p>Wasser, [Water]Wasser, Caprylic\/Caprins\u00e4uretriglycerid, Glycerinstearat SE, Glyzerin, Butyrospermum parkii (Shea) Butter, Myristylmyristat, Corylus avellana (Haselnuss) Samen\u00f6l*, Cetearylalkohol, Cetylstearat, Rhus verniciflua Schalenwachs, Aloe barbadensis Blattsaft***, Avena sativa (Hafer)*** Kernextrakt, Copernicia cerifera (Carnauba) Wachs, Oryza sativa (Reis)*** Extrakt, Saccharomyces Lysat Extrakt, Benzylalkohol, Helianthus annuus (Sonnenblume) Samen\u00f6l, Parfum [Duft], [Fragrance], Xanthan, Tocopherol, Ethylhexylglyzerin, Squalen**, Benzylsalicylat, Zitronens\u00e4ure, Natriumbenzoat, Cumarin, Beta-Sitosterol, Kaliumsorbat.<\/p>\n<p>*der Firma La Regale Nocciole<br \/>\n** aus Sonnenblumen\u00f6l<br \/>\n***aus biologischem Anbau<\/p>\n<p><strong>Enth\u00e4lt: Sheabutter, Haselnuss\u00f6l***, Carnaubawachs, Beerenwachs von Rhus verniciflua, Aloe vera***, Haferextrakt***, fermentierter Reis***, Saccharomyces, nat\u00fcrliches Vitamin E.<\/strong><\/p>\n\t\t\t\t\t\t\t\t\t\t\t<\/div>\n\t\t\t\t<\/div>\n\t\t\t\t\t\t\t\n\t\t\t\t\n\t\t\t\t<div class=\"wd-accordion-item\">\n\t\t\t\t\t<div class=\"wd-accordion-title wd-role-btn font-primary wd-fontsize-s wd-font-weight-600\" data-accordion-index=\"1\" tabindex=\"0\">\n\t\t\t\t\t\t<div class=\"wd-accordion-title-text\">\n\t\t\t\t\t\t\t\t\t\t\t\t\t\t<span>\n\t\t\t\t\t\t\t\tANWENDUNG\t\t\t\t\t\t\t<\/span>\n\t\t\t\t\t\t<\/div>\n\t\t\t\t\t\t<span class=\"wd-accordion-opener\"><\/span>\n\t\t\t\t\t<\/div>\n\n\t\t\t\t\t<div class=\"wd-accordion-content wd-entry-content\" data-accordion-index=\"1\">\n\t\t\t\t\t\t\t\t\t\t\t\t\t<p>Die Creme mehrmals t\u00e4glich auf die H\u00e4nde auftragen und einmassieren, bis sie vollst\u00e4ndig eingezogen ist.<\/p>\n\t\t\t\t\t\t\t\t\t\t\t<\/div>\n\t\t\t\t<\/div>\n\t\t\t\t\t\t\t\n\t\t\t\t\n\t\t\t\t<div class=\"wd-accordion-item\">\n\t\t\t\t\t<div class=\"wd-accordion-title wd-role-btn font-primary wd-fontsize-s wd-font-weight-600\" data-accordion-index=\"2\" tabindex=\"0\">\n\t\t\t\t\t\t<div class=\"wd-accordion-title-text\">\n\t\t\t\t\t\t\t\t\t\t\t\t\t\t<span>\n\t\t\t\t\t\t\t\tBeschreibung der in der Formulierung enthaltenen Wirkstoffe\t\t\t\t\t\t\t<\/span>\n\t\t\t\t\t\t<\/div>\n\t\t\t\t\t\t<span class=\"wd-accordion-opener\"><\/span>\n\t\t\t\t\t<\/div>\n\n\t\t\t\t\t<div class=\"wd-accordion-content wd-entry-content\" data-accordion-index=\"2\">\n\t\t\t\t\t\t\t\t\t\t\t\t\t\n<ul>\n<li><strong>\u2022 Bio-Haselnuss\u00f6l der Firma La Regale Nocciole: Reich an Omega-3 und den Vitaminen E, A, PP und der Gruppe B, wirkt es antioxidativ und bek\u00e4mpft daher freie Radikale.<\/strong> Es enth\u00e4lt auch Mineralien, darunter Selen, das die Zellalterung verlangsamen kann, und Flavonoide mit entz\u00fcndungshemmender Wirkung. Haselnuss\u00f6l hat eine n\u00e4hrende, regenerierende und feuchtigkeitsspendende Wirkung auf die Haut. Dank seiner ausgezeichneten Penetration, die sehr schnell und tief geht, ist es ein hervorragender Helfer gegen Falten und Narben; es zieht schnell ein, fettet nicht und hinterl\u00e4sst einen weichen Griff.<\/li>\n<li><strong>\u2022 Sheabutter: n\u00e4hrend und sch\u00fctzend.<\/strong><\/li>\n<li><strong><em>\u2022 Aloe vera ***:<\/em><\/strong> besteht haupts\u00e4chlich aus Mucopolysacchariden, komplexen Zuckern mit heilender und reepithelialisierender Wirkung; Spurenelemente wie Mangan und Selen sowie Vitamine (A, C, E), die eine ausreichende Sauerstoffversorgung des Gewebes f\u00fcr eine bessere Durchblutung gew\u00e4hrleisten; ihre Antiradikalkraft verlangsamt auch den Zellalterungsprozess; und schlie\u00dflich Steroide mit entz\u00fcndungshemmenden Eigenschaften. Das Aloe-Gel wirkt lindernd, beruhigend und abschwellend auf entz\u00fcndetes Gewebe;<\/li>\n<li><strong>\u2022 Carnaubawachs: sch\u00fctzendes, wasserfestes Wachs, das einen Schutzfilm bildet.<\/strong><\/li>\n<li><strong>\u2022 Beerenwachs der Rhus verniciflua: besonders weichmachend und pflegend.<\/strong><\/li>\n<li><strong><em>Nat\u00fcrliches Vitamin E<\/em><\/strong>: Mischung aus antioxidativ wirkenden Tocopherolen, die aus Sonnenblumen\u00f6l gewonnen werden und reich an nat\u00fcrlichem Squalen sind.<\/li>\n<li><strong><em>\u2022 Haferextrakt ***:<\/em><\/strong> reich an essentiellen Aminos\u00e4uren, aus denen das menschliche Haar besteht, an Mineralsalzen wie Phosphor und Kalzium, die den Haarschaft st\u00e4rken; an B-, PP-, A- und E-Vitaminen, die den Stoffwechsel beschleunigen und die Ern\u00e4hrung der Zellen verbessern; an St\u00e4rke, einer Energiequelle f\u00fcr die Zellen, die \u00fcbersch\u00fcssigen Talg entfernt; an ges\u00e4ttigten und unges\u00e4ttigten Fetten, die dem Haar Glanz verleihen, indem sie es vor \u00e4u\u00dferen Einfl\u00fcssen sch\u00fctzen; an Spurenelementen, Tyrosin und Cholin, die die Haarqualit\u00e4t und -struktur verbessern.<\/li>\n<li><strong>\u2022 Saccharomyceten: tragen zur Aufrechterhaltung einer gesunden Mikrobiota bei.<\/strong> Unser K\u00f6rper beherbergt eine Vielzahl harmloser Mikroorganismen, darunter eine gro\u00dfe Anzahl guter Bakterien; diese Gruppe von Mikroorganismen wird als Mikrobiota bezeichnet<strong>.<\/strong> . Unsere Haut beherbergt mehr als 500 Bakterienarten, die die <strong>Hautmikrobiota bilden<\/strong>, ein wertvolles Schutzsystem, das dazu beitr\u00e4gt, die Haut gesund und stark zu halten.<\/li>\n<\/ul>\n<p>Die neue Entwicklung im Bereich der Hautpflege zielt auf die St\u00e4rkung der Hautmikrobiota ab, um die Haut im Gleichgewicht zu halten, insbesondere bei empfindlicher und hyperreaktiver Haut. Die Gesundheit der Haut ist eng mit dem Gleichgewicht der Mikroorganismen verbunden, die sie bev\u00f6lkern und eine erste Verteidigungslinie gegen Bedrohungen aus der \u00e4u\u00dferen Umgebung bilden. . Dies bedeutet, dass die Haut gesund bleibt, wenn das bakterielle \u00d6kosystem im Gleichgewicht und vielf\u00e4ltig ist.<\/p>\n<p>Diese Mikroorganismen, aus denen sich die Bakterienflora zusammensetzt und die in kosmetischen Formulierungen enthalten sind, sollen die Population der guten Mikroorganismen in unserer Mikrobiota st\u00e4rken und so unserem K\u00f6rper helfen, seine lebenswichtigen Aktivit\u00e4ten aufrechtzuerhalten und sich wirksam vor \u00e4u\u00dferen Aggressionen zu sch\u00fctzen.<\/p>\n<ul>\n<li><strong>\u2022 Fermentierter Reis***: Reich an Vitaminen und N\u00e4hrstoffen, h\u00e4lt er die Haut tonisiert und elastisch.<\/strong> Hat eine antioxidative Wirkung.<\/li>\n<\/ul>\n\t\t\t\t\t\t\t\t\t\t\t<\/div>\n\t\t\t\t<\/div>\n\t\t\t\t\t\t\t\t\t\t\t\t\t\t<\/div>\n\n\t\t[\/vc_column][\/vc_row]<\/p>\n<\/div>","protected":false},"excerpt":{"rendered":"<h4>Verpackung: 150g<\/h4>\n","protected":false},"featured_media":11416,"comment_status":"closed","ping_status":"closed","template":"","meta":[],"product_brand":[],"product_cat":[238],"product_tag":[],"class_list":{"0":"post-11351","1":"product","2":"type-product","3":"status-publish","4":"has-post-thumbnail","6":"product_cat-handcreme","8":"first","9":"instock","10":"taxable","11":"shipping-taxable","12":"purchasable","13":"product-type-simple"},"_links":{"self":[{"href":"https:\/\/laregalenocciole.com\/de\/wp-json\/wp\/v2\/product\/11351","targetHints":{"allow":["GET"]}}],"collection":[{"href":"https:\/\/laregalenocciole.com\/de\/wp-json\/wp\/v2\/product"}],"about":[{"href":"https:\/\/laregalenocciole.com\/de\/wp-json\/wp\/v2\/types\/product"}],"replies":[{"embeddable":true,"href":"https:\/\/laregalenocciole.com\/de\/wp-json\/wp\/v2\/comments?post=11351"}],"wp:featuredmedia":[{"embeddable":true,"href":"https:\/\/laregalenocciole.com\/de\/wp-json\/wp\/v2\/media\/11416"}],"wp:attachment":[{"href":"https:\/\/laregalenocciole.com\/de\/wp-json\/wp\/v2\/media?parent=11351"}],"wp:term":[{"taxonomy":"product_brand","embeddable":true,"href":"https:\/\/laregalenocciole.com\/de\/wp-json\/wp\/v2\/product_brand?post=11351"},{"taxonomy":"product_cat","embeddable":true,"href":"https:\/\/laregalenocciole.com\/de\/wp-json\/wp\/v2\/product_cat?post=11351"},{"taxonomy":"product_tag","embeddable":true,"href":"https:\/\/laregalenocciole.com\/de\/wp-json\/wp\/v2\/product_tag?post=11351"}],"curies":[{"name":"wp","href":"https:\/\/api.w.org\/{rel}","templated":true}]}}