{"id":11354,"date":"2022-11-10T20:49:47","date_gmt":"2022-11-10T20:49:47","guid":{"rendered":"https:\/\/laregalenocciole.com\/?post_type=product&#038;p=11354"},"modified":"2022-12-09T14:41:41","modified_gmt":"2022-12-09T14:41:41","slug":"koerpermilch","status":"publish","type":"product","link":"https:\/\/laregalenocciole.com\/de\/prodotto\/koerpermilch\/","title":{"rendered":"K\u00f6rpermilch"},"content":{"rendered":"<div class=\"wpb-content-wrapper\"><p>[vc_row][vc_column css=&#8220;.vc_custom_1493038156710{margin-bottom: -15px !important;}&#8220;]\n\t\t<div id=\"wd-636e7c486cec5\" class=\"title-wrapper wd-wpb wd-set-mb reset-last-child  wd-rs-636e7c486cec5 wd-title-color-default wd-title-style-default text-left  wd-underline-colored\">\n\t\t\t\n\t\t\t<div class=\"liner-continer\">\n\t\t\t\t<h4 class=\"woodmart-title-container title  wd-font-weight- wd-fontsize-m\" >Feuchtigkeitsspendende, n\u00e4hrende und verdichtende fl\u00fcssige Emulsion.<\/h4>\n\t\t\t\t\t\t\t<\/div>\n\t\t\t\n\t\t\t\n\t\t\t\n\t\t<\/div>\n\t\t\n\t\t[\/vc_column][vc_column]\t\t<div id=\"wd-636e7c741159f\" class=\"wd-text-block wd-wpb reset-last-child wd-rs-636e7c741159f text-left \">\n\t\t\t<p>Eine fl\u00fcssige Emulsion, die dank der Wirkung des Haselnuss\u00f6ls selbst die empfindlichste und zarteste Haut tiefgehend mit Feuchtigkeit versorgt, n\u00e4hrt und verdichtet. Sie h\u00e4lt die Haut geschmeidig. Sie h\u00e4lt die Haut geschmeidig. Die Pflanzenextrakte aus Calendula und Hagebutte sorgen f\u00fcr eine lang anhaltende beruhigende und feuchtigkeitsspendende Wirkung. Die spezielle Formel ist auch f\u00fcr sehr empfindliche Haut geeignet und hilft, die nat\u00fcrliche Schutzbarriere der Haut wiederherzustellen.<\/p>\n<ul>\n<li>Die Haut wird dank Haselnuss\u00f6l gen\u00e4hrt und verdichtet<\/li>\n<li>Beruhigende und feuchtigkeitsspendende Wirkung<\/li>\n<li>Stellt die nat\u00fcrliche Schutzbarriere der Haut wieder her<\/li>\n<\/ul>\n\t\t<\/div>\n\t\t[\/vc_column][\/vc_row][vc_row][vc_column]\n\t\t<div id=\"wd-6234a113da9dd\" class=\"wd-accordion wd-wpb wd-rs-6234a113da9dd  wd-style-default wd-titles-left wd-opener-pos-left wd-opener-style-arrow\" data-state=\"all_closed\">\n\t\t\t\t\t\t\t\n\t\t\t\t\n\t\t\t\t<div class=\"wd-accordion-item\">\n\t\t\t\t\t<div class=\"wd-accordion-title wd-role-btn font-primary wd-fontsize-s wd-font-weight-600\" data-accordion-index=\"0\" tabindex=\"0\">\n\t\t\t\t\t\t<div class=\"wd-accordion-title-text\">\n\t\t\t\t\t\t\t\t\t\t\t\t\t\t<span>\n\t\t\t\t\t\t\t\tINHALTSSTOFFE\t\t\t\t\t\t\t<\/span>\n\t\t\t\t\t\t<\/div>\n\t\t\t\t\t\t<span class=\"wd-accordion-opener\"><\/span>\n\t\t\t\t\t<\/div>\n\n\t\t\t\t\t<div class=\"wd-accordion-content wd-entry-content\" data-accordion-index=\"0\">\n\t\t\t\t\t\t\t\t\t\t\t\t\t<p>Wasser, [Water]Caprylic\/Caprins\u00e4ure-Triglycerid, Butyrospermum parkii (Shea) Butter, Stearylheptanoat, Corylus avellana (Hazel) Samen\u00f6l*, Prunus amygdalus dulcis (S\u00fc\u00dfmandel) \u00d6l, Glycerinstearat, Lavandula officinalis (Lavendel) Blumenextrakt, Calendula officinalis Blumenextrakt***, Rosa canina Fruchtextrakt***, Cetearylalkohol, Stearyl Caprylate, Parfum [Duft], [Fragrance]Benzylalkohol, Xanthangummi, Glyzerin, Helianthus annuus (Sonnenblumen) Samen\u00f6l, Natriumstearoyl-Lactylat, Tocopherol, Natrium-Lauroyl-Glutamat, Squalen**, Ethylhexylglyzerin, Coumarin, Phenoxyethanol, Beta-Sitosterol, Natriumbenzoat, Kaliumsorbat, Tetranatriumglutamatdiacetat.<\/p>\n<p>*der Firma La Regale Nocciole<br \/>\n**aus Sonnenblumen\u00f6l<br \/>\n***aus biologischem Anbau<\/p>\n<p><strong>Enth\u00e4lt: Haselnuss\u00f6l***, Sheabutter, S\u00fc\u00dfmandel\u00f6l, Lavendelextrakt, Calendulaextrakt***, Hagebuttenextrakt***, nat\u00fcrliches Vitamin E.<\/strong><\/p>\n\t\t\t\t\t\t\t\t\t\t\t<\/div>\n\t\t\t\t<\/div>\n\t\t\t\t\t\t\t\n\t\t\t\t\n\t\t\t\t<div class=\"wd-accordion-item\">\n\t\t\t\t\t<div class=\"wd-accordion-title wd-role-btn font-primary wd-fontsize-s wd-font-weight-600\" data-accordion-index=\"1\" tabindex=\"0\">\n\t\t\t\t\t\t<div class=\"wd-accordion-title-text\">\n\t\t\t\t\t\t\t\t\t\t\t\t\t\t<span>\n\t\t\t\t\t\t\t\tANWENDUNG\t\t\t\t\t\t\t<\/span>\n\t\t\t\t\t\t<\/div>\n\t\t\t\t\t\t<span class=\"wd-accordion-opener\"><\/span>\n\t\t\t\t\t<\/div>\n\n\t\t\t\t\t<div class=\"wd-accordion-content wd-entry-content\" data-accordion-index=\"1\">\n\t\t\t\t\t\t\t\t\t\t\t\t\t<p>Nach dem Baden oder Duschen gleichm\u00e4\u00dfig auf dem ganzen K\u00f6rper verteilen; wiederholte Anwendung f\u00f6rdert die Wirksamkeit. Kann auch als After-Sun-Emulsion verwendet werden.<\/p>\n\t\t\t\t\t\t\t\t\t\t\t<\/div>\n\t\t\t\t<\/div>\n\t\t\t\t\t\t\t\n\t\t\t\t\n\t\t\t\t<div class=\"wd-accordion-item\">\n\t\t\t\t\t<div class=\"wd-accordion-title wd-role-btn font-primary wd-fontsize-s wd-font-weight-600\" data-accordion-index=\"2\" tabindex=\"0\">\n\t\t\t\t\t\t<div class=\"wd-accordion-title-text\">\n\t\t\t\t\t\t\t\t\t\t\t\t\t\t<span>\n\t\t\t\t\t\t\t\tBeschreibung der in der Formulierung enthaltenen Wirkstoffe\t\t\t\t\t\t\t<\/span>\n\t\t\t\t\t\t<\/div>\n\t\t\t\t\t\t<span class=\"wd-accordion-opener\"><\/span>\n\t\t\t\t\t<\/div>\n\n\t\t\t\t\t<div class=\"wd-accordion-content wd-entry-content\" data-accordion-index=\"2\">\n\t\t\t\t\t\t\t\t\t\t\t\t\t\n<ul>\n<li><strong>\u2022 Bio-Haselnuss\u00f6l der Firma La Regale Nocciole: Reich an Omega-3 und den Vitaminen E, A, PP und der Gruppe B, wirkt es antioxidativ und bek\u00e4mpft daher freie Radikale.<\/strong> Es enth\u00e4lt auch Mineralien, darunter Selen, das die Zellalterung verlangsamen kann, und Flavonoide mit entz\u00fcndungshemmender Wirkung. Haselnuss\u00f6l hat eine n\u00e4hrende, regenerierende und feuchtigkeitsspendende Wirkung auf die Haut. Haselnuss\u00f6l hat eine n\u00e4hrende, regenerierende und feuchtigkeitsspendende Wirkung auf die Haut. Dank seiner ausgezeichneten Penetration, die sehr schnell und tief geht, ist es ein hervorragender Helfer gegen Falten und Narben; es zieht schnell ein, fettet nicht und hinterl\u00e4sst einen weichen Griff.<\/li>\n<li><strong>\u2022 S\u00fc\u00dfes Mandel\u00f6l: besteht aus einem hohen Anteil an \u00d6l- und Linols\u00e4ure und in geringerem Ma\u00dfe an Palmitin-, Stearin-, Laurin- und Myristins\u00e4ure.<\/strong> Es hat bemerkenswerte erweichende, n\u00e4hrende, hautberuhigende und hautelastische Eigenschaften. Aufgrund seiner Vielseitigkeit wird S\u00fc\u00dfmandel\u00f6l in verschiedenen dermo-kosmetischen Pr\u00e4paraten und als erweichendes und n\u00e4hrendes Gesichtsreinigungsmittel verwendet. Es verhindert das Auftreten von Dehnungsstreifen w\u00e4hrend der Schwangerschaft oder bei schneller Gewichtszunahme\/-abnahme. Beruhigend: Aufgrund seiner Zusammensetzung, die dem Talg, den die Haut normalerweise produziert, sehr \u00e4hnlich ist, wird dieses \u00d6l sehr gut von der Haut aufgenommen..<\/li>\n<li><strong><em>\u2022 Sheabutter<\/em><\/strong><strong><em>:<\/em><\/strong> n\u00e4hrend, sch\u00fctzend, elastifizierend, weichmachend, beruhigend, re-epithelialisierend und filmbildend, macht die Haut straff und fest.<\/li>\n<li><strong><em>\u2022 Ringelblumenextrakt***:<\/em><\/strong>reich an Flavonoiden und Schleimstoffen, die bemerkenswerte beruhigende Eigenschaften auf empfindliche und entz\u00fcndete Haut haben, stimuliert Re-Epithelialisierung und Schleimstoffen und fordert die Aktivit\u00e4t der dermalen Fibroblasten und damit die Kollagensynthese; das Vorhandensein von Carotinen macht es ein wertvoller Schutz gegen Sch\u00e4den durch Sonnenstrahlung verursacht.<\/li>\n<li><strong>\u2022 Estratto di lavanda: ha un\u2019azione levigante, contrasta i segni dell\u2019invecchiamento e contrasta le macchie brune.<\/strong><\/li>\n<li><strong>\u2022 Hagebuttenextrakt***: sehr reich an Vitamin C, Flavonoiden, Vitamin A und E, Fetts\u00e4uren, hat eine starke antioxidative, regenerierende und straffende Wirkung.<\/strong><\/li>\n<li><strong><em>Nat\u00fcrliches Vitamin E<\/em><\/strong>: Mischung aus antioxidativ wirkenden Tocopherolen, die aus Sonnenblumen\u00f6l gewonnen werden und reich an nat\u00fcrlichem Squalen sind.<\/li>\n<\/ul>\n\t\t\t\t\t\t\t\t\t\t\t<\/div>\n\t\t\t\t<\/div>\n\t\t\t\t\t\t\t\t\t\t\t\t\t\t<\/div>\n\n\t\t[\/vc_column][\/vc_row]<\/p>\n<\/div>","protected":false},"excerpt":{"rendered":"<h4>Flasche: 250ml<\/h4>\n","protected":false},"featured_media":11404,"comment_status":"closed","ping_status":"closed","template":"","meta":[],"product_brand":[],"product_cat":[239],"product_tag":[],"class_list":{"0":"post-11354","1":"product","2":"type-product","3":"status-publish","4":"has-post-thumbnail","6":"product_cat-korpermilch","8":"first","9":"instock","10":"taxable","11":"shipping-taxable","12":"purchasable","13":"product-type-simple"},"_links":{"self":[{"href":"https:\/\/laregalenocciole.com\/de\/wp-json\/wp\/v2\/product\/11354","targetHints":{"allow":["GET"]}}],"collection":[{"href":"https:\/\/laregalenocciole.com\/de\/wp-json\/wp\/v2\/product"}],"about":[{"href":"https:\/\/laregalenocciole.com\/de\/wp-json\/wp\/v2\/types\/product"}],"replies":[{"embeddable":true,"href":"https:\/\/laregalenocciole.com\/de\/wp-json\/wp\/v2\/comments?post=11354"}],"wp:featuredmedia":[{"embeddable":true,"href":"https:\/\/laregalenocciole.com\/de\/wp-json\/wp\/v2\/media\/11404"}],"wp:attachment":[{"href":"https:\/\/laregalenocciole.com\/de\/wp-json\/wp\/v2\/media?parent=11354"}],"wp:term":[{"taxonomy":"product_brand","embeddable":true,"href":"https:\/\/laregalenocciole.com\/de\/wp-json\/wp\/v2\/product_brand?post=11354"},{"taxonomy":"product_cat","embeddable":true,"href":"https:\/\/laregalenocciole.com\/de\/wp-json\/wp\/v2\/product_cat?post=11354"},{"taxonomy":"product_tag","embeddable":true,"href":"https:\/\/laregalenocciole.com\/de\/wp-json\/wp\/v2\/product_tag?post=11354"}],"curies":[{"name":"wp","href":"https:\/\/api.w.org\/{rel}","templated":true}]}}