{"id":11357,"date":"2022-11-10T20:52:55","date_gmt":"2022-11-10T20:52:55","guid":{"rendered":"https:\/\/laregalenocciole.com\/?post_type=product&#038;p=11357"},"modified":"2022-12-09T14:42:42","modified_gmt":"2022-12-09T14:42:42","slug":"duschgel","status":"publish","type":"product","link":"https:\/\/laregalenocciole.com\/de\/prodotto\/duschgel\/","title":{"rendered":"Duschgel"},"content":{"rendered":"<div class=\"wpb-content-wrapper\"><p>[vc_row][vc_column css=&#8220;.vc_custom_1493038156710{margin-bottom: -15px !important;}&#8220;]\n\t\t<div id=\"wd-636e79e5d3ea7\" class=\"title-wrapper wd-wpb wd-set-mb reset-last-child  wd-rs-636e79e5d3ea7 wd-title-color-default wd-title-style-default text-left  wd-underline-colored\">\n\t\t\t\n\t\t\t<div class=\"liner-continer\">\n\t\t\t\t<h4 class=\"woodmart-title-container title  wd-font-weight- wd-fontsize-m\" >Es reinigt die Haut sanft.<\/h4>\n\t\t\t\t\t\t\t<\/div>\n\t\t\t\n\t\t\t\n\t\t\t\n\t\t<\/div>\n\t\t\n\t\t[\/vc_column][vc_column]\t\t<div id=\"wd-636e7a01b963f\" class=\"wd-text-block wd-wpb reset-last-child wd-rs-636e7a01b963f text-left \">\n\t\t\t<p>Es reinigt die Haut sanft und respektiert dabei ihren physiologischen pH-Wert. Das enthaltene Haselnuss\u00f6l h\u00e4lt die Haut weich und samtig, w\u00e4hrend Pflanzenextrakte sie durch ihre antioxidative Wirkung sch\u00fctzen. Eine Kombination von Wirkstoffen mit feuchtigkeitsspendender Wirkung ahmt den nat\u00fcrlichen Feuchtigkeitsfaktor (NMF) nach und stellt ihn wieder her. Hinterl\u00e4sst einen angenehmen Duft auf der Haut.<\/p>\n<ul>\n<li>Weiche und samtige Haut dank Haselnuss\u00f6l<\/li>\n<li>Pflanzenextrakte mit antioxidativer Wirkung<\/li>\n<li>Stellt die nat\u00fcrliche Schutzbarriere der Haut wieder her<\/li>\n<\/ul>\n\t\t<\/div>\n\t\t[\/vc_column][\/vc_row][vc_row][vc_column]\n\t\t<div id=\"wd-6234a113da9dd\" class=\"wd-accordion wd-wpb wd-rs-6234a113da9dd  wd-style-default wd-titles-left wd-opener-pos-left wd-opener-style-arrow\" data-state=\"all_closed\">\n\t\t\t\t\t\t\t\n\t\t\t\t\n\t\t\t\t<div class=\"wd-accordion-item\">\n\t\t\t\t\t<div class=\"wd-accordion-title wd-role-btn font-primary wd-fontsize-s wd-font-weight-600\" data-accordion-index=\"0\" tabindex=\"0\">\n\t\t\t\t\t\t<div class=\"wd-accordion-title-text\">\n\t\t\t\t\t\t\t\t\t\t\t\t\t\t<span>\n\t\t\t\t\t\t\t\tINHALTSSTOFFE\t\t\t\t\t\t\t<\/span>\n\t\t\t\t\t\t<\/div>\n\t\t\t\t\t\t<span class=\"wd-accordion-opener\"><\/span>\n\t\t\t\t\t<\/div>\n\n\t\t\t\t\t<div class=\"wd-accordion-content wd-entry-content\" data-accordion-index=\"0\">\n\t\t\t\t\t\t\t\t\t\t\t\t\t<p>Wasser, Ammoniumlaurylsulfat, Magnesiumlaurylsulfat, Coco-betaine, Natrium-PCA, Corylus avellana (Haselnuss) Samen\u00f6l*, Punica granatum Fruchtextrakt**, Pyrus malus (Apfel) Fruchtextrakt**, Harnstoff, Glukose, Sorbitol, hydrolysiertes Weizenprotein, Panthenol, Glycin, Laurylglucosid, Parfum [Fragrance][Duftstoff], Natriumbenzoat, Guarhydroxypropyltrimoniumchlorid, Levulins\u00e4ure, Zitronens\u00e4ure, Benzylalkohol, Tetranatriumglutamatdiacetat, Natriumglutamat, Milchs\u00e4ure, Dehydroessigs\u00e4ure, Phenoxyethanol, Natriumhydroxid, Kaliumsorbat, Ethylhexylglycerin.<\/p>\n<p>*der Firma La Regale Nocciole<br \/>\n** aus biologischem Anbau<\/p>\n<p><strong>Enth\u00e4lt: Haselnuss\u00f6l**, Granatapfelextrakt**, Apfelextrakt**, aktive Mischung von Feuchtigkeitsspendern, die den nat\u00fcrlichen Feuchtigkeitsfaktor-NMF nachahmt (Harnstoff, Glycin, hydrolysiertes Weizenprotein, Panthenol, Natrium-PCA, Glukose, Sorbitol, Milchs\u00e4ure), pflanzliche Reinigungsmittel.<\/strong><\/p>\n\t\t\t\t\t\t\t\t\t\t\t<\/div>\n\t\t\t\t<\/div>\n\t\t\t\t\t\t\t\n\t\t\t\t\n\t\t\t\t<div class=\"wd-accordion-item\">\n\t\t\t\t\t<div class=\"wd-accordion-title wd-role-btn font-primary wd-fontsize-s wd-font-weight-600\" data-accordion-index=\"1\" tabindex=\"0\">\n\t\t\t\t\t\t<div class=\"wd-accordion-title-text\">\n\t\t\t\t\t\t\t\t\t\t\t\t\t\t<span>\n\t\t\t\t\t\t\t\tANWENDUNG\t\t\t\t\t\t\t<\/span>\n\t\t\t\t\t\t<\/div>\n\t\t\t\t\t\t<span class=\"wd-accordion-opener\"><\/span>\n\t\t\t\t\t<\/div>\n\n\t\t\t\t\t<div class=\"wd-accordion-content wd-entry-content\" data-accordion-index=\"1\">\n\t\t\t\t\t\t\t\t\t\t\t\t\t<p>Auf die angefeuchtete Haut einmassieren, bis ein weicher Schaum entsteht. Mit warmem Wasser absp\u00fclen.<\/p>\n\t\t\t\t\t\t\t\t\t\t\t<\/div>\n\t\t\t\t<\/div>\n\t\t\t\t\t\t\t\n\t\t\t\t\n\t\t\t\t<div class=\"wd-accordion-item\">\n\t\t\t\t\t<div class=\"wd-accordion-title wd-role-btn font-primary wd-fontsize-s wd-font-weight-600\" data-accordion-index=\"2\" tabindex=\"0\">\n\t\t\t\t\t\t<div class=\"wd-accordion-title-text\">\n\t\t\t\t\t\t\t\t\t\t\t\t\t\t<span>\n\t\t\t\t\t\t\t\tBeschreibung der in der Formulierung enthaltenen Wirkstoffe\t\t\t\t\t\t\t<\/span>\n\t\t\t\t\t\t<\/div>\n\t\t\t\t\t\t<span class=\"wd-accordion-opener\"><\/span>\n\t\t\t\t\t<\/div>\n\n\t\t\t\t\t<div class=\"wd-accordion-content wd-entry-content\" data-accordion-index=\"2\">\n\t\t\t\t\t\t\t\t\t\t\t\t\t\n<ul>\n<li><strong>Bio-Haselnuss\u00f6l der Firma La Regale Nocciole: Reich an Omega-3 und den Vitaminen E, A, PP und der Gruppe B, wirkt es antioxidativ und bek\u00e4mpft daher freie Radikale.<\/strong> Es enth\u00e4lt auch Mineralien, darunter Selen, das die Zellalterung verlangsamen kann, und Flavonoide mit entz\u00fcndungshemmender Wirkung. Haselnuss\u00f6l hat eine n\u00e4hrende, regenerierende und feuchtigkeitsspendende Wirkung auf die Haut. Dank seiner ausgezeichneten Penetration, die sehr schnell und tief geht, ist es ein hervorragender Helfer gegen Falten und Narben; es zieht schnell ein, fettet nicht und hinterl\u00e4sst einen weichen Griff.<\/li>\n<li><strong>Granatapfelextrakt**: starkes Antioxidans, reich an Mineralien, erfrischt die Haut und beugt Irritationen vor, w\u00e4hrend die nat\u00fcrliche Feuchtigkeit der Haut erhalten bleibt.<\/strong><\/li>\n<li><strong>Apfelextrakt**: mit tonisierender, lindernder und feuchtigkeitsspendender Wirkung.<\/strong><\/li>\n<li><strong>Harnstoff, Natrium-PCA, Weizenprotein, Milchs\u00e4ure: feuchtigkeitsspendende Kombination, die unseren nat\u00fcrlichen Feuchtigkeitsfaktor NMF nachahmt.<\/strong><\/li>\n<li><strong>Glycin: Aminos\u00e4urevorl\u00e4ufer von Kollagenproteinen;<\/strong><\/li>\n<li><strong>Panthenol: beruhigend, hilft bei der Zellregeneration und heilt Hautr\u00f6tungen.<\/strong> Verbessert die Barrierefunktion der Haut und ihre Elastizit\u00e4t.<\/li>\n<li><strong>Sorbitol und Glukose: wirken als Befeuchter, um das Produkt vor dem Austrocknen zu bewahren, und als Feuchthaltemittel, um Hauttrockenheit zu verhindern.<\/strong><\/li>\n<li><strong>Hydrolysiertes Weizenprotein: ein feuchtigkeitsspendender Komplex, der tief in die Haut eindringt und den Wasserhaushalt der Haut wiederherstellt.<\/strong><\/li>\n<li><strong>Reinigungsmittel auf Pflanzenbasis: Sie respektieren die Haut, ohne ihren physiologischen pH-Wert zu ver\u00e4ndern, und belasten die Umwelt nicht.<\/strong><\/li>\n<\/ul>\n\t\t\t\t\t\t\t\t\t\t\t<\/div>\n\t\t\t\t<\/div>\n\t\t\t\t\t\t\t\t\t\t\t\t\t\t<\/div>\n\n\t\t[\/vc_column][\/vc_row]<\/p>\n<\/div>","protected":false},"excerpt":{"rendered":"<h4>Flasche: 250ml<\/h4>\n","protected":false},"featured_media":11398,"comment_status":"closed","ping_status":"closed","template":"","meta":[],"product_brand":[],"product_cat":[237],"product_tag":[],"class_list":{"0":"post-11357","1":"product","2":"type-product","3":"status-publish","4":"has-post-thumbnail","6":"product_cat-duschgel","8":"first","9":"instock","10":"taxable","11":"shipping-taxable","12":"purchasable","13":"product-type-simple"},"_links":{"self":[{"href":"https:\/\/laregalenocciole.com\/de\/wp-json\/wp\/v2\/product\/11357","targetHints":{"allow":["GET"]}}],"collection":[{"href":"https:\/\/laregalenocciole.com\/de\/wp-json\/wp\/v2\/product"}],"about":[{"href":"https:\/\/laregalenocciole.com\/de\/wp-json\/wp\/v2\/types\/product"}],"replies":[{"embeddable":true,"href":"https:\/\/laregalenocciole.com\/de\/wp-json\/wp\/v2\/comments?post=11357"}],"wp:featuredmedia":[{"embeddable":true,"href":"https:\/\/laregalenocciole.com\/de\/wp-json\/wp\/v2\/media\/11398"}],"wp:attachment":[{"href":"https:\/\/laregalenocciole.com\/de\/wp-json\/wp\/v2\/media?parent=11357"}],"wp:term":[{"taxonomy":"product_brand","embeddable":true,"href":"https:\/\/laregalenocciole.com\/de\/wp-json\/wp\/v2\/product_brand?post=11357"},{"taxonomy":"product_cat","embeddable":true,"href":"https:\/\/laregalenocciole.com\/de\/wp-json\/wp\/v2\/product_cat?post=11357"},{"taxonomy":"product_tag","embeddable":true,"href":"https:\/\/laregalenocciole.com\/de\/wp-json\/wp\/v2\/product_tag?post=11357"}],"curies":[{"name":"wp","href":"https:\/\/api.w.org\/{rel}","templated":true}]}}