{"id":11636,"date":"2022-11-10T20:17:36","date_gmt":"2022-11-10T20:17:36","guid":{"rendered":"https:\/\/laregalenocciole.com\/prodotto\/antiage-gesichtscreme\/"},"modified":"2022-12-23T20:57:29","modified_gmt":"2022-12-23T20:57:29","slug":"antiage-gesichtscreme","status":"publish","type":"product","link":"https:\/\/laregalenocciole.com\/de\/prodotto\/antiage-gesichtscreme\/","title":{"rendered":"Antiage-Gesichtscreme"},"content":{"rendered":"<div class=\"wpb-content-wrapper\"><p>[vc_row][vc_column css=&#8220;.vc_custom_1493038156710{margin-bottom: -15px !important;}&#8220;]\n\t\t<div id=\"wd-63721ac3dd9bd\" class=\"title-wrapper wd-wpb wd-set-mb reset-last-child  wd-rs-63721ac3dd9bd wd-title-color-default wd-title-style-default text-left  wd-underline-colored\">\n\t\t\t\n\t\t\t<div class=\"liner-continer\">\n\t\t\t\t<h4 class=\"woodmart-title-container title  wd-font-weight- wd-fontsize-m\" >N\u00e4hrt die Haut intensiv und spendet ihr Feuchtigkeit.<\/h4>\n\t\t\t\t\t\t\t<\/div>\n\t\t\t\n\t\t\t\n\t\t\t\n\t\t<\/div>\n\t\t\n\t\t[\/vc_column][vc_column]\t\t<div id=\"wd-63721af5657b2\" class=\"wd-text-block wd-wpb reset-last-child wd-rs-63721af5657b2 text-left \">\n\t\t\t<p>N\u00e4hrt die Haut intensiv, spendet ihr Feuchtigkeit und wirkt dank der Hyalurons\u00e4ure r\u00fcckfettend. Das Haselnuss\u00f6l hat eine antioxidative und regenerierende Wirkung auf die Haut und macht sie weich und feucht. Die 3-molekulare Hyalurons\u00e4ure hydratisiert die Haut tief, erh\u00f6ht ihre Elastizit\u00e4t, f\u00fcllt die Falten von innen auf und reduziert ihre Tiefe. Vitamin C und roter Traubenextrakt wirken synergetisch als starke Antioxidantien, die der Hautalterung vorbeugen. Die Haut wirkt gestrafft, geschmeidig und hydratisiert.<\/p>\n<p><strong>Wirkung:<\/strong><\/p>\n<ul>\n<li>Reduziert die Faltentiefe, die Haut ist straff und geschmeidig<\/li>\n<li>Die Haut wirkt hydratisiert und gen\u00e4hrt dank Haselnuss\u00f6l und Hyalurons\u00e4ure<\/li>\n<li>Antioxidativ, bek\u00e4mpft die freien Radikale, die f\u00fcr die Hautalterung verantwortlich sind<\/li>\n<\/ul>\n\t\t<\/div>\n\t\t[\/vc_column][\/vc_row][vc_row][vc_column]\n\t\t<div id=\"wd-6234a113da9dd\" class=\"wd-accordion wd-wpb wd-rs-6234a113da9dd  wd-style-default wd-titles-left wd-opener-pos-left wd-opener-style-arrow\" data-state=\"all_closed\">\n\t\t\t\t\t\t\t\n\t\t\t\t\n\t\t\t\t<div class=\"wd-accordion-item\">\n\t\t\t\t\t<div class=\"wd-accordion-title wd-role-btn font-primary wd-fontsize-s wd-font-weight-600\" data-accordion-index=\"0\" tabindex=\"0\">\n\t\t\t\t\t\t<div class=\"wd-accordion-title-text\">\n\t\t\t\t\t\t\t\t\t\t\t\t\t\t<span>\n\t\t\t\t\t\t\t\tINHALTSSTOFFE\t\t\t\t\t\t\t<\/span>\n\t\t\t\t\t\t<\/div>\n\t\t\t\t\t\t<span class=\"wd-accordion-opener\"><\/span>\n\t\t\t\t\t<\/div>\n\n\t\t\t\t\t<div class=\"wd-accordion-content wd-entry-content\" data-accordion-index=\"0\">\n\t\t\t\t\t\t\t\t\t\t\t\t\t<p>Wasser, [Water], Caprylic\/capric Triglycerid, Glycerylstearatcitrat, Cetearylalkohol, Corylus avellana (Haselnuss) Samen\u00f6l*, Myristylalkohol, Myristylmyristat, Cetylpalmitat, Natriumhyaluronat, Vitis vinifera (Weintraube) Fruchtextrakt***, 3-o-Ethylascorbins\u00e4ure, Sorbitanpalmitat, Helianthus annuus (Sonnenblume) Samen\u00f6l, Tocopherol, Parfum [Duft] [Fragrance], 1,2-Hexandiol, Caprylylglykol, Squalen**, Glycerin-Caprylat, Xanthangummi, Sorbitan Olivate, Benzyl Salicylate, Tropolon, Zitronens\u00e4ure, Beta-Sitosterol, Coumarin, Natrium Benzoat, Kaliumsorbat.<\/p>\n<p>*der Firma La Regale Nocciole<br \/>\n**aus Sonnenblumen\u00f6l<br \/>\n***aus biologischem Anbau<\/p>\n<p><strong>Enth\u00e4lt<\/strong>: Haselnuss\u00f6l***, Hyalurons\u00e4ure, stabilisiertes Vitamin C, nat\u00fcrliches Vitamin E, Extrakt aus roten Trauben***.<\/p>\n\t\t\t\t\t\t\t\t\t\t\t<\/div>\n\t\t\t\t<\/div>\n\t\t\t\t\t\t\t\n\t\t\t\t\n\t\t\t\t<div class=\"wd-accordion-item\">\n\t\t\t\t\t<div class=\"wd-accordion-title wd-role-btn font-primary wd-fontsize-s wd-font-weight-600\" data-accordion-index=\"1\" tabindex=\"0\">\n\t\t\t\t\t\t<div class=\"wd-accordion-title-text\">\n\t\t\t\t\t\t\t\t\t\t\t\t\t\t<span>\n\t\t\t\t\t\t\t\tANWENDUNG\t\t\t\t\t\t\t<\/span>\n\t\t\t\t\t\t<\/div>\n\t\t\t\t\t\t<span class=\"wd-accordion-opener\"><\/span>\n\t\t\t\t\t<\/div>\n\n\t\t\t\t\t<div class=\"wd-accordion-content wd-entry-content\" data-accordion-index=\"1\">\n\t\t\t\t\t\t\t\t\t\t\t\t\t<p>Morgens und abends nach der Reinigung auf die Haut von Gesicht und Hals auftragen. Sanft einmassieren, bis sie vollst\u00e4ndig eingezogen ist.<\/p>\n\t\t\t\t\t\t\t\t\t\t\t<\/div>\n\t\t\t\t<\/div>\n\t\t\t\t\t\t\t\n\t\t\t\t\n\t\t\t\t<div class=\"wd-accordion-item\">\n\t\t\t\t\t<div class=\"wd-accordion-title wd-role-btn font-primary wd-fontsize-s wd-font-weight-600\" data-accordion-index=\"2\" tabindex=\"0\">\n\t\t\t\t\t\t<div class=\"wd-accordion-title-text\">\n\t\t\t\t\t\t\t\t\t\t\t\t\t\t<span>\n\t\t\t\t\t\t\t\tBeschreibung der in der Formulierung enthaltenen Wirkstoffe\t\t\t\t\t\t\t<\/span>\n\t\t\t\t\t\t<\/div>\n\t\t\t\t\t\t<span class=\"wd-accordion-opener\"><\/span>\n\t\t\t\t\t<\/div>\n\n\t\t\t\t\t<div class=\"wd-accordion-content wd-entry-content\" data-accordion-index=\"2\">\n\t\t\t\t\t\t\t\t\t\t\t\t\t\n<ul>\n<li><strong><em><\/em>\u2022 Bio-Haselnuss\u00f6l der Firma La Regale Nocciole: Reich an Omega-3 und den Vitaminen E, A, PP und der Gruppe B, wirkt es antioxidativ und bek\u00e4mpft daher freie Radikale.<\/strong> Es enth\u00e4lt auch Mineralien, darunter Selen, das die Zellalterung verlangsamen kann, und Flavonoide mit entz\u00fcndungshemmender Wirkung. Haselnuss\u00f6l hat eine n\u00e4hrende, regenerierende und feuchtigkeitsspendende Wirkung auf die Haut. Dank seiner ausgezeichneten Penetration, die sehr schnell und tief geht, ist es ein hervorragender Helfer gegen Falten und Narben; es zieht schnell ein, fettet nicht und hinterl\u00e4sst einen weichen Griff.<\/li>\n<li><strong><em>Hyalurons\u00e4ure aktive Mischung aus 3 Molekulargewichten<\/em><\/strong>: ein wesentlicher Bestandteil des Bindegewebes, es gibt der Haut die Eigenschaften der Widerstandsf\u00e4higkeit und Aufrechterhaltung der Form. Durch die Anwesenheit dieser 3 Molekulargewichte ist es m\u00f6glich, aus der Umwelt aufgenommene Wassermolek\u00fcle auf der Epidermisoberfl\u00e4che zu halten, was zu einer Hydratation f\u00fchrt; die Hauttranspiration, d. h. die \u00fcberm\u00e4\u00dfige Verdunstung von Wasserdampf, zu reduzieren und dank des niedrigen Molekulargewichts die Haut tief zu befeuchten. Auf diese Weise wird die Elastizit\u00e4t der Haut erh\u00f6ht, was zu einer starken Verminderung der Faltentiefe f\u00fchrt. Es beugt auch dem Austrocknen in klimatisierten Umgebungen vor, sowohl bei Hitze als auch bei K\u00e4lte.<\/li>\n<li><strong><em>Stabilisiertes Vitamin C <\/em><\/strong>: Als starkes Antioxidans hilft es, die Hautalterung zu verhindern, indem es die Kollagensynthese f\u00f6rdert und die Haut straff und elastisch h\u00e4lt. Aufgrund seiner F\u00e4higkeit, die Melaninproduktion zu hemmen, wirkt es auch als Hautaufheller.<\/li>\n<li><strong><em>Extrakt aus roten Weintrauben*** <\/em><\/strong>: mit antioxidativer Wirkung.<\/li>\n<li><strong><em>Nat\u00fcrliches Vitamin E<\/em><\/strong>: Mischung aus antioxidativ wirkenden Tocopherolen, die aus Sonnenblumen\u00f6l gewonnen werden und reich an nat\u00fcrlichem Squalen sind.<\/li>\n<\/ul>\n\t\t\t\t\t\t\t\t\t\t\t<\/div>\n\t\t\t\t<\/div>\n\t\t\t\t\t\t\t\t\t\t\t\t\t\t<\/div>\n\n\t\t[\/vc_column][\/vc_row]<\/p>\n<\/div>","protected":false},"excerpt":{"rendered":"<h4>Verpackung: 50ml<\/h4>\n","protected":false},"featured_media":11420,"comment_status":"closed","ping_status":"closed","template":"","meta":[],"product_brand":[],"product_cat":[236],"product_tag":[],"class_list":{"0":"post-11636","1":"product","2":"type-product","3":"status-publish","4":"has-post-thumbnail","6":"product_cat-gesichtscreme","8":"first","9":"instock","10":"taxable","11":"shipping-taxable","12":"purchasable","13":"product-type-simple"},"_links":{"self":[{"href":"https:\/\/laregalenocciole.com\/de\/wp-json\/wp\/v2\/product\/11636","targetHints":{"allow":["GET"]}}],"collection":[{"href":"https:\/\/laregalenocciole.com\/de\/wp-json\/wp\/v2\/product"}],"about":[{"href":"https:\/\/laregalenocciole.com\/de\/wp-json\/wp\/v2\/types\/product"}],"replies":[{"embeddable":true,"href":"https:\/\/laregalenocciole.com\/de\/wp-json\/wp\/v2\/comments?post=11636"}],"wp:featuredmedia":[{"embeddable":true,"href":"https:\/\/laregalenocciole.com\/de\/wp-json\/wp\/v2\/media\/11420"}],"wp:attachment":[{"href":"https:\/\/laregalenocciole.com\/de\/wp-json\/wp\/v2\/media?parent=11636"}],"wp:term":[{"taxonomy":"product_brand","embeddable":true,"href":"https:\/\/laregalenocciole.com\/de\/wp-json\/wp\/v2\/product_brand?post=11636"},{"taxonomy":"product_cat","embeddable":true,"href":"https:\/\/laregalenocciole.com\/de\/wp-json\/wp\/v2\/product_cat?post=11636"},{"taxonomy":"product_tag","embeddable":true,"href":"https:\/\/laregalenocciole.com\/de\/wp-json\/wp\/v2\/product_tag?post=11636"}],"curies":[{"name":"wp","href":"https:\/\/api.w.org\/{rel}","templated":true}]}}