{"id":13054,"date":"2022-03-22T15:54:32","date_gmt":"2022-03-22T15:54:32","guid":{"rendered":"https:\/\/laregalenocciole.com\/prodotto\/noccio-crock-geroesteter-haselnuss-kornriegel\/"},"modified":"2025-05-06T09:59:09","modified_gmt":"2025-05-06T09:59:09","slug":"noccio-crock-geroesteter-haselnuss-kornriegel","status":"publish","type":"product","link":"https:\/\/laregalenocciole.com\/de\/prodotto\/noccio-crock-geroesteter-haselnuss-kornriegel\/","title":{"rendered":"Noccio Crock-Ger\u00f6steter Haselnuss-Kornriegel"},"content":{"rendered":"<div class=\"wpb-content-wrapper\"><p>[vc_row][vc_column css=&#8220;.vc_custom_1493038156710{margin-bottom: -15px !important;}&#8220;]\n\t\t<div id=\"wd-6239f03ada37a\" class=\"title-wrapper wd-wpb wd-set-mb reset-last-child  wd-rs-6239f03ada37a wd-title-color-default wd-title-style-default text-left  wd-underline-colored\">\n\t\t\t\n\t\t\t<div class=\"liner-continer\">\n\t\t\t\t<h4 class=\"woodmart-title-container title  wd-font-weight- wd-fontsize-m\" >Ger\u00f6steter Haselnusskrokant<\/h4>\n\t\t\t\t\t\t\t<\/div>\n\t\t\t\n\t\t\t\n\t\t\t\n\t\t<\/div>\n\t\t\n\t\t[\/vc_column][vc_column]\t\t<div id=\"wd-62cc23655e645\" class=\"wd-text-block wd-wpb reset-last-child wd-rs-62cc23655e645 text-left \">\n\t\t\t<p>Tanken Sie Energie mit Noccio Crock, dem ger\u00f6steten Haselnuss-Honig-Krokant-Riegel. Ein energiespendender Snack mit einem umh\u00fcllenden Geschmack, der zu jeder Tageszeit oder bei k\u00f6rperlicher Aktivit\u00e4t genossen werden kann.<\/p>\n\t\t<\/div>\n\t\t[\/vc_column][\/vc_row][vc_row][vc_column]\n\t\t<div id=\"wd-6234a113da9dd\" class=\"wd-accordion wd-wpb wd-rs-6234a113da9dd  wd-style-default wd-titles-left wd-opener-pos-left wd-opener-style-arrow\" data-state=\"all_closed\">\n\t\t\t\t\t\t\t\n\t\t\t\t\n\t\t\t\t<div class=\"wd-accordion-item\">\n\t\t\t\t\t<div class=\"wd-accordion-title wd-role-btn font-primary wd-fontsize-s wd-font-weight-600\" data-accordion-index=\"0\" tabindex=\"0\">\n\t\t\t\t\t\t<div class=\"wd-accordion-title-text\">\n\t\t\t\t\t\t\t\t\t\t\t\t\t\t<span>\n\t\t\t\t\t\t\t\tINHALTSSTOFFE\t\t\t\t\t\t\t<\/span>\n\t\t\t\t\t\t<\/div>\n\t\t\t\t\t\t<span class=\"wd-accordion-opener\"><\/span>\n\t\t\t\t\t<\/div>\n\n\t\t\t\t\t<div class=\"wd-accordion-content wd-entry-content\" data-accordion-index=\"0\">\n\t\t\t\t\t\t\t\t\t\t\t\t\t<p>60% P.G.I. Piemonteser Haseln\u00fcsse<br \/>\nZucker, Glukosesirup, Pflanzen\u00f6l (Palm), Honigpulver, Milchpulver, Emulgator, Sioa-Lecithin, Aroma.<br \/>\nKann Spuren von Soja, Milch und N\u00fcssen enthalten.<\/p>\n<p>Produkt unterliegt nat\u00fcrlichem Gewichtsverlust.<br \/>\nK\u00fchl, trocken und vor W\u00e4rmequellen gesch\u00fctzt lagern.<\/p>\n\t\t\t\t\t\t\t\t\t\t\t<\/div>\n\t\t\t\t<\/div>\n\t\t\t\t\t\t\t\n\t\t\t\t\n\t\t\t\t<div class=\"wd-accordion-item\">\n\t\t\t\t\t<div class=\"wd-accordion-title wd-role-btn font-primary wd-fontsize-s wd-font-weight-600\" data-accordion-index=\"1\" tabindex=\"0\">\n\t\t\t\t\t\t<div class=\"wd-accordion-title-text\">\n\t\t\t\t\t\t\t\t\t\t\t\t\t\t<span>\n\t\t\t\t\t\t\t\tN\u00e4hrwertangaben pro 100 g Produkt\t\t\t\t\t\t\t<\/span>\n\t\t\t\t\t\t<\/div>\n\t\t\t\t\t\t<span class=\"wd-accordion-opener\"><\/span>\n\t\t\t\t\t<\/div>\n\n\t\t\t\t\t<div class=\"wd-accordion-content wd-entry-content\" data-accordion-index=\"1\">\n\t\t\t\t\t\t\t\t\t\t\t\t\t<p>KJ 2564<br \/>\nKcal 618<br \/>\nFett 48 g<br \/>\ndavon ges\u00e4ttigte Fetts\u00e4uren 6,8 g<br \/>\nKohlenhydrate 35 g<br \/>\ndavon Zucker 22 g<br \/>\nBallaststoffe 5,8 g<br \/>\nEiwei\u00df 8,6 g<br \/>\nNatrium 0,02 g<br \/>\nSalz 0,05 g<\/p>\n\t\t\t\t\t\t\t\t\t\t\t<\/div>\n\t\t\t\t<\/div>\n\t\t\t\t\t\t\t\t\t\t\t\t\t\t<\/div>\n\n\t\t[\/vc_column][\/vc_row]<\/p>\n<\/div>","protected":false},"excerpt":{"rendered":"<h4>Verpackung: 24 Riegel<\/h4>\n","protected":false},"featured_media":9519,"comment_status":"closed","ping_status":"closed","template":"","meta":[],"product_brand":[],"product_cat":[209],"product_tag":[],"class_list":{"0":"post-13054","1":"product","2":"type-product","3":"status-publish","4":"has-post-thumbnail","6":"product_cat-gehackte-haselnusse","8":"first","9":"outofstock","10":"taxable","11":"shipping-taxable","12":"purchasable","13":"product-type-simple"},"_links":{"self":[{"href":"https:\/\/laregalenocciole.com\/de\/wp-json\/wp\/v2\/product\/13054","targetHints":{"allow":["GET"]}}],"collection":[{"href":"https:\/\/laregalenocciole.com\/de\/wp-json\/wp\/v2\/product"}],"about":[{"href":"https:\/\/laregalenocciole.com\/de\/wp-json\/wp\/v2\/types\/product"}],"replies":[{"embeddable":true,"href":"https:\/\/laregalenocciole.com\/de\/wp-json\/wp\/v2\/comments?post=13054"}],"wp:featuredmedia":[{"embeddable":true,"href":"https:\/\/laregalenocciole.com\/de\/wp-json\/wp\/v2\/media\/9519"}],"wp:attachment":[{"href":"https:\/\/laregalenocciole.com\/de\/wp-json\/wp\/v2\/media?parent=13054"}],"wp:term":[{"taxonomy":"product_brand","embeddable":true,"href":"https:\/\/laregalenocciole.com\/de\/wp-json\/wp\/v2\/product_brand?post=13054"},{"taxonomy":"product_cat","embeddable":true,"href":"https:\/\/laregalenocciole.com\/de\/wp-json\/wp\/v2\/product_cat?post=13054"},{"taxonomy":"product_tag","embeddable":true,"href":"https:\/\/laregalenocciole.com\/de\/wp-json\/wp\/v2\/product_tag?post=13054"}],"curies":[{"name":"wp","href":"https:\/\/api.w.org\/{rel}","templated":true}]}}